{"id":1402,"date":"2018-08-28T13:07:59","date_gmt":"2018-08-28T10:07:59","guid":{"rendered":"http:\/\/lauska.lv\/veikals\/makslinieki\/teikas-muzikanti"},"modified":"2018-09-26T20:03:34","modified_gmt":"2018-09-26T17:03:34","slug":"teikas-muzikanti","status":"publish","type":"page","link":"https:\/\/lauska.lv\/veikals\/makslinieki-2\/teikas-muzikanti\/","title":{"rendered":"Teikas muzikanti"},"content":{"rendered":"\n<div class=\"wp-block-organic-profile-block\"><div class=\"organic-profile-content-title\"><nameartist>Teikas muzikanti<\/nameartist><hr\/><\/div><div class=\"organic-profile-content-flex\" style=\"text-align:left\"><div class=\"organic-profile-image\" style=\"background-image:url(http:\/\/lauska.lv\/veikalsbeta\/wp-content\/uploads\/sites\/6\/2018\/08\/Group_TeikasMuzikanti.jpg)\"><img decoding=\"async\" src=\"http:\/\/lauska.lv\/veikalsbeta\/wp-content\/uploads\/sites\/6\/2018\/08\/Group_TeikasMuzikanti.jpg\"\/><\/div><div class=\"organic-profile-content\" style=\"text-align:left\"><p><strong>Agate Rapa<\/strong><br\/><strong>L\u012bna Bri\u0146\u0123e<\/strong><br\/><strong>Katr\u012bna Feldmane<\/strong><br\/><strong>J\u0101nis Feldmanis<\/strong><br\/><strong>K\u0101rlis Bri\u0146\u0123is<br\/><br\/><\/strong>Tautas m\u016bzikas grupa, kura sp\u0113l\u0113 un dzied tradicion\u0101los latvie\u0161u dan\u010dus, dziesmas un rota\u013cas. Kapela apvieno muzic\u0113jo\u0161us jaunie\u0161us, kuri b\u0113rn\u012bb\u0101 satik\u0101s folkloras kop\u0101\u00a0Kokle. Gadu gait\u0101 tik\u00a0labi sadzied\u0101ju\u0161ies un sasp\u0113l\u0113ju\u0161ies, ka nol\u0113ma izveidot \u201cTeikas Muzikantus\u201d. Visi dal\u012bbnieki dz\u012bvo Teik\u0101, no kurienes ar\u012b\u00a0nosaukums.<\/p><div class=\"organic-profile-social\"><a class=\"social-link\" href=\"https:\/\/www.facebook.com\/teikasmuzikanti\/\" target=\"_blank\"><i class=\"fab fa-facebook-f\"><\/i><\/a><a class=\"social-link\" href=\"https:\/\/twitter.com\/teikasmuzikanti\" target=\"_blank\"><i class=\"fab fa-twitter\"><\/i><\/a><a class=\"social-link\" href=\"https:\/\/www.youtube.com\/channel\/UC117iT_H00JBE46hUOPWZWQ\" target=\"_blank\"><i class=\"fas fa-link\"><\/i><\/a><\/div><\/div><\/div><\/div>\n\n\n\n<h2 class=\"wp-block-heading\">Video<\/h2>\n\n\n\n<hr class=\"wp-block-separator\"\/>\n\n\n\n<figure class=\"wp-block-embed-youtube wp-block-embed is-type-video is-provider-youtube\">\n<span class=\"embed-youtube\" style=\"text-align:center; display: block;\"><iframe class=\"youtube-player\" width=\"980\" height=\"552\" src=\"https:\/\/www.youtube.com\/embed\/2TlAua8L1fo?version=3&#038;rel=1&#038;showsearch=0&#038;showinfo=1&#038;iv_load_policy=1&#038;fs=1&#038;hl=lv-LV&#038;autohide=2&#038;wmode=transparent\" allowfullscreen=\"true\" style=\"border:0;\" sandbox=\"allow-scripts allow-same-origin allow-popups allow-presentation allow-popups-to-escape-sandbox\"><\/iframe><\/span>\n<\/figure>\n","protected":false},"excerpt":{"rendered":"<p>Video<\/p>\n","protected":false},"author":2,"featured_media":0,"parent":218,"menu_order":0,"comment_status":"closed","ping_status":"closed","template":"page-group.php","meta":{"jetpack_post_was_ever_published":false,"footnotes":""},"categories":[559,579],"tags":[],"jetpack_sharing_enabled":true,"_links":{"self":[{"href":"https:\/\/lauska.lv\/veikals\/wp-json\/wp\/v2\/pages\/1402"}],"collection":[{"href":"https:\/\/lauska.lv\/veikals\/wp-json\/wp\/v2\/pages"}],"about":[{"href":"https:\/\/lauska.lv\/veikals\/wp-json\/wp\/v2\/types\/page"}],"author":[{"embeddable":true,"href":"https:\/\/lauska.lv\/veikals\/wp-json\/wp\/v2\/users\/2"}],"replies":[{"embeddable":true,"href":"https:\/\/lauska.lv\/veikals\/wp-json\/wp\/v2\/comments?post=1402"}],"version-history":[{"count":1,"href":"https:\/\/lauska.lv\/veikals\/wp-json\/wp\/v2\/pages\/1402\/revisions"}],"predecessor-version":[{"id":1431,"href":"https:\/\/lauska.lv\/veikals\/wp-json\/wp\/v2\/pages\/1402\/revisions\/1431"}],"up":[{"embeddable":true,"href":"https:\/\/lauska.lv\/veikals\/wp-json\/wp\/v2\/pages\/218"}],"wp:attachment":[{"href":"https:\/\/lauska.lv\/veikals\/wp-json\/wp\/v2\/media?parent=1402"}],"wp:term":[{"taxonomy":"category","embeddable":true,"href":"https:\/\/lauska.lv\/veikals\/wp-json\/wp\/v2\/categories?post=1402"},{"taxonomy":"post_tag","embeddable":true,"href":"https:\/\/lauska.lv\/veikals\/wp-json\/wp\/v2\/tags?post=1402"}],"curies":[{"name":"wp","href":"https:\/\/api.w.org\/{rel}","templated":true}]}}