{"id":1382,"date":"2018-08-28T12:52:24","date_gmt":"2018-08-28T09:52:24","guid":{"rendered":"http:\/\/lauska.lv\/veikals\/makslinieki\/trejasmens"},"modified":"2022-04-21T10:13:17","modified_gmt":"2022-04-21T07:13:17","slug":"trejasmens","status":"publish","type":"page","link":"https:\/\/lauska.lv\/veikals\/makslinieki-2\/trejasmens\/","title":{"rendered":"Trejasmens"},"content":{"rendered":"\n<div class=\"wp-block-organic-profile-block\"><div class=\"organic-profile-content-title\"><nameartist>Trejasmens<\/nameartist><hr\/><\/div><div class=\"organic-profile-content-flex\" style=\"text-align:left\"><div class=\"organic-profile-image\" style=\"background-image:url(http:\/\/lauska.lv\/veikalsbeta\/wp-content\/uploads\/sites\/6\/2018\/08\/Group_Trejasmens_Koderupilskalns-352.jpg)\"><img decoding=\"async\" src=\"http:\/\/lauska.lv\/veikalsbeta\/wp-content\/uploads\/sites\/6\/2018\/08\/Group_Trejasmens_Koderupilskalns-352.jpg\"\/><\/div><div class=\"organic-profile-content\" style=\"text-align:left\"><p><strong>Andrejs Planders<\/strong>\u00a0balss, bungas, d\u016bdas, stabules, varg\u0101ns<br\/><strong>Viesturs \u0100bolti\u0146\u0161<\/strong>\u00a0balss, bungas, stabules, bas\u0123it\u0101ra<br\/><strong>P\u0113teris Luka\u0161\u0113vi\u010ds<\/strong>\u00a0balss, kokle<br\/><strong>Juris Bariss<\/strong>\u00a0balss<br\/><strong>U\u0123is Urt\u0101ns<\/strong>\u00a0st\u0101stnieka balss<br\/><strong>L\u012bga Sli\u0161\u0101ne<\/strong>\u00a0balss<br\/><strong>Baiba \u0112rgle<\/strong>\u00a0balss, vijole, kokle<br\/><strong>D\u0101rta Aps\u012bte<\/strong>\u00a0balss<br\/><br\/>Ropa\u017eu tautas m\u016bzikas kopa \u201eTrejasmens\u201d, dibin\u0101ta 2000.gad\u0101. \u201eTrejasmens\u201d apvieno \u013caudis, kurus interes\u0113 ne tikai sen\u0101s latvie\u0161u tautas dziesmas, bet kuri ar\u012b cen\u0161as atveidot arheolo\u0123iskos t\u0113rpus un nodarbojas ar seno c\u012b\u0146u un citu izdar\u012bbu rekonstrukciju. \u201eTrejasmens\u201d regul\u0101ri piedal\u0101s Viduslaiku festiv\u0101los Baltij\u0101, ikgad\u0113j\u0101 festiv\u0101l\u0101 \u201eBaltijas Saule\u201d R\u012bg\u0101, k\u0101 ar\u012b citos sar\u012bkojumos.<br\/><\/p><div class=\"organic-profile-social\"><a class=\"social-link\" href=\"https:\/\/www.facebook.com\/Rodenpoys-379727205523759\/?fref=ts\" target=\"_blank\" rel=\"noopener\"><i class=\"fab fa-facebook-f\"><\/i><\/a><a class=\"social-link\" href=\"https:\/\/www.draugiem.lv\/httpdarugiemlv\/\" target=\"_blank\" rel=\"noopener\"><i class=\"fas fa-link\"><\/i><\/a><a class=\"social-link\" href=\"https:\/\/www.youtube.com\/user\/SuperPlanders\/videos\" target=\"_blank\" rel=\"noopener\"><i class=\"fab fa-youtube\"><\/i><\/a><\/div><\/div><\/div><\/div>\n\n\n\n<h2 class=\"wp-block-heading\">Video<\/h2>\n\n\n\n<hr class=\"wp-block-separator\"\/>\n\n\n\n<figure class=\"wp-block-embed is-type-video is-provider-youtube wp-block-embed-youtube wp-embed-aspect-4-3 wp-has-aspect-ratio\"><div class=\"wp-block-embed__wrapper\">\n<span class=\"embed-youtube\" style=\"text-align:center; display: block;\"><iframe class=\"youtube-player\" width=\"980\" height=\"552\" src=\"https:\/\/www.youtube.com\/embed\/cf60VUnJXY8?version=3&#038;rel=1&#038;showsearch=0&#038;showinfo=1&#038;iv_load_policy=1&#038;fs=1&#038;hl=lv-LV&#038;autohide=2&#038;wmode=transparent\" allowfullscreen=\"true\" style=\"border:0;\" sandbox=\"allow-scripts allow-same-origin allow-popups allow-presentation allow-popups-to-escape-sandbox\"><\/iframe><\/span>\n<\/div><\/figure>\n\n\n<div class=\"woocommerce columns-4 \"><ul class=\"products columns-4\">\n<li class=\"product type-product post-18089 status-publish first instock product_cat-katalogs product_cat-lausa product_cat-trejasmens product_tag-722 has-post-thumbnail taxable shipping-taxable purchasable product-type-simple\">\n\t<a href=\"https:\/\/lauska.lv\/veikals\/Preces\/meza-un-ciema\/\" class=\"woocommerce-LoopProduct-link woocommerce-loop-product__link\"><img fetchpriority=\"high\" decoding=\"async\" width=\"324\" height=\"324\" src=\"https:\/\/lauska.lv\/veikals\/wp-content\/uploads\/sites\/6\/2022\/04\/Trejasmens_Meza_un_ciema_1vaks-324x324.jpg\" class=\"attachment-woocommerce_thumbnail size-woocommerce_thumbnail\" alt=\"\" srcset=\"https:\/\/lauska.lv\/veikals\/wp-content\/uploads\/sites\/6\/2022\/04\/Trejasmens_Meza_un_ciema_1vaks-324x324.jpg 324w, https:\/\/lauska.lv\/veikals\/wp-content\/uploads\/sites\/6\/2022\/04\/Trejasmens_Meza_un_ciema_1vaks-100x100.jpg 100w, https:\/\/lauska.lv\/veikals\/wp-content\/uploads\/sites\/6\/2022\/04\/Trejasmens_Meza_un_ciema_1vaks-150x150.jpg 150w, https:\/\/lauska.lv\/veikals\/wp-content\/uploads\/sites\/6\/2022\/04\/Trejasmens_Meza_un_ciema_1vaks-600x600.jpg 600w\" sizes=\"(max-width: 324px) 100vw, 324px\" \/><h2 class=\"woocommerce-loop-product__title\">Me\u017e\u0101 un ciem\u0101<\/h2>\n\t<span class=\"price\"><span class=\"woocommerce-Price-amount amount\"><bdi>10.00&nbsp;<span class=\"woocommerce-Price-currencySymbol\">&euro;<\/span><\/bdi><\/span> <small class=\"woocommerce-price-suffix\">iesk. PVN<\/small><\/span>\n<\/a><a href=\"?add-to-cart=18089\" data-quantity=\"1\" class=\"button product_type_simple add_to_cart_button ajax_add_to_cart\" data-product_id=\"18089\" data-product_sku=\"CD 099\" aria-label=\"Add to cart: &ldquo;Me\u017e\u0101 un ciem\u0101&rdquo;\" aria-describedby=\"\" rel=\"nofollow\">+<\/a><\/li>\n<li class=\"product type-product post-3316 status-publish instock product_cat-auli product_cat-austrumkalns product_cat-daba-san product_cat-dj-monsta product_cat-ilgi product_cat-ilza product_cat-imantadimanta-un-draugi product_cat-jansone-laima product_cat-jauno-janu-orkestris product_cat-katalogs product_cat-lans product_cat-lata-donga product_cat-lausa product_cat-muktupavels-valdis product_cat-post-folks product_cat-rahu-the-fool product_cat-rava product_cat-raxtu-raxti product_cat-saucejas product_cat-tarkski product_cat-tautumeitas product_cat-trejasmens product_cat-zanri product_cat-zari product_tag-47 has-post-thumbnail taxable shipping-taxable purchasable product-type-simple\">\n\t<a href=\"https:\/\/lauska.lv\/veikals\/Preces\/folk-great-tunes-from-latvia\/\" class=\"woocommerce-LoopProduct-link woocommerce-loop-product__link\"><img decoding=\"async\" width=\"324\" height=\"324\" src=\"https:\/\/lauska.lv\/veikals\/wp-content\/uploads\/sites\/6\/2018\/10\/CD_FolkGreatTunesLatvia-1-324x324.jpg\" class=\"attachment-woocommerce_thumbnail size-woocommerce_thumbnail\" alt=\"\" srcset=\"https:\/\/lauska.lv\/veikals\/wp-content\/uploads\/sites\/6\/2018\/10\/CD_FolkGreatTunesLatvia-1-324x324.jpg 324w, https:\/\/lauska.lv\/veikals\/wp-content\/uploads\/sites\/6\/2018\/10\/CD_FolkGreatTunesLatvia-1-100x100.jpg 100w, https:\/\/lauska.lv\/veikals\/wp-content\/uploads\/sites\/6\/2018\/10\/CD_FolkGreatTunesLatvia-1-150x150.jpg 150w, https:\/\/lauska.lv\/veikals\/wp-content\/uploads\/sites\/6\/2018\/10\/CD_FolkGreatTunesLatvia-1-600x600.jpg 600w\" sizes=\"(max-width: 324px) 100vw, 324px\" \/><h2 class=\"woocommerce-loop-product__title\">Folk &#038; great Tunes from Latvia<\/h2>\n\t<span class=\"price\"><span class=\"woocommerce-Price-amount amount\"><bdi>12.00&nbsp;<span class=\"woocommerce-Price-currencySymbol\">&euro;<\/span><\/bdi><\/span> <small class=\"woocommerce-price-suffix\">iesk. PVN<\/small><\/span>\n<\/a><a href=\"?add-to-cart=3316\" data-quantity=\"1\" class=\"button product_type_simple add_to_cart_button ajax_add_to_cart\" data-product_id=\"3316\" data-product_sku=\"CPL026\" aria-label=\"Add to cart: &ldquo;Folk &amp; great Tunes from Latvia&rdquo;\" aria-describedby=\"\" rel=\"nofollow\">+<\/a><\/li>\n<li class=\"product type-product post-975 status-publish instock product_cat-artemisia-absinthium product_cat-bezgalibiesi product_cat-brali-un-masas product_cat-ceidari product_cat-dj-monsta product_cat-elza-rozentale-un-bur-mani product_cat-gaudeamus-viru-koris product_cat-jansone-laima product_cat-jansons-oskars product_cat-jauno-janu-orkestris product_cat-katalogs product_cat-kazaks-karlis product_cat-lipors-edgars product_cat-misters product_cat-muktupavela-ruta product_cat-muktupavels-valdis product_cat-post-folks product_cat-rava product_cat-skandi product_cat-sviests product_cat-tautumeitas product_cat-teikas-muzikanti product_cat-trejasmens product_cat-varna product_cat-zanri product_tag-46 has-post-thumbnail taxable shipping-taxable purchasable product-type-simple\">\n\t<a href=\"https:\/\/lauska.lv\/veikals\/Preces\/sviests-7\/\" class=\"woocommerce-LoopProduct-link woocommerce-loop-product__link\"><img decoding=\"async\" width=\"324\" height=\"324\" src=\"https:\/\/lauska.lv\/veikals\/wp-content\/uploads\/sites\/6\/2018\/08\/sviests7-front-small-324x324.jpg\" class=\"attachment-woocommerce_thumbnail size-woocommerce_thumbnail\" alt=\"\" srcset=\"https:\/\/lauska.lv\/veikals\/wp-content\/uploads\/sites\/6\/2018\/08\/sviests7-front-small-324x324.jpg 324w, https:\/\/lauska.lv\/veikals\/wp-content\/uploads\/sites\/6\/2018\/08\/sviests7-front-small-100x100.jpg 100w, https:\/\/lauska.lv\/veikals\/wp-content\/uploads\/sites\/6\/2018\/08\/sviests7-front-small-150x150.jpg 150w\" sizes=\"(max-width: 324px) 100vw, 324px\" \/><h2 class=\"woocommerce-loop-product__title\">SVIESTS 7<\/h2>\n\t<span class=\"price\"><span class=\"woocommerce-Price-amount amount\"><bdi>10.00&nbsp;<span class=\"woocommerce-Price-currencySymbol\">&euro;<\/span><\/bdi><\/span> <small class=\"woocommerce-price-suffix\">iesk. PVN<\/small><\/span>\n<\/a><a href=\"?add-to-cart=975\" data-quantity=\"1\" class=\"button product_type_simple add_to_cart_button ajax_add_to_cart\" data-product_id=\"975\" data-product_sku=\"2017 CD071\" aria-label=\"Add to cart: &ldquo;SVIESTS 7&rdquo;\" aria-describedby=\"\" rel=\"nofollow\">+<\/a><\/li>\n<li class=\"product type-product post-1037 status-publish last instock product_cat-folklora product_cat-katalogs product_cat-literari-diski-un-gramatas product_cat-trejasmens product_cat-zanri product_tag-44 has-post-thumbnail taxable shipping-taxable purchasable product-type-simple\">\n\t<a href=\"https:\/\/lauska.lv\/veikals\/Preces\/no-ropaznieku-dzives\/\" class=\"woocommerce-LoopProduct-link woocommerce-loop-product__link\"><img loading=\"lazy\" decoding=\"async\" width=\"324\" height=\"324\" src=\"https:\/\/lauska.lv\/veikals\/wp-content\/uploads\/sites\/6\/2018\/08\/Ropazhi_CD_vaaks-324x324.jpg\" class=\"attachment-woocommerce_thumbnail size-woocommerce_thumbnail\" alt=\"\" srcset=\"https:\/\/lauska.lv\/veikals\/wp-content\/uploads\/sites\/6\/2018\/08\/Ropazhi_CD_vaaks-324x324.jpg 324w, https:\/\/lauska.lv\/veikals\/wp-content\/uploads\/sites\/6\/2018\/08\/Ropazhi_CD_vaaks-100x100.jpg 100w, https:\/\/lauska.lv\/veikals\/wp-content\/uploads\/sites\/6\/2018\/08\/Ropazhi_CD_vaaks-150x150.jpg 150w\" sizes=\"(max-width: 324px) 100vw, 324px\" \/><h2 class=\"woocommerce-loop-product__title\">No ropa\u017enieku dz\u012bves<\/h2>\n\t<span class=\"price\"><span class=\"woocommerce-Price-amount amount\"><bdi>12.00&nbsp;<span class=\"woocommerce-Price-currencySymbol\">&euro;<\/span><\/bdi><\/span> <small class=\"woocommerce-price-suffix\">iesk. PVN<\/small><\/span>\n<\/a><a href=\"?add-to-cart=1037\" data-quantity=\"1\" class=\"button product_type_simple add_to_cart_button ajax_add_to_cart\" data-product_id=\"1037\" data-product_sku=\"2016 CD067A\/B\" aria-label=\"Add to cart: &ldquo;No ropa\u017enieku dz\u012bves&rdquo;\" aria-describedby=\"\" rel=\"nofollow\">+<\/a><\/li>\n<li class=\"product type-product post-1392 status-publish first instock product_cat-folklora product_cat-katalogs product_cat-post-folks product_cat-trejasmens product_cat-zanri product_tag-37 has-post-thumbnail taxable shipping-taxable purchasable product-type-simple\">\n\t<a href=\"https:\/\/lauska.lv\/veikals\/Preces\/trejasmens\/\" class=\"woocommerce-LoopProduct-link woocommerce-loop-product__link\"><img loading=\"lazy\" decoding=\"async\" width=\"324\" height=\"324\" src=\"https:\/\/lauska.lv\/veikals\/wp-content\/uploads\/sites\/6\/2018\/08\/Cover_Trejasmens_Trejasmens_01-324x324.jpg\" class=\"attachment-woocommerce_thumbnail size-woocommerce_thumbnail\" alt=\"\" srcset=\"https:\/\/lauska.lv\/veikals\/wp-content\/uploads\/sites\/6\/2018\/08\/Cover_Trejasmens_Trejasmens_01-324x324.jpg 324w, https:\/\/lauska.lv\/veikals\/wp-content\/uploads\/sites\/6\/2018\/08\/Cover_Trejasmens_Trejasmens_01-100x100.jpg 100w, https:\/\/lauska.lv\/veikals\/wp-content\/uploads\/sites\/6\/2018\/08\/Cover_Trejasmens_Trejasmens_01-150x150.jpg 150w\" sizes=\"(max-width: 324px) 100vw, 324px\" \/><h2 class=\"woocommerce-loop-product__title\">Trejasmens<\/h2>\n\t<span class=\"price\"><span class=\"woocommerce-Price-amount amount\"><bdi>10.00&nbsp;<span class=\"woocommerce-Price-currencySymbol\">&euro;<\/span><\/bdi><\/span> <small class=\"woocommerce-price-suffix\">iesk. PVN<\/small><\/span>\n<\/a><a href=\"?add-to-cart=1392\" data-quantity=\"1\" class=\"button product_type_simple add_to_cart_button ajax_add_to_cart\" data-product_id=\"1392\" data-product_sku=\"2009 CD026\" aria-label=\"Add to cart: &ldquo;Trejasmens&rdquo;\" aria-describedby=\"\" rel=\"nofollow\">+<\/a><\/li>\n<li class=\"product type-product post-1543 status-publish outofstock product_cat-auli product_cat-auri product_cat-ceiruleits product_cat-delve product_cat-dudinieks product_cat-kala-jeng product_cat-karkle-kristine product_cat-katalogs product_cat-kokle product_cat-laiksne product_cat-lans product_cat-lidojosais-paklajs product_cat-patina product_cat-post-folks product_cat-risa-zvejnieki product_cat-skandinieki product_cat-skyforger product_cat-sviests product_cat-trejasmens product_cat-vilkaci product_cat-visi-veji product_cat-zanri product_tag-33 has-post-thumbnail taxable shipping-taxable purchasable product-type-simple\">\n\t<a href=\"https:\/\/lauska.lv\/veikals\/Preces\/sviests\/\" class=\"woocommerce-LoopProduct-link woocommerce-loop-product__link\"><img loading=\"lazy\" decoding=\"async\" width=\"324\" height=\"324\" src=\"https:\/\/lauska.lv\/veikals\/wp-content\/uploads\/sites\/6\/2005\/08\/sviests_1-324x324.png\" class=\"attachment-woocommerce_thumbnail size-woocommerce_thumbnail\" alt=\"\" srcset=\"https:\/\/lauska.lv\/veikals\/wp-content\/uploads\/sites\/6\/2005\/08\/sviests_1-324x324.png 324w, https:\/\/lauska.lv\/veikals\/wp-content\/uploads\/sites\/6\/2005\/08\/sviests_1-150x150.png 150w, https:\/\/lauska.lv\/veikals\/wp-content\/uploads\/sites\/6\/2005\/08\/sviests_1-100x100.png 100w\" sizes=\"(max-width: 324px) 100vw, 324px\" \/><h2 class=\"woocommerce-loop-product__title\">SVIESTS<\/h2>\n\t<span class=\"price\"><span class=\"woocommerce-Price-amount amount\"><bdi>10.00&nbsp;<span class=\"woocommerce-Price-currencySymbol\">&euro;<\/span><\/bdi><\/span> <small class=\"woocommerce-price-suffix\">iesk. PVN<\/small><\/span>\n<\/a><a href=\"https:\/\/lauska.lv\/veikals\/Preces\/sviests\/\" data-quantity=\"1\" class=\"button product_type_simple\" data-product_id=\"1543\" data-product_sku=\"2005 CD005\" aria-label=\"Read more about &ldquo;SVIESTS&rdquo;\" aria-describedby=\"\" rel=\"nofollow\">Skat\u012bt<\/a><\/li>\n<\/ul>\n<\/div>\n","protected":false},"excerpt":{"rendered":"<p>Video<\/p>\n","protected":false},"author":2,"featured_media":0,"parent":218,"menu_order":0,"comment_status":"closed","ping_status":"closed","template":"page-group.php","meta":{"jetpack_post_was_ever_published":false,"footnotes":""},"categories":[559,579],"tags":[],"jetpack_sharing_enabled":true,"_links":{"self":[{"href":"https:\/\/lauska.lv\/veikals\/wp-json\/wp\/v2\/pages\/1382"}],"collection":[{"href":"https:\/\/lauska.lv\/veikals\/wp-json\/wp\/v2\/pages"}],"about":[{"href":"https:\/\/lauska.lv\/veikals\/wp-json\/wp\/v2\/types\/page"}],"author":[{"embeddable":true,"href":"https:\/\/lauska.lv\/veikals\/wp-json\/wp\/v2\/users\/2"}],"replies":[{"embeddable":true,"href":"https:\/\/lauska.lv\/veikals\/wp-json\/wp\/v2\/comments?post=1382"}],"version-history":[{"count":2,"href":"https:\/\/lauska.lv\/veikals\/wp-json\/wp\/v2\/pages\/1382\/revisions"}],"predecessor-version":[{"id":18096,"href":"https:\/\/lauska.lv\/veikals\/wp-json\/wp\/v2\/pages\/1382\/revisions\/18096"}],"up":[{"embeddable":true,"href":"https:\/\/lauska.lv\/veikals\/wp-json\/wp\/v2\/pages\/218"}],"wp:attachment":[{"href":"https:\/\/lauska.lv\/veikals\/wp-json\/wp\/v2\/media?parent=1382"}],"wp:term":[{"taxonomy":"category","embeddable":true,"href":"https:\/\/lauska.lv\/veikals\/wp-json\/wp\/v2\/categories?post=1382"},{"taxonomy":"post_tag","embeddable":true,"href":"https:\/\/lauska.lv\/veikals\/wp-json\/wp\/v2\/tags?post=1382"}],"curies":[{"name":"wp","href":"https:\/\/api.w.org\/{rel}","templated":true}]}}