{"id":1371,"date":"2018-08-28T12:44:33","date_gmt":"2018-08-28T09:44:33","guid":{"rendered":"http:\/\/lauska.lv\/veikals\/makslinieki\/tervetes-trubaduri"},"modified":"2018-09-26T20:03:36","modified_gmt":"2018-09-26T17:03:36","slug":"tervetes-trubaduri","status":"publish","type":"page","link":"https:\/\/lauska.lv\/veikals\/makslinieki-2\/tervetes-trubaduri\/","title":{"rendered":"T\u0113rvetes trubad\u016bri"},"content":{"rendered":"\n<div class=\"wp-block-organic-profile-block\"><div class=\"organic-profile-content-title\"><nameartist>T\u0113rvetes trubad\u016bri<\/nameartist><hr\/><\/div><div class=\"organic-profile-content-flex\" style=\"text-align:left\"><div class=\"organic-profile-image\" style=\"background-image:url(http:\/\/lauska.lv\/veikalsbeta\/wp-content\/uploads\/sites\/6\/2018\/08\/Group_TervetesTrubaduri.jpg)\"><img decoding=\"async\" src=\"http:\/\/lauska.lv\/veikalsbeta\/wp-content\/uploads\/sites\/6\/2018\/08\/Group_TervetesTrubaduri.jpg\"\/><\/div><div class=\"organic-profile-content\" style=\"text-align:left\"><p><strong>Lauma Cenne<\/strong>\u00a0balss, kokle, stabule<br\/><strong>Krist\u012bna G\u016btmane<\/strong>\u00a0balss, vijole<br\/><strong>\u0112riks J\u0113rumanis<\/strong>\u00a0balss, mandol\u012bna<br\/><strong>J\u0101nis Mateus<\/strong>\u00a0balss, 12-st\u012bgu kokle<br\/><strong>Michael Pinsonneault<\/strong>\u00a0balss, perkusijas<br\/><strong>Sa\u0161a Spurmanis<\/strong>\u00a0balss, 12-st\u012bgu elektrisk\u0101 \u0123it\u0101ra,<br\/><strong>Mi\u0137elis Svil\u0101ns<\/strong>\u00a0vijole<br\/><strong>Dace Veinberga<\/strong>\u00a0balss, kokle<br\/><strong>Andrejs V\u012btols<\/strong>\u00a0balss, stabule<br\/><br\/>Pirms daudziem gadiem Kan\u0101das T\u0113rvet\u0113 sasp\u0113l\u0113j\u0101s da\u017ei l\u012bgot\u0101ji. Vi\u0146i atkl\u0101ja, ka vi\u0146u daudzpus\u012bg\u0101s m\u016bzik\u0101l\u0101s pieredzes un stili labi salied\u0113j\u0101s sp\u0113l\u0113jot tautas dziesmas. T\u0113rvetes Trubad\u016bri sast\u0101v gan no profesion\u0101liem m\u016bzi\u0137iem, gan aizraut\u012bgiem amatieriem kas labpr\u0101t p\u0101rvar simtiem kilometru lai satiktos laukos un sirsn\u012bg\u0101 draudz\u012bb\u0101 koptu latvie\u0161u dziesmu. Pirm\u0101 uzst\u0101\u0161an\u0101s pla\u0161\u0101kai publikai notika 2009.g. Kan\u0101das latvie\u0161u dziesmu sv\u0113tkos.<br\/><\/p><div class=\"organic-profile-social\"><a class=\"social-link\" href=\"http:\/\/tervetestrubaduri.ca\/\" target=\"_blank\"><i class=\"fas fa-play\"><\/i><\/a><\/div><\/div><\/div><\/div>\n\n\n\n<h2 class=\"wp-block-heading\">Video<\/h2>\n\n\n\n<hr class=\"wp-block-separator\"\/>\n\n\n\n<figure class=\"wp-block-embed-youtube wp-block-embed is-type-video is-provider-youtube\">\n<span class=\"embed-youtube\" style=\"text-align:center; display: block;\"><iframe class=\"youtube-player\" width=\"980\" height=\"552\" src=\"https:\/\/www.youtube.com\/embed\/IHxRkfD_-0I?version=3&#038;rel=1&#038;showsearch=0&#038;showinfo=1&#038;iv_load_policy=1&#038;fs=1&#038;hl=lv-LV&#038;autohide=2&#038;wmode=transparent\" allowfullscreen=\"true\" style=\"border:0;\" sandbox=\"allow-scripts allow-same-origin allow-popups allow-presentation allow-popups-to-escape-sandbox\"><\/iframe><\/span>\n<\/figure>\n","protected":false},"excerpt":{"rendered":"<p>Video<\/p>\n","protected":false},"author":2,"featured_media":0,"parent":218,"menu_order":0,"comment_status":"closed","ping_status":"closed","template":"page-group.php","meta":{"jetpack_post_was_ever_published":false,"footnotes":""},"categories":[559,579],"tags":[],"jetpack_sharing_enabled":true,"_links":{"self":[{"href":"https:\/\/lauska.lv\/veikals\/wp-json\/wp\/v2\/pages\/1371"}],"collection":[{"href":"https:\/\/lauska.lv\/veikals\/wp-json\/wp\/v2\/pages"}],"about":[{"href":"https:\/\/lauska.lv\/veikals\/wp-json\/wp\/v2\/types\/page"}],"author":[{"embeddable":true,"href":"https:\/\/lauska.lv\/veikals\/wp-json\/wp\/v2\/users\/2"}],"replies":[{"embeddable":true,"href":"https:\/\/lauska.lv\/veikals\/wp-json\/wp\/v2\/comments?post=1371"}],"version-history":[{"count":1,"href":"https:\/\/lauska.lv\/veikals\/wp-json\/wp\/v2\/pages\/1371\/revisions"}],"predecessor-version":[{"id":1376,"href":"https:\/\/lauska.lv\/veikals\/wp-json\/wp\/v2\/pages\/1371\/revisions\/1376"}],"up":[{"embeddable":true,"href":"https:\/\/lauska.lv\/veikals\/wp-json\/wp\/v2\/pages\/218"}],"wp:attachment":[{"href":"https:\/\/lauska.lv\/veikals\/wp-json\/wp\/v2\/media?parent=1371"}],"wp:term":[{"taxonomy":"category","embeddable":true,"href":"https:\/\/lauska.lv\/veikals\/wp-json\/wp\/v2\/categories?post=1371"},{"taxonomy":"post_tag","embeddable":true,"href":"https:\/\/lauska.lv\/veikals\/wp-json\/wp\/v2\/tags?post=1371"}],"curies":[{"name":"wp","href":"https:\/\/api.w.org\/{rel}","templated":true}]}}