{"id":1353,"date":"2018-08-28T12:40:00","date_gmt":"2018-08-28T09:40:00","guid":{"rendered":"http:\/\/lauska.lv\/veikals\/makslinieki\/teiksma"},"modified":"2018-09-26T20:03:35","modified_gmt":"2018-09-26T17:03:35","slug":"teiksma","status":"publish","type":"page","link":"https:\/\/lauska.lv\/veikals\/makslinieki-2\/teiksma\/","title":{"rendered":"Teiksma"},"content":{"rendered":"\n<div class=\"wp-block-organic-profile-block\"><div class=\"organic-profile-content-title\"><nameartist>Teiksma<\/nameartist><hr\/><\/div><div class=\"organic-profile-content-flex\" style=\"text-align:left\"><div class=\"organic-profile-image\" style=\"background-image:url(http:\/\/lauska.lv\/veikalsbeta\/wp-content\/uploads\/sites\/6\/2018\/08\/Group_Teiksma_01.jpg)\"><img decoding=\"async\" src=\"http:\/\/lauska.lv\/veikalsbeta\/wp-content\/uploads\/sites\/6\/2018\/08\/Group_Teiksma_01.jpg\"\/><\/div><div class=\"organic-profile-content\" style=\"text-align:left\"><p><strong>Gunda Liepi\u0146a<\/strong>\u00a0kokle, balss<br\/><strong>Agrita Ozoli\u0146a<\/strong>\u00a0kokle<br\/><strong>Teiksma Jansone<\/strong>\u00a0kokle<br\/><strong>Agnese Volmane<\/strong>\u00a0basa kokle<br\/><strong>Ilze Balcerbule<\/strong>\u00a0basa kokle<br\/><strong>Olga Ridzevska<\/strong>\u00a0flauta<br\/><strong>Aleksandrs Jala\u0146eckis\u00a0<\/strong>sitaminstrumenti<br\/><br\/>Kokl\u0113t\u0101ju ansamblis \u201eTeiksma\u201c ir viens no vec\u0101kajiem Latvij\u0101. Kop\u0161 1955.\u00a0gada tas darboj\u0101s Maz\u0101s \u0122ildes telp\u0101s (tolaik LRAP kult\u016bra nam\u0101). Tagad ansamb\u013ca pieder\u012bba ir pie J\u0101zepa Medi\u0146a R\u012bgas 1.m\u016bzikas skolas. \u201eTeiksma\u201c regul\u0101ri piedal\u0101s kokl\u0113t\u0101ju ansamb\u013cu skat\u0113s, kopsp\u0113les pas\u0101kumos \u2013 Kok\u013cu dien\u0101s, Dziesmu sv\u0113tku Kok\u013cu m\u016bzikas koncertos un citos sar\u012bkojumos. Katru gadu tiek r\u012bkoti Ziemassv\u0113tku koncerti ar da\u017e\u0101du m\u0101kslinieku piedal\u012b\u0161anos.<br\/><\/p><div class=\"organic-profile-social\"><a class=\"social-link\" href=\"http:\/\/www.music.lv\/instr\/Teiksma\/\" target=\"_blank\"><i class=\"fas fa-play\"><\/i><\/a><a class=\"social-link\" href=\"https:\/\/www.youtube.com\/user\/TeiksmaKokle\" target=\"_blank\"><i class=\"fab fa-youtube\"><\/i><\/a><\/div><\/div><\/div><\/div>\n\n\n\n<h2 class=\"wp-block-heading\">Video<\/h2>\n\n\n\n<hr class=\"wp-block-separator\"\/>\n\n\n\n<figure class=\"wp-block-embed-youtube wp-block-embed is-type-video is-provider-youtube\">\n<span class=\"embed-youtube\" style=\"text-align:center; display: block;\"><iframe class=\"youtube-player\" width=\"980\" height=\"552\" src=\"https:\/\/www.youtube.com\/embed\/QPH2FL1dMG4?version=3&#038;rel=1&#038;showsearch=0&#038;showinfo=1&#038;iv_load_policy=1&#038;fs=1&#038;hl=lv-LV&#038;autohide=2&#038;wmode=transparent&#038;listType=playlist&#038;list=PLlzUjSgLpT4zD2g2g0r9XrvYHT_C_inbr\" allowfullscreen=\"true\" style=\"border:0;\" sandbox=\"allow-scripts allow-same-origin allow-popups allow-presentation allow-popups-to-escape-sandbox\"><\/iframe><\/span>\n<\/figure>\n","protected":false},"excerpt":{"rendered":"<p>Video<\/p>\n","protected":false},"author":2,"featured_media":0,"parent":218,"menu_order":0,"comment_status":"closed","ping_status":"closed","template":"page-group.php","meta":{"jetpack_post_was_ever_published":false,"footnotes":""},"categories":[559,579],"tags":[],"jetpack_sharing_enabled":true,"_links":{"self":[{"href":"https:\/\/lauska.lv\/veikals\/wp-json\/wp\/v2\/pages\/1353"}],"collection":[{"href":"https:\/\/lauska.lv\/veikals\/wp-json\/wp\/v2\/pages"}],"about":[{"href":"https:\/\/lauska.lv\/veikals\/wp-json\/wp\/v2\/types\/page"}],"author":[{"embeddable":true,"href":"https:\/\/lauska.lv\/veikals\/wp-json\/wp\/v2\/users\/2"}],"replies":[{"embeddable":true,"href":"https:\/\/lauska.lv\/veikals\/wp-json\/wp\/v2\/comments?post=1353"}],"version-history":[{"count":1,"href":"https:\/\/lauska.lv\/veikals\/wp-json\/wp\/v2\/pages\/1353\/revisions"}],"predecessor-version":[{"id":1370,"href":"https:\/\/lauska.lv\/veikals\/wp-json\/wp\/v2\/pages\/1353\/revisions\/1370"}],"up":[{"embeddable":true,"href":"https:\/\/lauska.lv\/veikals\/wp-json\/wp\/v2\/pages\/218"}],"wp:attachment":[{"href":"https:\/\/lauska.lv\/veikals\/wp-json\/wp\/v2\/media?parent=1353"}],"wp:term":[{"taxonomy":"category","embeddable":true,"href":"https:\/\/lauska.lv\/veikals\/wp-json\/wp\/v2\/categories?post=1353"},{"taxonomy":"post_tag","embeddable":true,"href":"https:\/\/lauska.lv\/veikals\/wp-json\/wp\/v2\/tags?post=1353"}],"curies":[{"name":"wp","href":"https:\/\/api.w.org\/{rel}","templated":true}]}}