{"id":1345,"date":"2018-08-28T12:36:21","date_gmt":"2018-08-28T09:36:21","guid":{"rendered":"http:\/\/lauska.lv\/veikals\/makslinieki\/tarkski"},"modified":"2018-09-26T20:03:32","modified_gmt":"2018-09-26T17:03:32","slug":"tarkski","status":"publish","type":"page","link":"https:\/\/lauska.lv\/veikals\/makslinieki-2\/tarkski\/","title":{"rendered":"Tark\u0161\u0137i"},"content":{"rendered":"\n<div class=\"wp-block-organic-profile-block\"><div class=\"organic-profile-content-title\"><nameartist>Tark\u0161\u0137i<\/nameartist><hr\/><\/div><div class=\"organic-profile-content-flex\" style=\"text-align:left\"><div class=\"organic-profile-image\" style=\"background-image:url(http:\/\/lauska.lv\/veikalsbeta\/wp-content\/uploads\/sites\/6\/2018\/08\/Group_TARK\u0160\u0136I_2018_Jordi_NN_001.jpg)\"><img decoding=\"async\" src=\"http:\/\/lauska.lv\/veikalsbeta\/wp-content\/uploads\/sites\/6\/2018\/08\/Group_TARK\u0160\u0136I_2018_Jordi_NN_001.jpg\"\/><\/div><div class=\"organic-profile-content\" style=\"text-align:left\"><p><strong>Roberts Veinbergs<\/strong><br\/><strong>Krist\u012bne Karele<\/strong><br\/><strong>Anna Patr\u012bcija Karele<\/strong><br\/><strong>Kristija Laura \u010cipena<\/strong><br\/><strong>Rebeka Ivanova<\/strong><br\/><strong>Katr\u012bna Karele<\/strong><br\/><strong>Viktorija Veinberga<\/strong><br\/><strong>Sigita Blaumane<\/strong><br\/><strong>Kristi\u0101na Blaumane<br\/><br\/><\/strong>B\u0113rnu un jaunie\u0161u grupa no Iecavas Zemgal\u0113, kura jau desmit gadus dzied un sp\u0113l\u0113 jautras latvie\u0161u tautas dziesmas un rota\u013cas b\u0113rniem par dz\u012bvi laukos, da\u017e\u0101diem dz\u012bvniekiem un gadsk\u0101rt\u0101m. Grupas dal\u012bbnieki t\u0101s vad\u012bt\u0101jas Krist\u012bnes Kareles vad\u012bb\u0101 iem\u0101c\u0101s sp\u0113l\u0113t visda\u017e\u0101d\u0101ko tradicion\u0101lo instrumentu sp\u0113li, dzied, danco, r\u012bko nometnes, darina sev pa\u0161i tautast\u0113rpus un piedal\u0101s da\u017e\u0101dos sar\u012bkojumos un festiv\u0101los gan Latvij\u0101, gan \u0101rpus t\u0101s.<strong><br\/><\/strong><\/p><div class=\"organic-profile-social\"><a class=\"social-link\" href=\"https:\/\/www.facebook.com\/Tarkski\/?fref=ts&amp;ref=br_tf\" target=\"_blank\"><i class=\"fab fa-facebook-f\"><\/i><\/a><a class=\"social-link\" href=\"https:\/\/twitter.com\/Tarkski\" target=\"_blank\"><i class=\"fab fa-twitter\"><\/i><\/a><a class=\"social-link\" href=\"https:\/\/www.draugiem.lv\/tarkski\/\" target=\"_blank\"><i class=\"fas fa-link\"><\/i><\/a><a class=\"social-link\" href=\"https:\/\/www.youtube.com\/user\/karlinakk\" target=\"_blank\"><i class=\"fab fa-youtube\"><\/i><\/a><\/div><\/div><\/div><\/div>\n\n\n\n<h2 class=\"wp-block-heading\">Video<\/h2>\n\n\n\n<hr class=\"wp-block-separator\"\/>\n\n\n\n<figure class=\"wp-block-embed-youtube wp-block-embed is-type-video is-provider-youtube\">\n<span class=\"embed-youtube\" style=\"text-align:center; display: block;\"><iframe class=\"youtube-player\" width=\"980\" height=\"552\" src=\"https:\/\/www.youtube.com\/embed\/XvdyTlpydOU?version=3&#038;rel=1&#038;showsearch=0&#038;showinfo=1&#038;iv_load_policy=1&#038;fs=1&#038;hl=lv-LV&#038;autohide=2&#038;wmode=transparent\" allowfullscreen=\"true\" style=\"border:0;\" sandbox=\"allow-scripts allow-same-origin allow-popups allow-presentation allow-popups-to-escape-sandbox\"><\/iframe><\/span>\n<\/figure>\n","protected":false},"excerpt":{"rendered":"<p>Video<\/p>\n","protected":false},"author":2,"featured_media":0,"parent":218,"menu_order":0,"comment_status":"closed","ping_status":"closed","template":"page-group.php","meta":{"jetpack_post_was_ever_published":false,"footnotes":""},"categories":[559,579],"tags":[],"jetpack_sharing_enabled":true,"_links":{"self":[{"href":"https:\/\/lauska.lv\/veikals\/wp-json\/wp\/v2\/pages\/1345"}],"collection":[{"href":"https:\/\/lauska.lv\/veikals\/wp-json\/wp\/v2\/pages"}],"about":[{"href":"https:\/\/lauska.lv\/veikals\/wp-json\/wp\/v2\/types\/page"}],"author":[{"embeddable":true,"href":"https:\/\/lauska.lv\/veikals\/wp-json\/wp\/v2\/users\/2"}],"replies":[{"embeddable":true,"href":"https:\/\/lauska.lv\/veikals\/wp-json\/wp\/v2\/comments?post=1345"}],"version-history":[{"count":1,"href":"https:\/\/lauska.lv\/veikals\/wp-json\/wp\/v2\/pages\/1345\/revisions"}],"predecessor-version":[{"id":1352,"href":"https:\/\/lauska.lv\/veikals\/wp-json\/wp\/v2\/pages\/1345\/revisions\/1352"}],"up":[{"embeddable":true,"href":"https:\/\/lauska.lv\/veikals\/wp-json\/wp\/v2\/pages\/218"}],"wp:attachment":[{"href":"https:\/\/lauska.lv\/veikals\/wp-json\/wp\/v2\/media?parent=1345"}],"wp:term":[{"taxonomy":"category","embeddable":true,"href":"https:\/\/lauska.lv\/veikals\/wp-json\/wp\/v2\/categories?post=1345"},{"taxonomy":"post_tag","embeddable":true,"href":"https:\/\/lauska.lv\/veikals\/wp-json\/wp\/v2\/tags?post=1345"}],"curies":[{"name":"wp","href":"https:\/\/api.w.org\/{rel}","templated":true}]}}