{"id":1339,"date":"2018-08-28T12:28:29","date_gmt":"2018-08-28T09:28:29","guid":{"rendered":"http:\/\/lauska.lv\/veikals\/makslinieki\/tai-tai"},"modified":"2018-09-26T20:03:31","modified_gmt":"2018-09-26T17:03:31","slug":"tai-tai","status":"publish","type":"page","link":"https:\/\/lauska.lv\/veikals\/makslinieki-2\/tai-tai\/","title":{"rendered":"Tai Tai"},"content":{"rendered":"\n<div class=\"wp-block-organic-profile-block\"><div class=\"organic-profile-content-title\"><nameartist>Tai Tai<\/nameartist><hr\/><\/div><div class=\"organic-profile-content-flex\" style=\"text-align:left\"><div class=\"organic-profile-image\" style=\"background-image:url(http:\/\/lauska.lv\/veikalsbeta\/wp-content\/uploads\/sites\/6\/2018\/08\/Group_TaiTai.jpg)\"><img decoding=\"async\" src=\"http:\/\/lauska.lv\/veikalsbeta\/wp-content\/uploads\/sites\/6\/2018\/08\/Group_TaiTai.jpg\"\/><\/div><div class=\"organic-profile-content\" style=\"text-align:left\"><p><strong>Julg\u012b Stalte<\/strong>\u00a0balss, \u0123\u012bga, bungas<br\/><strong>Ernests Medenis<\/strong>\u00a0balss, kokle, d\u016bdas<br\/><strong>D\u0101vis Stalts<\/strong>\u00a0balss<br\/><strong>Leanne Barbo<\/strong>\u00a0balss, kokle, d\u016bdas<br\/><br\/>Tai tai vieno sp\u0113l\u0113tprieks un interese par somugru skanisko mantojumu. Grupa izveidojusies nesen, bet taj\u0101 iesaist\u012btie m\u016bzi\u0137i ir pieredz\u0113ju\u0161i un dzirdami daudz\u0101s cit\u0101s muzik\u0101l\u0101s apvien\u012bb\u0101s un projektos Latvij\u0101 un Igaunij\u0101.<br\/>\u201eM\u0113s mekl\u0113jam l\u012bdzsvaru, dz\u012bvojam senu trad\u012bciju un modernas ikdienas vid\u016b. M\u016bs vieno m\u016bzika, cilv\u0113cisks siltums un zin\u0101\u0161anas par savu mantojumu. Tai Tai ska\u0146a un valoda apvieno m\u016bsu m\u012blest\u012bbu pret l\u012bvu, votu, igau\u0146u, latvie\u0161u trad\u012bcij\u0101m.\u201d<br\/><\/p><div class=\"organic-profile-social\"><\/div><\/div><\/div><\/div>\n\n\n\n<h2 class=\"wp-block-heading\">Video<\/h2>\n\n\n\n<hr class=\"wp-block-separator\"\/>\n\n\n\n<figure class=\"wp-block-embed-youtube wp-block-embed is-type-video is-provider-youtube\">\n<span class=\"embed-youtube\" style=\"text-align:center; display: block;\"><iframe class=\"youtube-player\" width=\"980\" height=\"552\" src=\"https:\/\/www.youtube.com\/embed\/0EnPLQY5qsY?version=3&#038;rel=1&#038;showsearch=0&#038;showinfo=1&#038;iv_load_policy=1&#038;fs=1&#038;hl=lv-LV&#038;autohide=2&#038;wmode=transparent&#038;listType=playlist&#038;list=PLlzUjSgLpT4z2BiF1uDKJ6G7_X6QMrSz5\" allowfullscreen=\"true\" style=\"border:0;\" sandbox=\"allow-scripts allow-same-origin allow-popups allow-presentation allow-popups-to-escape-sandbox\"><\/iframe><\/span>\n<\/figure>\n","protected":false},"excerpt":{"rendered":"<p>Video<\/p>\n","protected":false},"author":2,"featured_media":0,"parent":218,"menu_order":0,"comment_status":"closed","ping_status":"closed","template":"page-group.php","meta":{"jetpack_post_was_ever_published":false,"footnotes":""},"categories":[559,579],"tags":[],"jetpack_sharing_enabled":true,"_links":{"self":[{"href":"https:\/\/lauska.lv\/veikals\/wp-json\/wp\/v2\/pages\/1339"}],"collection":[{"href":"https:\/\/lauska.lv\/veikals\/wp-json\/wp\/v2\/pages"}],"about":[{"href":"https:\/\/lauska.lv\/veikals\/wp-json\/wp\/v2\/types\/page"}],"author":[{"embeddable":true,"href":"https:\/\/lauska.lv\/veikals\/wp-json\/wp\/v2\/users\/2"}],"replies":[{"embeddable":true,"href":"https:\/\/lauska.lv\/veikals\/wp-json\/wp\/v2\/comments?post=1339"}],"version-history":[{"count":1,"href":"https:\/\/lauska.lv\/veikals\/wp-json\/wp\/v2\/pages\/1339\/revisions"}],"predecessor-version":[{"id":1344,"href":"https:\/\/lauska.lv\/veikals\/wp-json\/wp\/v2\/pages\/1339\/revisions\/1344"}],"up":[{"embeddable":true,"href":"https:\/\/lauska.lv\/veikals\/wp-json\/wp\/v2\/pages\/218"}],"wp:attachment":[{"href":"https:\/\/lauska.lv\/veikals\/wp-json\/wp\/v2\/media?parent=1339"}],"wp:term":[{"taxonomy":"category","embeddable":true,"href":"https:\/\/lauska.lv\/veikals\/wp-json\/wp\/v2\/categories?post=1339"},{"taxonomy":"post_tag","embeddable":true,"href":"https:\/\/lauska.lv\/veikals\/wp-json\/wp\/v2\/tags?post=1339"}],"curies":[{"name":"wp","href":"https:\/\/api.w.org\/{rel}","templated":true}]}}