{"id":1323,"date":"2018-08-28T12:22:59","date_gmt":"2018-08-28T09:22:59","guid":{"rendered":"http:\/\/lauska.lv\/veikals\/makslinieki\/stanislav-yudin-asnate-rancane"},"modified":"2018-10-05T01:54:14","modified_gmt":"2018-10-04T22:54:14","slug":"stanislav-yudin-asnate-rancane","status":"publish","type":"page","link":"https:\/\/lauska.lv\/veikals\/makslinieki-2\/stanislav-yudin-asnate-rancane\/","title":{"rendered":"Stanislav Yudin &#038; Asnate Ranc\u0101ne"},"content":{"rendered":"\n<div class=\"wp-block-organic-profile-block\"><div class=\"organic-profile-content-title\"><nameartist>Stanislav Yudin &amp; Asnate Ranc\u0101ne<\/nameartist><hr\/><\/div><div class=\"organic-profile-content-flex\" style=\"text-align:left\"><div class=\"organic-profile-image\" style=\"background-image:url(http:\/\/lauska.lv\/veikalsbeta\/wp-content\/uploads\/sites\/6\/2018\/08\/Group_JudinRancane_web.jpg)\"><img decoding=\"async\" src=\"http:\/\/lauska.lv\/veikalsbeta\/wp-content\/uploads\/sites\/6\/2018\/08\/Group_JudinRancane_web.jpg\"\/><\/div><div class=\"organic-profile-content\" style=\"text-align:left\"><p><strong>Stanislav Yudin<\/strong>\u00a0kontrabass, tausti\u0146i, perkusijas<br\/><strong>Asnate Ranc\u0101ne<\/strong>\u00a0balss, kokle<br\/><br\/>Sta\u0146islavs Judins mekl\u0113 iedvesmu etniskaj\u0101, tautas m\u016bzik\u0101, Asnate Ranc\u0101ne \u2013 improviz\u0101cij\u0101. Duets \u201cStanislav Yudin &amp; Asnate Rancane\u201d radies no idejas apvienot at\u0161\u0137ir\u012bg\u0101s muzik\u0101l\u0101s pieredzes. Kopska\u0146a rodas, savienojot Sta\u0146islava improviz\u0101cijas un kompoz\u012bcijas ar Asnates zin\u0101\u0161an\u0101m par etnisko m\u016bziku un folkloru. Ori\u0123in\u0101lm\u016bziku ar tautas tekstiem dueta repertu\u0101r\u0101 papildina tautas melodiju apdares.<br\/>Sta\u0146islavs Judins visvair\u0101k zin\u0101ms k\u0101 d\u017eeza un improviz\u0101cijas m\u016bzikas kontrabasists, kur\u0161 bie\u017ei piedal\u0101s da\u017e\u0101dos eksperiment\u0101l\u0101s m\u016bzikas projektos. Vi\u0146\u0161 arvien vair\u0101k piev\u0113r\u0161as kompoz\u012bcijai, br\u012bvai improviz\u0101cijai un p\u0101rliecin\u0101ts, ka iedvesmu iesp\u0113jams rast tepat dzimtaj\u0101 zem\u0113.<br\/>Asnate Ranc\u0101ne ir etnisk\u0101s m\u016bzikas p\u0113tniece, multiinstrument\u0101liste un tautas m\u016bzikas grupas \u201c<a href=\"https:\/\/lauska.lv\/veikals\/makslinieki-2\/tautumeitas\/\" target=\"_blank\" rel=\"noreferrer noopener\">Tautumeitas<\/a>\u201d vad\u012bt\u0101ja. Tradicion\u0101laj\u0101 m\u016bzik\u0101 vi\u0146a iesaist\u012bjusies jau kop\u0161 b\u0113rn\u012bbas un mekl\u0113 iedvesmu improviz\u0101cij\u0101, kuras rad\u012b\u0161an\u0101 izmanto zin\u0101\u0161anas un pieredzi, kas g\u016bta, str\u0101d\u0101jot ar folkloras mantojumu.<br\/><\/p><div class=\"organic-profile-social\"><a class=\"social-link\" href=\"https:\/\/www.facebook.com\/yudin.rancane\/\" target=\"_blank\"><i class=\"fab fa-facebook-f\"><\/i><\/a><\/div><\/div><\/div><\/div>\n\n\n<div class=\"woocommerce columns-4 \"><ul class=\"products columns-4\">\n<li class=\"product type-product post-935 status-publish first outofstock product_cat-stanislav-yudin-asnate-rancane product_tag-46 has-post-thumbnail taxable shipping-taxable purchasable product-type-simple\">\n\t<a href=\"https:\/\/lauska.lv\/veikals\/Preces\/op-2\/\" class=\"woocommerce-LoopProduct-link woocommerce-loop-product__link\"><img fetchpriority=\"high\" decoding=\"async\" width=\"324\" height=\"324\" src=\"https:\/\/lauska.lv\/veikals\/wp-content\/uploads\/sites\/6\/2018\/08\/CD_JudinRancane-324x324.jpg\" class=\"attachment-woocommerce_thumbnail size-woocommerce_thumbnail\" alt=\"\" srcset=\"https:\/\/lauska.lv\/veikals\/wp-content\/uploads\/sites\/6\/2018\/08\/CD_JudinRancane-324x324.jpg 324w, https:\/\/lauska.lv\/veikals\/wp-content\/uploads\/sites\/6\/2018\/08\/CD_JudinRancane-100x100.jpg 100w, https:\/\/lauska.lv\/veikals\/wp-content\/uploads\/sites\/6\/2018\/08\/CD_JudinRancane-150x150.jpg 150w, https:\/\/lauska.lv\/veikals\/wp-content\/uploads\/sites\/6\/2018\/08\/CD_JudinRancane-300x300.jpg 300w, https:\/\/lauska.lv\/veikals\/wp-content\/uploads\/sites\/6\/2018\/08\/CD_JudinRancane.jpg 408w\" sizes=\"(max-width: 324px) 100vw, 324px\" \/><h2 class=\"woocommerce-loop-product__title\">Op. 2<\/h2>\n\t<span class=\"price\"><span class=\"woocommerce-Price-amount amount\"><bdi>10.00&nbsp;<span class=\"woocommerce-Price-currencySymbol\">&euro;<\/span><\/bdi><\/span> <small class=\"woocommerce-price-suffix\">iesk. PVN<\/small><\/span>\n<\/a><a href=\"https:\/\/lauska.lv\/veikals\/Preces\/op-2\/\" data-quantity=\"1\" class=\"button product_type_simple\" data-product_id=\"935\" data-product_sku=\"2017 CD_aaraa_02\" aria-label=\"Read more about &ldquo;Op. 2&rdquo;\" aria-describedby=\"\" rel=\"nofollow\">Skat\u012bt<\/a><\/li>\n<\/ul>\n<\/div>\n\n\n\n<h2 class=\"wp-block-heading\">Video<\/h2>\n\n\n\n<hr class=\"wp-block-separator\"\/>\n\n\n\n<figure class=\"wp-block-embed-youtube wp-block-embed is-type-video is-provider-youtube wp-has-aspect-ratio wp-embed-aspect-16-9\"><div class=\"wp-block-embed__wrapper\">\n<span class=\"embed-youtube\" style=\"text-align:center; display: block;\"><iframe class=\"youtube-player\" width=\"980\" height=\"552\" src=\"https:\/\/www.youtube.com\/embed\/Z-isZMO5UEc?version=3&#038;rel=1&#038;showsearch=0&#038;showinfo=1&#038;iv_load_policy=1&#038;fs=1&#038;hl=lv-LV&#038;autohide=2&#038;wmode=transparent\" allowfullscreen=\"true\" style=\"border:0;\" sandbox=\"allow-scripts allow-same-origin allow-popups allow-presentation allow-popups-to-escape-sandbox\"><\/iframe><\/span>\n<\/div><\/figure>\n","protected":false},"excerpt":{"rendered":"<p>Video<\/p>\n","protected":false},"author":2,"featured_media":0,"parent":218,"menu_order":0,"comment_status":"closed","ping_status":"closed","template":"page-group.php","meta":{"jetpack_post_was_ever_published":false,"footnotes":""},"categories":[559,578],"tags":[],"jetpack_sharing_enabled":true,"_links":{"self":[{"href":"https:\/\/lauska.lv\/veikals\/wp-json\/wp\/v2\/pages\/1323"}],"collection":[{"href":"https:\/\/lauska.lv\/veikals\/wp-json\/wp\/v2\/pages"}],"about":[{"href":"https:\/\/lauska.lv\/veikals\/wp-json\/wp\/v2\/types\/page"}],"author":[{"embeddable":true,"href":"https:\/\/lauska.lv\/veikals\/wp-json\/wp\/v2\/users\/2"}],"replies":[{"embeddable":true,"href":"https:\/\/lauska.lv\/veikals\/wp-json\/wp\/v2\/comments?post=1323"}],"version-history":[{"count":6,"href":"https:\/\/lauska.lv\/veikals\/wp-json\/wp\/v2\/pages\/1323\/revisions"}],"predecessor-version":[{"id":3277,"href":"https:\/\/lauska.lv\/veikals\/wp-json\/wp\/v2\/pages\/1323\/revisions\/3277"}],"up":[{"embeddable":true,"href":"https:\/\/lauska.lv\/veikals\/wp-json\/wp\/v2\/pages\/218"}],"wp:attachment":[{"href":"https:\/\/lauska.lv\/veikals\/wp-json\/wp\/v2\/media?parent=1323"}],"wp:term":[{"taxonomy":"category","embeddable":true,"href":"https:\/\/lauska.lv\/veikals\/wp-json\/wp\/v2\/categories?post=1323"},{"taxonomy":"post_tag","embeddable":true,"href":"https:\/\/lauska.lv\/veikals\/wp-json\/wp\/v2\/tags?post=1323"}],"curies":[{"name":"wp","href":"https:\/\/api.w.org\/{rel}","templated":true}]}}