{"id":1316,"date":"2018-08-28T12:18:35","date_gmt":"2018-08-28T09:18:35","guid":{"rendered":"http:\/\/lauska.lv\/veikals\/makslinieki\/skandi"},"modified":"2018-10-05T01:39:50","modified_gmt":"2018-10-04T22:39:50","slug":"skandi","status":"publish","type":"page","link":"https:\/\/lauska.lv\/veikals\/makslinieki-2\/skandi\/","title":{"rendered":"Skandi"},"content":{"rendered":"\n<div class=\"wp-block-organic-profile-block\"><div class=\"organic-profile-content-title\"><nameartist>Skandi<\/nameartist><hr\/><\/div><div class=\"organic-profile-content-flex\" style=\"text-align:left\"><div class=\"organic-profile-image\" style=\"background-image:url(http:\/\/lauska.lv\/veikalsbeta\/wp-content\/uploads\/sites\/6\/2018\/08\/Group_Skandi.jpg)\"><img decoding=\"async\" src=\"http:\/\/lauska.lv\/veikalsbeta\/wp-content\/uploads\/sites\/6\/2018\/08\/Group_Skandi.jpg\"\/><\/div><div class=\"organic-profile-content\" style=\"text-align:left\"><p><strong>Baiba \u0112rgle<\/strong>\u00a0vijole, balss<br\/><strong>Zane Leimane<\/strong>\u00a0vijole, balss<br\/><strong>Em\u012bls Zonne<\/strong>\u00a0balss, st\u012bgu instrumenti<br\/><strong>Jumis Lo\u010dmelis<\/strong>\u00a0bungas, balss<br\/><br\/>Skandi ar patiesu siltumu dom\u0101 par Latviju! T\u0101 ir p\u0101rsteidzo\u0161a valsts , kas apbur un valdzina ar savu skaistumu ! Iedvesmojoties no Latvietim tuv\u0101k\u0101 \u2013 me\u017eiem, draugu sirsn\u012bbas, j\u016bras krastiem k\u0101 ar\u012b gadsimtiem kr\u0101tu un glab\u0101tu trad\u012bciju m\u0113s sniedzam \u0161\u012b visa apkopojumu Jums \u2013 Lai Skand ar\u012b j\u016bsu sird\u012bs!<br\/><\/p><div class=\"organic-profile-social\"><a class=\"social-link\" href=\"https:\/\/www.facebook.com\/SKANDIdzied\/\" target=\"_blank\"><i class=\"fab fa-facebook-f\"><\/i><\/a><\/div><\/div><\/div><\/div>\n\n\n<div class=\"woocommerce columns-4 \"><ul class=\"products columns-4\">\n<li class=\"product type-product post-975 status-publish first instock product_cat-artemisia-absinthium product_cat-bezgalibiesi product_cat-brali-un-masas product_cat-ceidari product_cat-dj-monsta product_cat-elza-rozentale-un-bur-mani product_cat-gaudeamus-viru-koris product_cat-jansone-laima product_cat-jansons-oskars product_cat-jauno-janu-orkestris product_cat-katalogs product_cat-kazaks-karlis product_cat-lipors-edgars product_cat-misters product_cat-muktupavela-ruta product_cat-muktupavels-valdis product_cat-post-folks product_cat-rava product_cat-skandi product_cat-sviests product_cat-tautumeitas product_cat-teikas-muzikanti product_cat-trejasmens product_cat-varna product_cat-zanri product_tag-46 has-post-thumbnail taxable shipping-taxable purchasable product-type-simple\">\n\t<a href=\"https:\/\/lauska.lv\/veikals\/Preces\/sviests-7\/\" class=\"woocommerce-LoopProduct-link woocommerce-loop-product__link\"><img fetchpriority=\"high\" decoding=\"async\" width=\"324\" height=\"324\" src=\"https:\/\/lauska.lv\/veikals\/wp-content\/uploads\/sites\/6\/2018\/08\/sviests7-front-small-324x324.jpg\" class=\"attachment-woocommerce_thumbnail size-woocommerce_thumbnail\" alt=\"\" srcset=\"https:\/\/lauska.lv\/veikals\/wp-content\/uploads\/sites\/6\/2018\/08\/sviests7-front-small-324x324.jpg 324w, https:\/\/lauska.lv\/veikals\/wp-content\/uploads\/sites\/6\/2018\/08\/sviests7-front-small-100x100.jpg 100w, https:\/\/lauska.lv\/veikals\/wp-content\/uploads\/sites\/6\/2018\/08\/sviests7-front-small-150x150.jpg 150w\" sizes=\"(max-width: 324px) 100vw, 324px\" \/><h2 class=\"woocommerce-loop-product__title\">SVIESTS 7<\/h2>\n\t<span class=\"price\"><span class=\"woocommerce-Price-amount amount\"><bdi>10.00&nbsp;<span class=\"woocommerce-Price-currencySymbol\">&euro;<\/span><\/bdi><\/span> <small class=\"woocommerce-price-suffix\">iesk. PVN<\/small><\/span>\n<\/a><a href=\"?add-to-cart=975\" data-quantity=\"1\" class=\"button product_type_simple add_to_cart_button ajax_add_to_cart\" data-product_id=\"975\" data-product_sku=\"2017 CD071\" aria-label=\"Add to cart: &ldquo;SVIESTS 7&rdquo;\" aria-describedby=\"\" rel=\"nofollow\">+<\/a><\/li>\n<\/ul>\n<\/div>\n\n\n\n<h2 class=\"wp-block-heading\">Video<\/h2>\n\n\n\n<hr class=\"wp-block-separator\"\/>\n\n\n\n<figure class=\"wp-block-embed-youtube wp-block-embed is-type-video is-provider-youtube wp-has-aspect-ratio wp-embed-aspect-16-9\"><div class=\"wp-block-embed__wrapper\">\n<span class=\"embed-youtube\" style=\"text-align:center; display: block;\"><iframe class=\"youtube-player\" width=\"980\" height=\"552\" src=\"https:\/\/www.youtube.com\/embed\/qGmYvyAgFF0?version=3&#038;rel=1&#038;showsearch=0&#038;showinfo=1&#038;iv_load_policy=1&#038;fs=1&#038;hl=lv-LV&#038;autohide=2&#038;wmode=transparent\" allowfullscreen=\"true\" style=\"border:0;\" sandbox=\"allow-scripts allow-same-origin allow-popups allow-presentation allow-popups-to-escape-sandbox\"><\/iframe><\/span>\n<\/div><\/figure>\n","protected":false},"excerpt":{"rendered":"<p>Video<\/p>\n","protected":false},"author":2,"featured_media":0,"parent":218,"menu_order":0,"comment_status":"closed","ping_status":"closed","template":"page-group.php","meta":{"jetpack_post_was_ever_published":false,"footnotes":""},"categories":[559,578],"tags":[],"jetpack_sharing_enabled":true,"_links":{"self":[{"href":"https:\/\/lauska.lv\/veikals\/wp-json\/wp\/v2\/pages\/1316"}],"collection":[{"href":"https:\/\/lauska.lv\/veikals\/wp-json\/wp\/v2\/pages"}],"about":[{"href":"https:\/\/lauska.lv\/veikals\/wp-json\/wp\/v2\/types\/page"}],"author":[{"embeddable":true,"href":"https:\/\/lauska.lv\/veikals\/wp-json\/wp\/v2\/users\/2"}],"replies":[{"embeddable":true,"href":"https:\/\/lauska.lv\/veikals\/wp-json\/wp\/v2\/comments?post=1316"}],"version-history":[{"count":3,"href":"https:\/\/lauska.lv\/veikals\/wp-json\/wp\/v2\/pages\/1316\/revisions"}],"predecessor-version":[{"id":3267,"href":"https:\/\/lauska.lv\/veikals\/wp-json\/wp\/v2\/pages\/1316\/revisions\/3267"}],"up":[{"embeddable":true,"href":"https:\/\/lauska.lv\/veikals\/wp-json\/wp\/v2\/pages\/218"}],"wp:attachment":[{"href":"https:\/\/lauska.lv\/veikals\/wp-json\/wp\/v2\/media?parent=1316"}],"wp:term":[{"taxonomy":"category","embeddable":true,"href":"https:\/\/lauska.lv\/veikals\/wp-json\/wp\/v2\/categories?post=1316"},{"taxonomy":"post_tag","embeddable":true,"href":"https:\/\/lauska.lv\/veikals\/wp-json\/wp\/v2\/tags?post=1316"}],"curies":[{"name":"wp","href":"https:\/\/api.w.org\/{rel}","templated":true}]}}