{"id":1305,"date":"2018-08-28T12:14:39","date_gmt":"2018-08-28T09:14:39","guid":{"rendered":"http:\/\/lauska.lv\/veikals\/makslinieki\/stipras-sievas"},"modified":"2018-10-05T01:55:22","modified_gmt":"2018-10-04T22:55:22","slug":"stipras-sievas","status":"publish","type":"page","link":"https:\/\/lauska.lv\/veikals\/makslinieki-2\/stipras-sievas\/","title":{"rendered":"Stipr\u0101s sievas"},"content":{"rendered":"\n<div class=\"wp-block-organic-profile-block\"><div class=\"organic-profile-content-title\"><nameartist><\/nameartist><hr\/><\/div><div class=\"organic-profile-content-flex\" style=\"text-align:left\"><div class=\"organic-profile-image\" style=\"background-image:url(http:\/\/lauska.lv\/veikalsbeta\/wp-content\/uploads\/sites\/6\/2018\/08\/Group_StiprasSievas.jpg)\"><img decoding=\"async\" src=\"http:\/\/lauska.lv\/veikalsbeta\/wp-content\/uploads\/sites\/6\/2018\/08\/Group_StiprasSievas.jpg\"\/><\/div><div class=\"organic-profile-content\" style=\"text-align:left\"><p><strong>Igeta Gai\u0137e<\/strong><br\/><strong>Dina Skreitule<\/strong><br\/><strong>Gunta Aps\u012bte<\/strong><br\/><strong>Inese Mail\u012bte<\/strong><br\/><strong>L\u012bga Puri\u0146a<\/strong><br\/><strong>In\u0101ra Garkl\u0101va<\/strong><br\/><strong>Solvita Valtere<\/strong><br\/><strong>Inta Gr\u012bnberga<\/strong><br\/><strong>Agnese B\u0113rzi\u0146a<br\/>Dace Melb\u0101rde<br\/><br\/><\/strong>Br\u012bv\u0101s gribas ansamblis \u201cStipr\u0101s sievas\u201d savu darb\u012bbu uzs\u0101cis pirms 5 gadiem M\u016bzikas un m\u0101kslas festiv\u0101l\u0101 \u201cBildes\u201d, kur nometnes nosl\u0113guma koncertam tika sagatavota viena dziesma. N\u0101kamaj\u0101 vasar\u0101 tapa v\u0113l viena dziesma, p\u0113c gada atkal n\u0101kam\u0101. Tad Stipr\u0101s sievas tika ieaicin\u0101tas uzst\u0101ties Folkkoncert\u0101, kur bija c\u012bt\u012bgi j\u0101gatavojas. Kop\u0161 t\u0101 laika Stipr\u0101s sievas san\u0101k reizi ned\u0113\u013c\u0101 uz m\u0113\u0123in\u0101jumiemam. \u201cBil\u017eu\u201d30 gadu jubilej\u0101 Stipr\u0101s sievas jau uzst\u0101j\u0101s Veter\u0101nu koncert\u0101 sadarb\u012bb\u0101 ar Raimondu Tigulu. Stipr\u0101s sievas uzst\u0101ju\u0161\u0101s Balt\u0101 galdauta sv\u0113tkos 2016.un 2017.gad\u0101, vad\u012bju\u0161as J\u0101\u0146u ritu Bonn\u0101, Annaberg\u0101 trimdas latvie\u0161iem, uzst\u0101ju\u0161\u0101s Br\u012bvdabas muzej\u0101 Muzeju nakt\u012b, lielaj\u0101 Gadatirg\u016b, Zin\u0101t\u0146u akad\u0113mij\u0101, Lapme\u017eciem\u0101, un patreiz gatavojas dal\u012bbai Eslingenas Dziesmu sv\u0113tkos V\u0101cij\u0101.<strong><br\/><\/strong><\/p><div class=\"organic-profile-social\"><a class=\"social-link\" href=\"https:\/\/www.facebook.com\/StiprasSievas\/\" target=\"_blank\"><i class=\"fab fa-facebook-f\"><\/i><\/a><\/div><\/div><\/div><\/div>\n\n\n<div class=\"woocommerce columns-4 \"><\/div>\n\n\n\n<h2 class=\"wp-block-heading\">Video<\/h2>\n\n\n\n<hr class=\"wp-block-separator\"\/>\n\n\n\n<figure class=\"wp-block-embed-youtube wp-block-embed is-type-video is-provider-youtube wp-has-aspect-ratio wp-embed-aspect-16-9\"><div class=\"wp-block-embed__wrapper\">\n<span class=\"embed-youtube\" style=\"text-align:center; display: block;\"><iframe class=\"youtube-player\" width=\"980\" height=\"552\" src=\"https:\/\/www.youtube.com\/embed\/zbgBnFKLJCQ?version=3&#038;rel=1&#038;showsearch=0&#038;showinfo=1&#038;iv_load_policy=1&#038;fs=1&#038;hl=lv-LV&#038;autohide=2&#038;wmode=transparent\" allowfullscreen=\"true\" style=\"border:0;\" sandbox=\"allow-scripts allow-same-origin allow-popups allow-presentation allow-popups-to-escape-sandbox\"><\/iframe><\/span>\n<\/div><\/figure>\n","protected":false},"excerpt":{"rendered":"<p>Video<\/p>\n","protected":false},"author":2,"featured_media":0,"parent":218,"menu_order":0,"comment_status":"closed","ping_status":"closed","template":"page-group.php","meta":{"jetpack_post_was_ever_published":false,"footnotes":""},"categories":[559,578],"tags":[],"jetpack_sharing_enabled":true,"_links":{"self":[{"href":"https:\/\/lauska.lv\/veikals\/wp-json\/wp\/v2\/pages\/1305"}],"collection":[{"href":"https:\/\/lauska.lv\/veikals\/wp-json\/wp\/v2\/pages"}],"about":[{"href":"https:\/\/lauska.lv\/veikals\/wp-json\/wp\/v2\/types\/page"}],"author":[{"embeddable":true,"href":"https:\/\/lauska.lv\/veikals\/wp-json\/wp\/v2\/users\/2"}],"replies":[{"embeddable":true,"href":"https:\/\/lauska.lv\/veikals\/wp-json\/wp\/v2\/comments?post=1305"}],"version-history":[{"count":3,"href":"https:\/\/lauska.lv\/veikals\/wp-json\/wp\/v2\/pages\/1305\/revisions"}],"predecessor-version":[{"id":3278,"href":"https:\/\/lauska.lv\/veikals\/wp-json\/wp\/v2\/pages\/1305\/revisions\/3278"}],"up":[{"embeddable":true,"href":"https:\/\/lauska.lv\/veikals\/wp-json\/wp\/v2\/pages\/218"}],"wp:attachment":[{"href":"https:\/\/lauska.lv\/veikals\/wp-json\/wp\/v2\/media?parent=1305"}],"wp:term":[{"taxonomy":"category","embeddable":true,"href":"https:\/\/lauska.lv\/veikals\/wp-json\/wp\/v2\/categories?post=1305"},{"taxonomy":"post_tag","embeddable":true,"href":"https:\/\/lauska.lv\/veikals\/wp-json\/wp\/v2\/tags?post=1305"}],"curies":[{"name":"wp","href":"https:\/\/api.w.org\/{rel}","templated":true}]}}