{"id":1255,"date":"2018-08-28T11:45:05","date_gmt":"2018-08-28T08:45:05","guid":{"rendered":"http:\/\/lauska.lv\/veikals\/makslinieki\/skutelnieki"},"modified":"2018-10-05T01:44:43","modified_gmt":"2018-10-04T22:44:43","slug":"skutelnieki","status":"publish","type":"page","link":"https:\/\/lauska.lv\/veikals\/makslinieki-2\/skutelnieki\/","title":{"rendered":"Skutelnieki"},"content":{"rendered":"\n<div class=\"wp-block-organic-profile-block\"><div class=\"organic-profile-content-title\"><nameartist>Skutelnieki<\/nameartist><hr\/><\/div><div class=\"organic-profile-content-flex\" style=\"text-align:left\"><div class=\"organic-profile-image\" style=\"background-image:url(http:\/\/lauska.lv\/veikalsbeta\/wp-content\/uploads\/sites\/6\/2018\/08\/Group_Skutelnieki_01.jpg)\"><img decoding=\"async\" src=\"http:\/\/lauska.lv\/veikalsbeta\/wp-content\/uploads\/sites\/6\/2018\/08\/Group_Skutelnieki_01.jpg\"\/><\/div><div class=\"organic-profile-content\" style=\"text-align:left\"><p><strong>Uldis B\u0113rzi\u0146\u0161<\/strong><br\/><strong>Inguna \u017dogota<\/strong><br\/><strong>Solvita B\u0113rzi\u0146a<\/strong><br\/><strong>Annija Blauss<\/strong><br\/><strong>Liene B\u0113rzi\u0146a<\/strong><br\/><strong>M\u0101r\u012bte Gra\u017eule<br\/><br\/><\/strong>Sp\u0113lma\u0146u kopa \u201cSkutelnieki\u201d izveidota 2007. gada s\u0101kum\u0101, Koknes\u0113. T\u0101s vad\u012bt\u0101ji ir Inguna \u017dogota un Uldis B\u0113rzi\u0146\u0161. Kopas pamatsast\u0101v\u0101 ir 6 dal\u012bbnieki (no tiem 1 v\u012brietis, 5 sievietes). Grup\u0101 darbojas: Uldis B\u0113rzi\u0146\u0161, Solvita B\u0113rzi\u0146a, Liene B\u0113rzi\u0146a, Inguna \u017dogota, M\u0101r\u012bte Gra\u017eule, Annija Blaus.<br\/>Grupa sp\u0113l\u0113 da\u017e\u0101dus latvie\u0161u tautas m\u016bzikas instrumentus: ermo\u0146ikas, kokli, mandol\u012bnu, d\u016bdas, vijoli, \u0123\u012bgu, c\u012btaru, blokflautu, bungas, varganu. Instrumentu sast\u0101v\u0101 ietilpst ar\u012b afrik\u0101\u0146u stila bungas un da\u017e\u0101di ritma instrumenti. Kopa p\u0101rsvar\u0101 izpilda latvie\u0161u tautas m\u016bziku. Sp\u0113l\u0113 gan k\u0101z\u0101s, gan da\u017e\u0101dos festiv\u0101los un koncertos.<br\/>2007. gad\u0101 piedal\u012bj\u0101s starptautiskaj\u0101 tautas muzikantu festiv\u0101l\u0101 Kuld\u012bg\u0101 un festiv\u0101l\u0101 \u201cLustes J\u0113kabpil\u012b\u201d. 2008. gad\u0101 piedal\u012bj\u0101s Visp\u0101r\u0113jos latvie\u0161u Dziesmu sv\u0113tkos.<strong><br\/><\/strong><\/p><div class=\"organic-profile-social\"><\/div><\/div><\/div><\/div>\n\n\n<div class=\"woocommerce columns-4 \"><ul class=\"products columns-4\">\n<li class=\"product type-product post-1200 status-publish first outofstock product_cat-folklora product_cat-katalogs product_cat-skutelnieki product_cat-zanri product_tag-42 has-post-thumbnail taxable shipping-taxable purchasable product-type-simple\">\n\t<a href=\"https:\/\/lauska.lv\/veikals\/Preces\/kokneses-balss\/\" class=\"woocommerce-LoopProduct-link woocommerce-loop-product__link\"><img fetchpriority=\"high\" decoding=\"async\" width=\"324\" height=\"324\" src=\"https:\/\/lauska.lv\/veikals\/wp-content\/uploads\/sites\/6\/2018\/08\/Cover_Skutelnieki-Kokneses-balss_01-324x324.jpg\" class=\"attachment-woocommerce_thumbnail size-woocommerce_thumbnail\" alt=\"\" srcset=\"https:\/\/lauska.lv\/veikals\/wp-content\/uploads\/sites\/6\/2018\/08\/Cover_Skutelnieki-Kokneses-balss_01-324x324.jpg 324w, https:\/\/lauska.lv\/veikals\/wp-content\/uploads\/sites\/6\/2018\/08\/Cover_Skutelnieki-Kokneses-balss_01-100x100.jpg 100w, https:\/\/lauska.lv\/veikals\/wp-content\/uploads\/sites\/6\/2018\/08\/Cover_Skutelnieki-Kokneses-balss_01-150x150.jpg 150w\" sizes=\"(max-width: 324px) 100vw, 324px\" \/><h2 class=\"woocommerce-loop-product__title\">Kokneses balss<\/h2>\n\t<span class=\"price\"><span class=\"woocommerce-Price-amount amount\"><bdi>10.00&nbsp;<span class=\"woocommerce-Price-currencySymbol\">&euro;<\/span><\/bdi><\/span> <small class=\"woocommerce-price-suffix\">iesk. PVN<\/small><\/span>\n<\/a><a href=\"https:\/\/lauska.lv\/veikals\/Preces\/kokneses-balss\/\" data-quantity=\"1\" class=\"button product_type_simple\" data-product_id=\"1200\" data-product_sku=\"2014 CD050\" aria-label=\"Read more about &ldquo;Kokneses balss&rdquo;\" aria-describedby=\"\" rel=\"nofollow\">Skat\u012bt<\/a><\/li>\n<\/ul>\n<\/div>\n","protected":false},"excerpt":{"rendered":"","protected":false},"author":2,"featured_media":0,"parent":218,"menu_order":0,"comment_status":"closed","ping_status":"closed","template":"page-group.php","meta":{"jetpack_post_was_ever_published":false,"footnotes":""},"categories":[559,578],"tags":[],"jetpack_sharing_enabled":true,"_links":{"self":[{"href":"https:\/\/lauska.lv\/veikals\/wp-json\/wp\/v2\/pages\/1255"}],"collection":[{"href":"https:\/\/lauska.lv\/veikals\/wp-json\/wp\/v2\/pages"}],"about":[{"href":"https:\/\/lauska.lv\/veikals\/wp-json\/wp\/v2\/types\/page"}],"author":[{"embeddable":true,"href":"https:\/\/lauska.lv\/veikals\/wp-json\/wp\/v2\/users\/2"}],"replies":[{"embeddable":true,"href":"https:\/\/lauska.lv\/veikals\/wp-json\/wp\/v2\/comments?post=1255"}],"version-history":[{"count":3,"href":"https:\/\/lauska.lv\/veikals\/wp-json\/wp\/v2\/pages\/1255\/revisions"}],"predecessor-version":[{"id":3270,"href":"https:\/\/lauska.lv\/veikals\/wp-json\/wp\/v2\/pages\/1255\/revisions\/3270"}],"up":[{"embeddable":true,"href":"https:\/\/lauska.lv\/veikals\/wp-json\/wp\/v2\/pages\/218"}],"wp:attachment":[{"href":"https:\/\/lauska.lv\/veikals\/wp-json\/wp\/v2\/media?parent=1255"}],"wp:term":[{"taxonomy":"category","embeddable":true,"href":"https:\/\/lauska.lv\/veikals\/wp-json\/wp\/v2\/categories?post=1255"},{"taxonomy":"post_tag","embeddable":true,"href":"https:\/\/lauska.lv\/veikals\/wp-json\/wp\/v2\/tags?post=1255"}],"curies":[{"name":"wp","href":"https:\/\/api.w.org\/{rel}","templated":true}]}}