{"id":1247,"date":"2018-08-28T11:42:15","date_gmt":"2018-08-28T08:42:15","guid":{"rendered":"http:\/\/lauska.lv\/veikals\/makslinieki\/skandinieki"},"modified":"2018-10-05T01:42:29","modified_gmt":"2018-10-04T22:42:29","slug":"skandinieki","status":"publish","type":"page","link":"https:\/\/lauska.lv\/veikals\/makslinieki-2\/skandinieki\/","title":{"rendered":"Skandinieki"},"content":{"rendered":"\n<div class=\"wp-block-organic-profile-block\"><div class=\"organic-profile-content-title\"><nameartist>Skandinieki<\/nameartist><hr\/><\/div><div class=\"organic-profile-content-flex\" style=\"text-align:left\"><div class=\"organic-profile-image\" style=\"background-image:url(http:\/\/lauska.lv\/veikalsbeta\/wp-content\/uploads\/sites\/6\/2018\/08\/Group_Skandinieki.jpg)\"><img decoding=\"async\" src=\"http:\/\/lauska.lv\/veikalsbeta\/wp-content\/uploads\/sites\/6\/2018\/08\/Group_Skandinieki.jpg\"\/><\/div><div class=\"organic-profile-content\" style=\"text-align:left\"><p>Kopu, kas aizs\u0101ka folkloras kust\u012bbu Latvij\u0101, 1976. gad\u0101 izveidoja un ilgus gadus vad\u012bja Helm\u012b un Dainis Stalti. Nu Skandinieku vad\u012bbu p\u0101r\u0146\u0113musi vi\u0146u meita Julg\u012b Stalte.<br\/>Folkloras draugu kopa \u201eSkandinieki\u201d Dai\u0146a un Helm\u012b Staltu vad\u012bb\u0101 pirms vair\u0101k k\u0101 30 gadiem aizs\u0101ka folkloras kust\u012bbu Latvij\u0101, kas rezult\u0113j\u0101s folkloras materi\u0101lu v\u0101k\u0161anas, saglab\u0101\u0161anas un izp\u0113tes aktualiz\u0101cij\u0101, dz\u012bvesveida folklorism\u0101, dziesmotaj\u0101 revol\u016bcij\u0101, da\u017e\u0101du jaunu folkloras un p\u0113t\u012bjumu virzienu izveid\u0113 u.t.t. L\u012bdz\u0101s latvie\u0161u kult\u016bras bag\u0101t\u012bb\u0101m, kopjot un populariz\u0113jot ar\u012b l\u012bvu tautas mantojumu, ats\u0101k\u0101s diskusija par Latviju k\u0101 divu lielu kult\u016bru \u2013 baltu un somugru \u2013 mijiedarb\u012bbas \u016bnikumu. Skandinieku sekot\u0101ji sastopami ne tikai Latvij\u0101, bet ar\u012b trimdas latvie\u0161u vid\u016b. Skandinieki ir ne vien daudzu folkloras, m\u016bzikas, deju u.c. grupu iedvesmot\u0101ji, bet ar\u012b pamatlic\u0113ji, mundrinot t\u0101l\u0101kam ce\u013cam jaunus, zino\u0161us, talant\u012bgus un sp\u0113c\u012bgus vad\u012bt\u0101jus (Ilgu Reiznieci (I\u013c\u0123i \u2013 postfolklora), Valdi Muktup\u0101velu (Rasa \u2013 etnomuzikolo\u0123ija), Veltu Leju (Dimz\u0113ns \u2013 Zemgales tradicion\u0101l\u0101 kult\u016bra u.c.)) vis\u0101 Latvij\u0101. Ar Skandinieku l\u012bdzdal\u012bbu aizs\u0101k\u0101s ar\u012b starptautiskais folkloras festiv\u0101ls \u201eBaltica\u201d.<\/p><div class=\"organic-profile-social\"><a class=\"social-link\" href=\"https:\/\/www.facebook.com\/skandinieki\/?fb_dtsg_ag=AdwbkYpIdkl4JaqUGWYQ3SPOp-LNwVF1K2BAbNFCMHcg6Q%3AAdwdImSZ9i9v4030fFjUW6SV4kaA7Q-bXgWZ7vhxp6zhtA\" target=\"_blank\"><i class=\"fab fa-facebook-f\"><\/i><\/a><a class=\"social-link\" href=\"https:\/\/twitter.com\/skandinieki\" target=\"_blank\"><i class=\"fab fa-twitter\"><\/i><\/a><a class=\"social-link\" href=\"https:\/\/www.draugiem.lv\/skandinieki\" target=\"_blank\"><i class=\"fas fa-link\"><\/i><\/a><a class=\"social-link\" href=\"https:\/\/www.youtube.com\/channel\/UCDP4teaiiGpzCxC6vZzs4FQ\" target=\"_blank\"><i class=\"fab fa-youtube\"><\/i><\/a><\/div><\/div><\/div><\/div>\n\n\n<div class=\"woocommerce columns-4 \"><ul class=\"products columns-4\">\n<li class=\"product type-product post-18263 status-publish first instock product_cat-banga product_cat-folklora product_cat-garataka product_cat-katalogs product_cat-lans product_cat-lausa product_cat-saviesi product_cat-skandinieki product_cat-vilkaci product_cat-zanri product_tag-729 has-post-thumbnail taxable shipping-taxable purchasable product-type-simple\">\n\t<a href=\"https:\/\/lauska.lv\/veikals\/Preces\/devums\/\" class=\"woocommerce-LoopProduct-link woocommerce-loop-product__link\"><img fetchpriority=\"high\" decoding=\"async\" width=\"324\" height=\"324\" src=\"https:\/\/lauska.lv\/veikals\/wp-content\/uploads\/sites\/6\/2023\/12\/DEVUMS_cd_front_small-324x324.jpg\" class=\"attachment-woocommerce_thumbnail size-woocommerce_thumbnail\" alt=\"\" srcset=\"https:\/\/lauska.lv\/veikals\/wp-content\/uploads\/sites\/6\/2023\/12\/DEVUMS_cd_front_small-324x324.jpg 324w, https:\/\/lauska.lv\/veikals\/wp-content\/uploads\/sites\/6\/2023\/12\/DEVUMS_cd_front_small-300x300.jpg 300w, https:\/\/lauska.lv\/veikals\/wp-content\/uploads\/sites\/6\/2023\/12\/DEVUMS_cd_front_small-150x150.jpg 150w, https:\/\/lauska.lv\/veikals\/wp-content\/uploads\/sites\/6\/2023\/12\/DEVUMS_cd_front_small-768x768.jpg 768w, https:\/\/lauska.lv\/veikals\/wp-content\/uploads\/sites\/6\/2023\/12\/DEVUMS_cd_front_small-416x416.jpg 416w, https:\/\/lauska.lv\/veikals\/wp-content\/uploads\/sites\/6\/2023\/12\/DEVUMS_cd_front_small-100x100.jpg 100w, https:\/\/lauska.lv\/veikals\/wp-content\/uploads\/sites\/6\/2023\/12\/DEVUMS_cd_front_small.jpg 800w\" sizes=\"(max-width: 324px) 100vw, 324px\" \/><h2 class=\"woocommerce-loop-product__title\">Devums<\/h2>\n\t<span class=\"price\"><span class=\"woocommerce-Price-amount amount\"><bdi>10.00&nbsp;<span class=\"woocommerce-Price-currencySymbol\">&euro;<\/span><\/bdi><\/span> <small class=\"woocommerce-price-suffix\">iesk. PVN<\/small><\/span>\n<\/a><a href=\"?add-to-cart=18263\" data-quantity=\"1\" class=\"button product_type_simple add_to_cart_button ajax_add_to_cart\" data-product_id=\"18263\" data-product_sku=\"CD 107\" aria-label=\"Add to cart: &ldquo;Devums&rdquo;\" aria-describedby=\"\" rel=\"nofollow\">+<\/a><\/li>\n<li class=\"product type-product post-919 status-publish instock product_cat-skandinieki product_tag-47 has-post-thumbnail taxable shipping-taxable purchasable product-type-simple\">\n\t<a href=\"https:\/\/lauska.lv\/veikals\/Preces\/kazas-selu-zemes\/\" class=\"woocommerce-LoopProduct-link woocommerce-loop-product__link\"><img decoding=\"async\" width=\"324\" height=\"324\" src=\"https:\/\/lauska.lv\/veikals\/wp-content\/uploads\/sites\/6\/2018\/08\/CDCover_SKANDINIEKI-KazasSeljuZemes-324x324.jpg\" class=\"attachment-woocommerce_thumbnail size-woocommerce_thumbnail\" alt=\"\" srcset=\"https:\/\/lauska.lv\/veikals\/wp-content\/uploads\/sites\/6\/2018\/08\/CDCover_SKANDINIEKI-KazasSeljuZemes-324x324.jpg 324w, https:\/\/lauska.lv\/veikals\/wp-content\/uploads\/sites\/6\/2018\/08\/CDCover_SKANDINIEKI-KazasSeljuZemes-100x100.jpg 100w, https:\/\/lauska.lv\/veikals\/wp-content\/uploads\/sites\/6\/2018\/08\/CDCover_SKANDINIEKI-KazasSeljuZemes-416x416.jpg 416w, https:\/\/lauska.lv\/veikals\/wp-content\/uploads\/sites\/6\/2018\/08\/CDCover_SKANDINIEKI-KazasSeljuZemes-150x150.jpg 150w, https:\/\/lauska.lv\/veikals\/wp-content\/uploads\/sites\/6\/2018\/08\/CDCover_SKANDINIEKI-KazasSeljuZemes-300x300.jpg 300w, https:\/\/lauska.lv\/veikals\/wp-content\/uploads\/sites\/6\/2018\/08\/CDCover_SKANDINIEKI-KazasSeljuZemes.jpg 480w\" sizes=\"(max-width: 324px) 100vw, 324px\" \/><h2 class=\"woocommerce-loop-product__title\">K\u0101zas S\u0113\u013cu zem\u0113s<\/h2>\n\t<span class=\"price\"><span class=\"woocommerce-Price-amount amount\"><bdi>10.00&nbsp;<span class=\"woocommerce-Price-currencySymbol\">&euro;<\/span><\/bdi><\/span> <small class=\"woocommerce-price-suffix\">iesk. PVN<\/small><\/span>\n<\/a><a href=\"?add-to-cart=919\" data-quantity=\"1\" class=\"button product_type_simple add_to_cart_button ajax_add_to_cart\" data-product_id=\"919\" data-product_sku=\"2018 CD077\" aria-label=\"Add to cart: &ldquo;K\u0101zas S\u0113\u013cu zem\u0113s&rdquo;\" aria-describedby=\"\" rel=\"nofollow\">+<\/a><\/li>\n<li class=\"product type-product post-1543 status-publish outofstock product_cat-auli product_cat-auri product_cat-ceiruleits product_cat-delve product_cat-dudinieks product_cat-kala-jeng product_cat-karkle-kristine product_cat-katalogs product_cat-kokle product_cat-laiksne product_cat-lans product_cat-lidojosais-paklajs product_cat-patina product_cat-post-folks product_cat-risa-zvejnieki product_cat-skandinieki product_cat-skyforger product_cat-sviests product_cat-trejasmens product_cat-vilkaci product_cat-visi-veji product_cat-zanri product_tag-33 has-post-thumbnail taxable shipping-taxable purchasable product-type-simple\">\n\t<a href=\"https:\/\/lauska.lv\/veikals\/Preces\/sviests\/\" class=\"woocommerce-LoopProduct-link woocommerce-loop-product__link\"><img decoding=\"async\" width=\"324\" height=\"324\" src=\"https:\/\/lauska.lv\/veikals\/wp-content\/uploads\/sites\/6\/2005\/08\/sviests_1-324x324.png\" class=\"attachment-woocommerce_thumbnail size-woocommerce_thumbnail\" alt=\"\" srcset=\"https:\/\/lauska.lv\/veikals\/wp-content\/uploads\/sites\/6\/2005\/08\/sviests_1-324x324.png 324w, https:\/\/lauska.lv\/veikals\/wp-content\/uploads\/sites\/6\/2005\/08\/sviests_1-150x150.png 150w, https:\/\/lauska.lv\/veikals\/wp-content\/uploads\/sites\/6\/2005\/08\/sviests_1-100x100.png 100w\" sizes=\"(max-width: 324px) 100vw, 324px\" \/><h2 class=\"woocommerce-loop-product__title\">SVIESTS<\/h2>\n\t<span class=\"price\"><span class=\"woocommerce-Price-amount amount\"><bdi>10.00&nbsp;<span class=\"woocommerce-Price-currencySymbol\">&euro;<\/span><\/bdi><\/span> <small class=\"woocommerce-price-suffix\">iesk. PVN<\/small><\/span>\n<\/a><a href=\"https:\/\/lauska.lv\/veikals\/Preces\/sviests\/\" data-quantity=\"1\" class=\"button product_type_simple\" data-product_id=\"1543\" data-product_sku=\"2005 CD005\" aria-label=\"Read more about &ldquo;SVIESTS&rdquo;\" aria-describedby=\"\" rel=\"nofollow\">Skat\u012bt<\/a><\/li>\n<\/ul>\n<\/div>\n\n\n\n<h2 class=\"wp-block-heading\">Video<\/h2>\n\n\n\n<hr class=\"wp-block-separator\"\/>\n\n\n\n<figure class=\"wp-block-embed-youtube wp-block-embed is-type-video is-provider-youtube wp-has-aspect-ratio wp-embed-aspect-4-3\"><div class=\"wp-block-embed__wrapper\">\n<span class=\"embed-youtube\" style=\"text-align:center; display: block;\"><iframe class=\"youtube-player\" width=\"980\" height=\"552\" src=\"https:\/\/www.youtube.com\/embed\/_P3-Nd4CT0U?version=3&#038;rel=1&#038;showsearch=0&#038;showinfo=1&#038;iv_load_policy=1&#038;fs=1&#038;hl=lv-LV&#038;autohide=2&#038;wmode=transparent\" allowfullscreen=\"true\" style=\"border:0;\" sandbox=\"allow-scripts allow-same-origin allow-popups allow-presentation allow-popups-to-escape-sandbox\"><\/iframe><\/span>\n<\/div><\/figure>\n","protected":false},"excerpt":{"rendered":"<p>Video<\/p>\n","protected":false},"author":2,"featured_media":0,"parent":218,"menu_order":0,"comment_status":"closed","ping_status":"closed","template":"page-group.php","meta":{"jetpack_post_was_ever_published":false,"footnotes":""},"categories":[559,578],"tags":[],"jetpack_sharing_enabled":true,"_links":{"self":[{"href":"https:\/\/lauska.lv\/veikals\/wp-json\/wp\/v2\/pages\/1247"}],"collection":[{"href":"https:\/\/lauska.lv\/veikals\/wp-json\/wp\/v2\/pages"}],"about":[{"href":"https:\/\/lauska.lv\/veikals\/wp-json\/wp\/v2\/types\/page"}],"author":[{"embeddable":true,"href":"https:\/\/lauska.lv\/veikals\/wp-json\/wp\/v2\/users\/2"}],"replies":[{"embeddable":true,"href":"https:\/\/lauska.lv\/veikals\/wp-json\/wp\/v2\/comments?post=1247"}],"version-history":[{"count":3,"href":"https:\/\/lauska.lv\/veikals\/wp-json\/wp\/v2\/pages\/1247\/revisions"}],"predecessor-version":[{"id":3268,"href":"https:\/\/lauska.lv\/veikals\/wp-json\/wp\/v2\/pages\/1247\/revisions\/3268"}],"up":[{"embeddable":true,"href":"https:\/\/lauska.lv\/veikals\/wp-json\/wp\/v2\/pages\/218"}],"wp:attachment":[{"href":"https:\/\/lauska.lv\/veikals\/wp-json\/wp\/v2\/media?parent=1247"}],"wp:term":[{"taxonomy":"category","embeddable":true,"href":"https:\/\/lauska.lv\/veikals\/wp-json\/wp\/v2\/categories?post=1247"},{"taxonomy":"post_tag","embeddable":true,"href":"https:\/\/lauska.lv\/veikals\/wp-json\/wp\/v2\/tags?post=1247"}],"curies":[{"name":"wp","href":"https:\/\/api.w.org\/{rel}","templated":true}]}}