{"id":1212,"date":"2018-08-28T11:32:54","date_gmt":"2018-08-28T08:32:54","guid":{"rendered":"http:\/\/lauska.lv\/veikals\/makslinieki\/simanis-haralds"},"modified":"2018-10-05T01:37:09","modified_gmt":"2018-10-04T22:37:09","slug":"simanis-haralds","status":"publish","type":"page","link":"https:\/\/lauska.lv\/veikals\/makslinieki-2\/simanis-haralds\/","title":{"rendered":"S\u012bmanis Haralds"},"content":{"rendered":"\n<div class=\"wp-block-organic-profile-block\"><div class=\"organic-profile-content-title\"><nameartist>Haralds S\u012bmanis<\/nameartist><hr\/><\/div><div class=\"organic-profile-content-flex\" style=\"text-align:left\"><div class=\"organic-profile-image\" style=\"background-image:url(http:\/\/lauska.lv\/veikalsbeta\/wp-content\/uploads\/sites\/6\/2018\/08\/Group_SimanisHaralds.jpg)\"><img decoding=\"async\" src=\"http:\/\/lauska.lv\/veikalsbeta\/wp-content\/uploads\/sites\/6\/2018\/08\/Group_SimanisHaralds.jpg\"\/><\/div><div class=\"organic-profile-content\" style=\"text-align:left\"><p>Dzimis 1951. gad\u0101 C\u0113s\u012bs jaukt\u0101 \u010dig\u0101nu \u2013 latvie\u0161u \u0123imen\u0113.Muzik\u0101lo izgl\u012bt\u012bbu nav ieguvis, bet \u0123it\u0101ras un \u0113r\u0123e\u013cu sp\u0113li apguvis pa\u0161m\u0101c\u012bbas ce\u013c\u0101. Jau 1970. gados S\u012bmanis uzs\u0101ka sadarb\u012bbu ar Arv\u012bdu Ulmi, kura dzeju sav\u0101s dziesm\u0101s izmanto joproj\u0101m. 1976. gad\u0101 sacer\u0113jis po\u0113mu \u0113r\u0123el\u0113m \u201cM\u012blest\u012bba nekad nebeidzas\u201d, divus gadus v\u0113l\u0101k dziesmu ciklu \u201cLikte\u0146a lietavas\u201d, bet 1979. gad\u0101 \u2014 ciklu \u201cPar z\u0101li, s\u0101li un Tevi\u201d.<br\/>Pla\u0161\u0101ku atpaz\u012bstam\u012bbu H. S\u012bmanis ieguva 1980. gad\u0101, kad \u201cMikrofona dziesmu aptaujas\u201d nosl\u0113guma koncert\u0101 izpild\u012bja savu bal\u0101di \u201cEzers\u201d, kas ar savu skan\u0113jumu krasi at\u0161\u0137\u012br\u0101s no visa, kas l\u012bdz tam ir ticis p\u0101rraid\u012bts Latvijas telev\u012bzij\u0101. Asto\u0146desmito gadu s\u0101kum\u0101 vi\u0146\u0161 darbojas profesion\u0101lajos Filharmonijas kolekt\u012bvos \u201cTip Top\u201d un \u201cL\u0101\u010dpl\u0113sis\u201d, tom\u0113r p\u0113c da\u017eiem gadiem izv\u0113l\u0113j\u0101s muzic\u0113t individu\u0101li.<\/p><div class=\"organic-profile-social\"><\/div><\/div><\/div><\/div>\n\n\n<div class=\"woocommerce columns-4 \"><ul class=\"products columns-4\">\n<li class=\"product type-product post-18113 status-publish first instock product_cat-lausa product_cat-simanis-haralds product_tag-722 has-post-thumbnail taxable shipping-taxable purchasable product-type-simple\">\n\t<a href=\"https:\/\/lauska.lv\/veikals\/Preces\/pa-apli-skanuplate\/\" class=\"woocommerce-LoopProduct-link woocommerce-loop-product__link\"><img fetchpriority=\"high\" decoding=\"async\" width=\"324\" height=\"324\" src=\"https:\/\/lauska.lv\/veikals\/wp-content\/uploads\/sites\/6\/2022\/07\/Pa-apli_LP-frontA-324x324.jpg\" class=\"attachment-woocommerce_thumbnail size-woocommerce_thumbnail\" alt=\"\" srcset=\"https:\/\/lauska.lv\/veikals\/wp-content\/uploads\/sites\/6\/2022\/07\/Pa-apli_LP-frontA-324x324.jpg 324w, https:\/\/lauska.lv\/veikals\/wp-content\/uploads\/sites\/6\/2022\/07\/Pa-apli_LP-frontA-100x100.jpg 100w, https:\/\/lauska.lv\/veikals\/wp-content\/uploads\/sites\/6\/2022\/07\/Pa-apli_LP-frontA-416x416.jpg 416w, https:\/\/lauska.lv\/veikals\/wp-content\/uploads\/sites\/6\/2022\/07\/Pa-apli_LP-frontA-300x300.jpg 300w, https:\/\/lauska.lv\/veikals\/wp-content\/uploads\/sites\/6\/2022\/07\/Pa-apli_LP-frontA-1024x1024.jpg 1024w, https:\/\/lauska.lv\/veikals\/wp-content\/uploads\/sites\/6\/2022\/07\/Pa-apli_LP-frontA-150x150.jpg 150w, https:\/\/lauska.lv\/veikals\/wp-content\/uploads\/sites\/6\/2022\/07\/Pa-apli_LP-frontA-768x768.jpg 768w, https:\/\/lauska.lv\/veikals\/wp-content\/uploads\/sites\/6\/2022\/07\/Pa-apli_LP-frontA-1536x1536.jpg 1536w, https:\/\/lauska.lv\/veikals\/wp-content\/uploads\/sites\/6\/2022\/07\/Pa-apli_LP-frontA-600x600.jpg 600w, https:\/\/lauska.lv\/veikals\/wp-content\/uploads\/sites\/6\/2022\/07\/Pa-apli_LP-frontA.jpg 2048w\" sizes=\"(max-width: 324px) 100vw, 324px\" \/><h2 class=\"woocommerce-loop-product__title\">Pa apli &#8211; ska\u0146uplate<\/h2>\n\t<span class=\"price\"><span class=\"woocommerce-Price-amount amount\"><bdi>25.00&nbsp;<span class=\"woocommerce-Price-currencySymbol\">&euro;<\/span><\/bdi><\/span> <small class=\"woocommerce-price-suffix\">iesk. PVN<\/small><\/span>\n<\/a><a href=\"?add-to-cart=18113\" data-quantity=\"1\" class=\"button product_type_simple add_to_cart_button ajax_add_to_cart\" data-product_id=\"18113\" data-product_sku=\"LP095\" aria-label=\"Add to cart: &ldquo;Pa apli - ska\u0146uplate&rdquo;\" aria-describedby=\"\" rel=\"nofollow\">+<\/a><\/li>\n<li class=\"product type-product post-1298 status-publish instock product_cat-dziesminieki-autormuzika product_cat-katalogs product_cat-simanis-haralds product_cat-zanri product_tag-40 has-post-thumbnail taxable shipping-taxable purchasable product-type-simple\">\n\t<a href=\"https:\/\/lauska.lv\/veikals\/Preces\/es-esmu-rits\/\" class=\"woocommerce-LoopProduct-link woocommerce-loop-product__link\"><img decoding=\"async\" width=\"324\" height=\"324\" src=\"https:\/\/lauska.lv\/veikals\/wp-content\/uploads\/sites\/6\/2018\/08\/Cover_Haralds_simanis_Es_esmu_rits_01-324x324.jpg\" class=\"attachment-woocommerce_thumbnail size-woocommerce_thumbnail\" alt=\"\" srcset=\"https:\/\/lauska.lv\/veikals\/wp-content\/uploads\/sites\/6\/2018\/08\/Cover_Haralds_simanis_Es_esmu_rits_01-324x324.jpg 324w, https:\/\/lauska.lv\/veikals\/wp-content\/uploads\/sites\/6\/2018\/08\/Cover_Haralds_simanis_Es_esmu_rits_01-100x100.jpg 100w, https:\/\/lauska.lv\/veikals\/wp-content\/uploads\/sites\/6\/2018\/08\/Cover_Haralds_simanis_Es_esmu_rits_01-150x150.jpg 150w\" sizes=\"(max-width: 324px) 100vw, 324px\" \/><h2 class=\"woocommerce-loop-product__title\">Es esmu r\u012bts<\/h2>\n\t<span class=\"price\"><span class=\"woocommerce-Price-amount amount\"><bdi>10.00&nbsp;<span class=\"woocommerce-Price-currencySymbol\">&euro;<\/span><\/bdi><\/span> <small class=\"woocommerce-price-suffix\">iesk. PVN<\/small><\/span>\n<\/a><a href=\"?add-to-cart=1298\" data-quantity=\"1\" class=\"button product_type_simple add_to_cart_button ajax_add_to_cart\" data-product_id=\"1298\" data-product_sku=\"2012 CD_aaraa_01\" aria-label=\"Add to cart: &ldquo;Es esmu r\u012bts&rdquo;\" aria-describedby=\"\" rel=\"nofollow\">+<\/a><\/li>\n<\/ul>\n<\/div>\n\n\n\n<h2 class=\"wp-block-heading\">Video<\/h2>\n\n\n\n<hr class=\"wp-block-separator\"\/>\n\n\n\n<figure class=\"wp-block-embed-youtube wp-block-embed is-type-video is-provider-youtube wp-has-aspect-ratio wp-embed-aspect-4-3\"><div class=\"wp-block-embed__wrapper\">\n<span class=\"embed-youtube\" style=\"text-align:center; display: block;\"><iframe class=\"youtube-player\" width=\"980\" height=\"552\" src=\"https:\/\/www.youtube.com\/embed\/snSVQxmR3uo?version=3&#038;rel=1&#038;showsearch=0&#038;showinfo=1&#038;iv_load_policy=1&#038;fs=1&#038;hl=lv-LV&#038;autohide=2&#038;wmode=transparent\" allowfullscreen=\"true\" style=\"border:0;\" sandbox=\"allow-scripts allow-same-origin allow-popups allow-presentation allow-popups-to-escape-sandbox\"><\/iframe><\/span>\n<\/div><\/figure>\n","protected":false},"excerpt":{"rendered":"<p>Video<\/p>\n","protected":false},"author":2,"featured_media":0,"parent":218,"menu_order":0,"comment_status":"closed","ping_status":"closed","template":"page-group.php","meta":{"jetpack_post_was_ever_published":false,"footnotes":""},"categories":[559,578],"tags":[],"jetpack_sharing_enabled":true,"_links":{"self":[{"href":"https:\/\/lauska.lv\/veikals\/wp-json\/wp\/v2\/pages\/1212"}],"collection":[{"href":"https:\/\/lauska.lv\/veikals\/wp-json\/wp\/v2\/pages"}],"about":[{"href":"https:\/\/lauska.lv\/veikals\/wp-json\/wp\/v2\/types\/page"}],"author":[{"embeddable":true,"href":"https:\/\/lauska.lv\/veikals\/wp-json\/wp\/v2\/users\/2"}],"replies":[{"embeddable":true,"href":"https:\/\/lauska.lv\/veikals\/wp-json\/wp\/v2\/comments?post=1212"}],"version-history":[{"count":3,"href":"https:\/\/lauska.lv\/veikals\/wp-json\/wp\/v2\/pages\/1212\/revisions"}],"predecessor-version":[{"id":3264,"href":"https:\/\/lauska.lv\/veikals\/wp-json\/wp\/v2\/pages\/1212\/revisions\/3264"}],"up":[{"embeddable":true,"href":"https:\/\/lauska.lv\/veikals\/wp-json\/wp\/v2\/pages\/218"}],"wp:attachment":[{"href":"https:\/\/lauska.lv\/veikals\/wp-json\/wp\/v2\/media?parent=1212"}],"wp:term":[{"taxonomy":"category","embeddable":true,"href":"https:\/\/lauska.lv\/veikals\/wp-json\/wp\/v2\/categories?post=1212"},{"taxonomy":"post_tag","embeddable":true,"href":"https:\/\/lauska.lv\/veikals\/wp-json\/wp\/v2\/tags?post=1212"}],"curies":[{"name":"wp","href":"https:\/\/api.w.org\/{rel}","templated":true}]}}