{"id":1161,"date":"2018-08-28T10:12:02","date_gmt":"2018-08-28T07:12:02","guid":{"rendered":"http:\/\/lauska.lv\/veikals\/makslinieki\/sablovskis-ainars"},"modified":"2018-10-05T01:34:39","modified_gmt":"2018-10-04T22:34:39","slug":"sablovskis-ainars","status":"publish","type":"page","link":"https:\/\/lauska.lv\/veikals\/makslinieki-2\/sablovskis-ainars\/","title":{"rendered":"\u0160ablovskis Ainars"},"content":{"rendered":"\n<div class=\"wp-block-organic-profile-block\"><div class=\"organic-profile-content-title\"><nameartist>Ainars \u0160ablovskis<\/nameartist><hr\/><\/div><div class=\"organic-profile-content-flex\" style=\"text-align:left\"><div class=\"organic-profile-image\" style=\"background-image:url(http:\/\/lauska.lv\/veikalsbeta\/wp-content\/uploads\/sites\/6\/2018\/08\/Group_SablovskisAinars.jpg)\"><img decoding=\"async\" src=\"http:\/\/lauska.lv\/veikalsbeta\/wp-content\/uploads\/sites\/6\/2018\/08\/Group_SablovskisAinars.jpg\"\/><\/div><div class=\"organic-profile-content\" style=\"text-align:left\"><p>2002. gad\u0101 absolv\u0113jis J. V\u012btola Latvijas M\u016bzikas akad\u0113mijas (JVLMA) asoc. prof.Arta S\u012bma\u0146a saksofona klasi, bet 2004. gad\u0101 \u0161eit pat ieguvis ma\u0123istra gr\u0101du. Vair\u0101ku konkursu laure\u0101ts \u2013 1998. gad\u0101 ieguvis II pr\u0113miju Latvijas m\u016bzikas koled\u017eu koncertu cikl\u0101 \u2013 skat\u0113 Nova Nomina, 1999.gad\u0101 sav\u0101 kont\u0101 ieskait\u012bjis pirmo vietu JVLMA r\u012bkotaj\u0101 konkurs\u0101 Lab\u0101kais kameransamblis un otro vietu YAMAHA r\u012bkotaj\u0101 koka p\u016b\u0161aminstrumentu konkurs\u0101, bet 2000.gad\u0101 ieguvis II vietu Starptautiskaj\u0101 Saksofonm\u016bzikas konkurs\u0101 Spo\u017e\u0101 nots Staicel\u0113. 2000.gad\u0101 Ainars papildin\u0101jis savu sp\u0113les prasmi Stokholmas Karaliskaj\u0101 M\u016bzikas augstskol\u0101 pie profesora Kristera D\u017eonsona. Piedal\u012bjies meistarklas\u0113s pie Jorgena Boves, Kloda Delangles, Arno Bornkampa. Atska\u0146ojis saksofona partijas Latvijas Nacion\u0101l\u0101s operas or\u0137estr\u012b, Latvijas Nacion\u0101laj\u0101 simfoniskaj\u0101 or\u0137estr\u012b, profesion\u0101laj\u0101 p\u016bt\u0113ju or\u0137estr\u012b R\u012bga un R\u012bgas Festiv\u0101la or\u0137estr\u012b.<\/p><div class=\"organic-profile-social\"><a class=\"social-link\" href=\"https:\/\/soundcloud.com\/ainarssablovskis\" target=\"_blank\"><i class=\"fab fa-soundcloud\"><\/i><\/a><\/div><\/div><\/div><\/div>\n\n\n<div class=\"woocommerce columns-4 \"><ul class=\"products columns-4\">\n<li class=\"product type-product post-1057 status-publish first instock product_cat-admine-kristine product_cat-barbo-leanne product_cat-cantata product_cat-gulbis-artis product_cat-jansone-laima product_cat-jansons-ansis product_cat-katalogs product_cat-laiksne product_cat-literari-diski-un-gramatas product_cat-muktupavela-ruta product_cat-muktupavels-maris product_cat-muktupavels-valdis product_cat-post-folks product_cat-sablovskis-ainars product_cat-spruza-sanita product_cat-vetras-saites product_tag-44 has-post-thumbnail taxable shipping-taxable purchasable product-type-simple\">\n\t<a href=\"https:\/\/lauska.lv\/veikals\/Preces\/trejdevini-kokletaji\/\" class=\"woocommerce-LoopProduct-link woocommerce-loop-product__link\"><img fetchpriority=\"high\" decoding=\"async\" width=\"324\" height=\"324\" src=\"https:\/\/lauska.lv\/veikals\/wp-content\/uploads\/sites\/6\/2018\/08\/Trejdevini_kokletaji_cover-324x324.jpg\" class=\"attachment-woocommerce_thumbnail size-woocommerce_thumbnail\" alt=\"\" srcset=\"https:\/\/lauska.lv\/veikals\/wp-content\/uploads\/sites\/6\/2018\/08\/Trejdevini_kokletaji_cover-324x324.jpg 324w, https:\/\/lauska.lv\/veikals\/wp-content\/uploads\/sites\/6\/2018\/08\/Trejdevini_kokletaji_cover-100x100.jpg 100w, https:\/\/lauska.lv\/veikals\/wp-content\/uploads\/sites\/6\/2018\/08\/Trejdevini_kokletaji_cover-150x150.jpg 150w\" sizes=\"(max-width: 324px) 100vw, 324px\" \/><h2 class=\"woocommerce-loop-product__title\">Trejdevi\u0146i kokl\u0113t\u0101ji<\/h2>\n\t<span class=\"price\"><span class=\"woocommerce-Price-amount amount\"><bdi>12.00&nbsp;<span class=\"woocommerce-Price-currencySymbol\">&euro;<\/span><\/bdi><\/span> <small class=\"woocommerce-price-suffix\">iesk. PVN<\/small><\/span>\n<\/a><a href=\"?add-to-cart=1057\" data-quantity=\"1\" class=\"button product_type_simple add_to_cart_button ajax_add_to_cart\" data-product_id=\"1057\" data-product_sku=\"2016 CD063\" aria-label=\"Add to cart: &ldquo;Trejdevi\u0146i kokl\u0113t\u0101ji&rdquo;\" aria-describedby=\"\" rel=\"nofollow\">+<\/a><\/li>\n<\/ul>\n<\/div>\n","protected":false},"excerpt":{"rendered":"","protected":false},"author":2,"featured_media":0,"parent":218,"menu_order":0,"comment_status":"closed","ping_status":"closed","template":"page-group.php","meta":{"jetpack_post_was_ever_published":false,"footnotes":""},"categories":[559,578],"tags":[],"jetpack_sharing_enabled":true,"_links":{"self":[{"href":"https:\/\/lauska.lv\/veikals\/wp-json\/wp\/v2\/pages\/1161"}],"collection":[{"href":"https:\/\/lauska.lv\/veikals\/wp-json\/wp\/v2\/pages"}],"about":[{"href":"https:\/\/lauska.lv\/veikals\/wp-json\/wp\/v2\/types\/page"}],"author":[{"embeddable":true,"href":"https:\/\/lauska.lv\/veikals\/wp-json\/wp\/v2\/users\/2"}],"replies":[{"embeddable":true,"href":"https:\/\/lauska.lv\/veikals\/wp-json\/wp\/v2\/comments?post=1161"}],"version-history":[{"count":3,"href":"https:\/\/lauska.lv\/veikals\/wp-json\/wp\/v2\/pages\/1161\/revisions"}],"predecessor-version":[{"id":3262,"href":"https:\/\/lauska.lv\/veikals\/wp-json\/wp\/v2\/pages\/1161\/revisions\/3262"}],"up":[{"embeddable":true,"href":"https:\/\/lauska.lv\/veikals\/wp-json\/wp\/v2\/pages\/218"}],"wp:attachment":[{"href":"https:\/\/lauska.lv\/veikals\/wp-json\/wp\/v2\/media?parent=1161"}],"wp:term":[{"taxonomy":"category","embeddable":true,"href":"https:\/\/lauska.lv\/veikals\/wp-json\/wp\/v2\/categories?post=1161"},{"taxonomy":"post_tag","embeddable":true,"href":"https:\/\/lauska.lv\/veikals\/wp-json\/wp\/v2\/tags?post=1161"}],"curies":[{"name":"wp","href":"https:\/\/api.w.org\/{rel}","templated":true}]}}