{"id":1105,"date":"2018-08-28T09:53:01","date_gmt":"2018-08-28T06:53:01","guid":{"rendered":"http:\/\/lauska.lv\/veikals\/makslinieki\/ruzupis-veiri"},"modified":"2018-10-05T01:33:27","modified_gmt":"2018-10-04T22:33:27","slug":"ruzupis-veiri","status":"publish","type":"page","link":"https:\/\/lauska.lv\/veikals\/makslinieki-2\/ruzupis-veiri\/","title":{"rendered":"R\u016b\u017eupis veiri"},"content":{"rendered":"\n<div class=\"wp-block-organic-profile-block\"><div class=\"organic-profile-content-title\"><nameartist>R\u016b\u017eupis veiri<\/nameartist><hr\/><\/div><div class=\"organic-profile-content-flex\" style=\"text-align:left\"><div class=\"organic-profile-image\" style=\"background-image:url(http:\/\/lauska.lv\/veikalsbeta\/wp-content\/uploads\/sites\/6\/2018\/08\/Group_Ruzupis_veiri_01.jpg)\"><img decoding=\"async\" src=\"http:\/\/lauska.lv\/veikalsbeta\/wp-content\/uploads\/sites\/6\/2018\/08\/Group_Ruzupis_veiri_01.jpg\"\/><\/div><div class=\"organic-profile-content\" style=\"text-align:left\"><p><strong>Dainis Paeglis<\/strong><br\/><strong>J\u0101nis M\u0101s\u0101ns<\/strong><br\/><strong>Ingus Paeglis<\/strong><br\/><strong>Oskars Smirnovs<\/strong><br\/><strong>J\u0101nis Rub\u012bns<\/strong><br\/><strong>Raimonds Jasinskis<\/strong><br\/><strong>Konstant\u012bns \u0160ilovs<\/strong><br\/><strong>J\u0101nis Rusi\u0146\u0161<br\/><br\/><\/strong>Folkloras kopa \u201cR\u016b\u017eupis veiri\u201d aizraut\u012bgi muzic\u0113 un dzied par alu, meiten\u0113m, karu un cit\u0101m v\u012briem svar\u012bg\u0101m t\u0113m\u0101m. Album\u0101 atrad\u012bsim gan \u013coti paz\u012bstamas, gan ar\u012b maz\u0101k dzird\u0113tas latgalie\u0161u tautasdziesmas.<strong><br\/><\/strong><\/p><div class=\"organic-profile-social\"><a class=\"social-link\" href=\"http:\/\/www.kclivani.lv\/kolektivi\/rozupes-kulturas-nams\/\" target=\"_blank\"><i class=\"fas fa-play\"><\/i><\/a><\/div><\/div><\/div><\/div>\n\n\n<div class=\"woocommerce columns-4 \"><ul class=\"products columns-4\">\n<li class=\"product type-product post-1149 status-publish first instock product_cat-folklora product_cat-katalogs product_cat-ruzupis-veiri product_cat-zanri product_tag-43 has-post-thumbnail taxable shipping-taxable purchasable product-type-simple\">\n\t<a href=\"https:\/\/lauska.lv\/veikals\/Preces\/ruzupis-veiri\/\" class=\"woocommerce-LoopProduct-link woocommerce-loop-product__link\"><img fetchpriority=\"high\" decoding=\"async\" width=\"324\" height=\"324\" src=\"https:\/\/lauska.lv\/veikals\/wp-content\/uploads\/sites\/6\/2018\/08\/Cover_Ruzupis_veiri_01-324x324.jpg\" class=\"attachment-woocommerce_thumbnail size-woocommerce_thumbnail\" alt=\"\" srcset=\"https:\/\/lauska.lv\/veikals\/wp-content\/uploads\/sites\/6\/2018\/08\/Cover_Ruzupis_veiri_01-324x324.jpg 324w, https:\/\/lauska.lv\/veikals\/wp-content\/uploads\/sites\/6\/2018\/08\/Cover_Ruzupis_veiri_01-100x100.jpg 100w, https:\/\/lauska.lv\/veikals\/wp-content\/uploads\/sites\/6\/2018\/08\/Cover_Ruzupis_veiri_01-150x150.jpg 150w\" sizes=\"(max-width: 324px) 100vw, 324px\" \/><h2 class=\"woocommerce-loop-product__title\">R\u016b\u017eupis veiri<\/h2>\n\t<span class=\"price\"><span class=\"woocommerce-Price-amount amount\"><bdi>10.00&nbsp;<span class=\"woocommerce-Price-currencySymbol\">&euro;<\/span><\/bdi><\/span> <small class=\"woocommerce-price-suffix\">iesk. PVN<\/small><\/span>\n<\/a><a href=\"?add-to-cart=1149\" data-quantity=\"1\" class=\"button product_type_simple add_to_cart_button ajax_add_to_cart\" data-product_id=\"1149\" data-product_sku=\"2015 CD059\" aria-label=\"Add to cart: &ldquo;R\u016b\u017eupis veiri&rdquo;\" aria-describedby=\"\" rel=\"nofollow\">+<\/a><\/li>\n<li class=\"product type-product post-1206 status-publish instock product_cat-alijeva-leila product_cat-auli product_cat-dirzininkas-andris product_cat-grunte-andris product_cat-jansone-laima product_cat-katalogs product_cat-lans product_cat-lata-donga product_cat-los-daugavas-nens product_cat-masas-dimantas product_cat-nepieradinata-folka-orkestris product_cat-orubs-artis product_cat-otava-yo product_cat-perkonviri product_cat-post-folks product_cat-pulsa-efekts product_cat-ruzupis-veiri product_cat-skaistkalnes-puteji product_cat-skyforger product_cat-sula product_cat-sviests product_cat-tarkski product_cat-vecpilsetas-dziedataji product_cat-vejam-kabata product_cat-vetras-saites product_cat-zanri product_tag-41 has-post-thumbnail taxable shipping-taxable purchasable product-type-simple\">\n\t<a href=\"https:\/\/lauska.lv\/veikals\/Preces\/sviests-v\/\" class=\"woocommerce-LoopProduct-link woocommerce-loop-product__link\"><img decoding=\"async\" width=\"324\" height=\"324\" src=\"https:\/\/lauska.lv\/veikals\/wp-content\/uploads\/sites\/6\/2018\/08\/Cover_Sviests_V_01-324x324.jpg\" class=\"attachment-woocommerce_thumbnail size-woocommerce_thumbnail\" alt=\"\" srcset=\"https:\/\/lauska.lv\/veikals\/wp-content\/uploads\/sites\/6\/2018\/08\/Cover_Sviests_V_01-324x324.jpg 324w, https:\/\/lauska.lv\/veikals\/wp-content\/uploads\/sites\/6\/2018\/08\/Cover_Sviests_V_01-100x100.jpg 100w, https:\/\/lauska.lv\/veikals\/wp-content\/uploads\/sites\/6\/2018\/08\/Cover_Sviests_V_01-416x416.jpg 416w, https:\/\/lauska.lv\/veikals\/wp-content\/uploads\/sites\/6\/2018\/08\/Cover_Sviests_V_01-150x150.jpg 150w, https:\/\/lauska.lv\/veikals\/wp-content\/uploads\/sites\/6\/2018\/08\/Cover_Sviests_V_01-300x300.jpg 300w, https:\/\/lauska.lv\/veikals\/wp-content\/uploads\/sites\/6\/2018\/08\/Cover_Sviests_V_01-768x767.jpg 768w, https:\/\/lauska.lv\/veikals\/wp-content\/uploads\/sites\/6\/2018\/08\/Cover_Sviests_V_01.jpg 880w\" sizes=\"(max-width: 324px) 100vw, 324px\" \/><h2 class=\"woocommerce-loop-product__title\">SVIESTS V<\/h2>\n\t<span class=\"price\"><span class=\"woocommerce-Price-amount amount\"><bdi>10.00&nbsp;<span class=\"woocommerce-Price-currencySymbol\">&euro;<\/span><\/bdi><\/span> <small class=\"woocommerce-price-suffix\">iesk. PVN<\/small><\/span>\n<\/a><a href=\"?add-to-cart=1206\" data-quantity=\"1\" class=\"button product_type_simple add_to_cart_button ajax_add_to_cart\" data-product_id=\"1206\" data-product_sku=\"2013 CD043\" aria-label=\"Add to cart: &ldquo;SVIESTS V&rdquo;\" aria-describedby=\"\" rel=\"nofollow\">+<\/a><\/li>\n<\/ul>\n<\/div>\n\n\n\n<h2 class=\"wp-block-heading\">Video<\/h2>\n\n\n\n<hr class=\"wp-block-separator\"\/>\n\n\n\n<figure class=\"wp-block-embed-youtube wp-block-embed is-type-video is-provider-youtube wp-has-aspect-ratio wp-embed-aspect-16-9\"><div class=\"wp-block-embed__wrapper\">\n<span class=\"embed-youtube\" style=\"text-align:center; display: block;\"><iframe class=\"youtube-player\" width=\"980\" height=\"552\" src=\"https:\/\/www.youtube.com\/embed\/L4SNMbLRBbo?version=3&#038;rel=1&#038;showsearch=0&#038;showinfo=1&#038;iv_load_policy=1&#038;fs=1&#038;hl=lv-LV&#038;autohide=2&#038;wmode=transparent&#038;listType=playlist&#038;list=PLlzUjSgLpT4wie_vfINomAo9lox8CKDrS\" allowfullscreen=\"true\" style=\"border:0;\" sandbox=\"allow-scripts allow-same-origin allow-popups allow-presentation allow-popups-to-escape-sandbox\"><\/iframe><\/span>\n<\/div><\/figure>\n","protected":false},"excerpt":{"rendered":"<p>Video<\/p>\n","protected":false},"author":2,"featured_media":0,"parent":218,"menu_order":0,"comment_status":"closed","ping_status":"closed","template":"page-group.php","meta":{"jetpack_post_was_ever_published":false,"footnotes":""},"categories":[559,577],"tags":[],"jetpack_sharing_enabled":true,"_links":{"self":[{"href":"https:\/\/lauska.lv\/veikals\/wp-json\/wp\/v2\/pages\/1105"}],"collection":[{"href":"https:\/\/lauska.lv\/veikals\/wp-json\/wp\/v2\/pages"}],"about":[{"href":"https:\/\/lauska.lv\/veikals\/wp-json\/wp\/v2\/types\/page"}],"author":[{"embeddable":true,"href":"https:\/\/lauska.lv\/veikals\/wp-json\/wp\/v2\/users\/2"}],"replies":[{"embeddable":true,"href":"https:\/\/lauska.lv\/veikals\/wp-json\/wp\/v2\/comments?post=1105"}],"version-history":[{"count":4,"href":"https:\/\/lauska.lv\/veikals\/wp-json\/wp\/v2\/pages\/1105\/revisions"}],"predecessor-version":[{"id":3260,"href":"https:\/\/lauska.lv\/veikals\/wp-json\/wp\/v2\/pages\/1105\/revisions\/3260"}],"up":[{"embeddable":true,"href":"https:\/\/lauska.lv\/veikals\/wp-json\/wp\/v2\/pages\/218"}],"wp:attachment":[{"href":"https:\/\/lauska.lv\/veikals\/wp-json\/wp\/v2\/media?parent=1105"}],"wp:term":[{"taxonomy":"category","embeddable":true,"href":"https:\/\/lauska.lv\/veikals\/wp-json\/wp\/v2\/categories?post=1105"},{"taxonomy":"post_tag","embeddable":true,"href":"https:\/\/lauska.lv\/veikals\/wp-json\/wp\/v2\/tags?post=1105"}],"curies":[{"name":"wp","href":"https:\/\/api.w.org\/{rel}","templated":true}]}}