{"id":1089,"date":"2018-08-28T09:38:10","date_gmt":"2018-08-28T06:38:10","guid":{"rendered":"http:\/\/lauska.lv\/veikals\/makslinieki\/riksi"},"modified":"2018-10-05T01:20:52","modified_gmt":"2018-10-04T22:20:52","slug":"riksi","status":"publish","type":"page","link":"https:\/\/lauska.lv\/veikals\/makslinieki-2\/riksi\/","title":{"rendered":"Rik\u0161i"},"content":{"rendered":"\n<div class=\"wp-block-organic-profile-block\"><div class=\"organic-profile-content-title\"><nameartist>Rik\u0161i<\/nameartist><hr\/><\/div><div class=\"organic-profile-content-flex\" style=\"text-align:left\"><div class=\"organic-profile-image\" style=\"background-image:url(http:\/\/lauska.lv\/veikalsbeta\/wp-content\/uploads\/sites\/6\/2018\/08\/Group_Riksi.jpg)\"><img decoding=\"async\" src=\"http:\/\/lauska.lv\/veikalsbeta\/wp-content\/uploads\/sites\/6\/2018\/08\/Group_Riksi.jpg\"\/><\/div><div class=\"organic-profile-content\" style=\"text-align:left\"><p><strong>\u0112riks Zeps<\/strong>\u00a0akordeons, balss<br\/><strong>Zane Duka\u013cska<\/strong>\u00a0bubins, balss<br\/><strong>Madara Broli\u0161a<\/strong>\u00a0vijole, balss<br\/><strong>Ivars Ut\u0101ns<\/strong>\u00a0bas\u0123it\u0101ra, balss<br\/><strong>M\u0101rcis Lipskis<\/strong>\u00a0\u0123it\u0101ra, balss<br\/><br\/>Latgales jaunie\u0161u postfolkloras grupa \u201eRik\u0161i\u201c nodibin\u0101j\u0101s 2011.gad\u0101.\u00a0 Laiku laikos galvenais \u201eRik\u0161u\u201c m\u0113r\u0137is ir bijis pozit\u012bvo emociju g\u016b\u0161ana no kop\u0101 b\u016b\u0161anas un muzic\u0113\u0161anas, un ir liels prieks, ka \u0161o ener\u0123ijas l\u0101di\u0146u ir uztv\u0113ru\u0161i skat\u012bt\u0101ji da\u017e\u0101d\u0101s viet\u0101s un da\u017e\u0101dos pas\u0101kumos Latgal\u0113 un vis\u0101 Latvij\u0101, k\u0101 ar\u012b Lietuv\u0101, Krievij\u0101, V\u0101cij\u0101 un Francij\u0101. \u0160obr\u012bd grupa str\u0101d\u0101 pie R\u0113zeknes un R\u0113zeknes apk\u0101rtnes tradicion\u0101l\u0101s m\u016bzikas iev\u0101k\u0161anas, apdarin\u0101\u0161anas un ne\u0161anas t\u0101l\u0101k skat\u012bt\u0101jiem.<br\/><\/p><div class=\"organic-profile-social\"><a class=\"social-link\" href=\"https:\/\/www.facebook.com\/rikshi.lv\/\" target=\"_blank\"><i class=\"fab fa-facebook-f\"><\/i><\/a><a class=\"social-link\" href=\"https:\/\/twitter.com\/grupa_RIKSHI\" target=\"_blank\"><i class=\"fab fa-twitter\"><\/i><\/a><a class=\"social-link\" href=\"https:\/\/www.instagram.com\/riksi.lv\/\" target=\"_blank\"><i class=\"fab fa-instagram\"><\/i><\/a><a class=\"social-link\" href=\"https:\/\/www.draugiem.lv\/rikshi.lv\/\" target=\"_blank\"><i class=\"fas fa-link\"><\/i><\/a><a class=\"social-link\" href=\"https:\/\/www.youtube.com\/channel\/UCFmnnZQnXV01JVmxYHgMzIg\" target=\"_blank\"><i class=\"fab fa-youtube\"><\/i><\/a><a class=\"social-link\" href=\"https:\/\/soundcloud.com\/postfolkloras-grupa-riksi\" target=\"_blank\"><i class=\"fab fa-soundcloud\"><\/i><\/a><\/div><\/div><\/div><\/div>\n\n\n<div class=\"woocommerce columns-4 \"><ul class=\"products columns-4\">\n<li class=\"product type-product post-12921 status-publish first outofstock product_cat-katalogs product_cat-riksi product_tag-712 has-post-thumbnail taxable shipping-taxable purchasable product-type-simple\">\n\t<a href=\"https:\/\/lauska.lv\/veikals\/Preces\/trip\/\" class=\"woocommerce-LoopProduct-link woocommerce-loop-product__link\"><img fetchpriority=\"high\" decoding=\"async\" width=\"324\" height=\"324\" src=\"https:\/\/lauska.lv\/veikals\/wp-content\/uploads\/sites\/6\/2020\/01\/Riksi_Trip-324x324.jpg\" class=\"attachment-woocommerce_thumbnail size-woocommerce_thumbnail\" alt=\"\" srcset=\"https:\/\/lauska.lv\/veikals\/wp-content\/uploads\/sites\/6\/2020\/01\/Riksi_Trip-324x324.jpg 324w, https:\/\/lauska.lv\/veikals\/wp-content\/uploads\/sites\/6\/2020\/01\/Riksi_Trip-100x100.jpg 100w, https:\/\/lauska.lv\/veikals\/wp-content\/uploads\/sites\/6\/2020\/01\/Riksi_Trip-416x416.jpg 416w, https:\/\/lauska.lv\/veikals\/wp-content\/uploads\/sites\/6\/2020\/01\/Riksi_Trip-300x300.jpg 300w, https:\/\/lauska.lv\/veikals\/wp-content\/uploads\/sites\/6\/2020\/01\/Riksi_Trip-1024x1024.jpg 1024w, https:\/\/lauska.lv\/veikals\/wp-content\/uploads\/sites\/6\/2020\/01\/Riksi_Trip-150x150.jpg 150w, https:\/\/lauska.lv\/veikals\/wp-content\/uploads\/sites\/6\/2020\/01\/Riksi_Trip-768x768.jpg 768w, https:\/\/lauska.lv\/veikals\/wp-content\/uploads\/sites\/6\/2020\/01\/Riksi_Trip-600x600.jpg 600w, https:\/\/lauska.lv\/veikals\/wp-content\/uploads\/sites\/6\/2020\/01\/Riksi_Trip.jpg 1477w\" sizes=\"(max-width: 324px) 100vw, 324px\" \/><h2 class=\"woocommerce-loop-product__title\">tr\u012bp!<\/h2>\n\t<span class=\"price\"><span class=\"woocommerce-Price-amount amount\"><bdi>10.00&nbsp;<span class=\"woocommerce-Price-currencySymbol\">&euro;<\/span><\/bdi><\/span> <small class=\"woocommerce-price-suffix\">iesk. PVN<\/small><\/span>\n<\/a><a href=\"https:\/\/lauska.lv\/veikals\/Preces\/trip\/\" data-quantity=\"1\" class=\"button product_type_simple\" data-product_id=\"12921\" data-product_sku=\"2020 CD092\" aria-label=\"Read more about &ldquo;tr\u012bp!&rdquo;\" aria-describedby=\"\" rel=\"nofollow\">Skat\u012bt<\/a><\/li>\n<li class=\"product type-product post-1158 status-publish instock product_cat-amorala-psihoze product_cat-auli product_cat-austrumkalns product_cat-balle-pie-ratna-zirdzina product_cat-black-diamonds product_cat-cesu-medibu-kolektiva-cepurisu-orkestris product_cat-dardi product_cat-dj-monsta product_cat-gaudeamus-viru-koris product_cat-jauno-janu-orkestris product_cat-katalogs product_cat-masas-dimantas product_cat-milleru-balandinu-gimene product_cat-post-folks product_cat-prievisu-andris product_cat-rasata product_cat-raxtu-raxti product_cat-riksi product_cat-sviests product_cat-symbolic product_cat-trio-smite-karkle-cinkuss product_cat-zala-zale product_cat-zanri product_cat-zari product_cat-zarins-jekabs product_tag-43 has-post-thumbnail taxable shipping-taxable purchasable product-type-simple\">\n\t<a href=\"https:\/\/lauska.lv\/veikals\/Preces\/sviests-6\/\" class=\"woocommerce-LoopProduct-link woocommerce-loop-product__link\"><img decoding=\"async\" width=\"324\" height=\"324\" src=\"https:\/\/lauska.lv\/veikals\/wp-content\/uploads\/sites\/6\/2018\/08\/Cover_Sviests_6_01-324x324.jpg\" class=\"attachment-woocommerce_thumbnail size-woocommerce_thumbnail\" alt=\"\" srcset=\"https:\/\/lauska.lv\/veikals\/wp-content\/uploads\/sites\/6\/2018\/08\/Cover_Sviests_6_01-324x324.jpg 324w, https:\/\/lauska.lv\/veikals\/wp-content\/uploads\/sites\/6\/2018\/08\/Cover_Sviests_6_01-100x100.jpg 100w, https:\/\/lauska.lv\/veikals\/wp-content\/uploads\/sites\/6\/2018\/08\/Cover_Sviests_6_01-150x150.jpg 150w\" sizes=\"(max-width: 324px) 100vw, 324px\" \/><h2 class=\"woocommerce-loop-product__title\">SVIESTS 6<\/h2>\n\t<span class=\"price\"><span class=\"woocommerce-Price-amount amount\"><bdi>10.00&nbsp;<span class=\"woocommerce-Price-currencySymbol\">&euro;<\/span><\/bdi><\/span> <small class=\"woocommerce-price-suffix\">iesk. PVN<\/small><\/span>\n<\/a><a href=\"?add-to-cart=1158\" data-quantity=\"1\" class=\"button product_type_simple add_to_cart_button ajax_add_to_cart\" data-product_id=\"1158\" data-product_sku=\"2015 CD057\" aria-label=\"Add to cart: &ldquo;SVIESTS 6&rdquo;\" aria-describedby=\"\" rel=\"nofollow\">+<\/a><\/li>\n<\/ul>\n<\/div>\n\n\n\n<h2 class=\"wp-block-heading\">Video<\/h2>\n\n\n\n<hr class=\"wp-block-separator\"\/>\n\n\n\n<figure class=\"wp-block-embed-youtube wp-block-embed is-type-video is-provider-youtube wp-has-aspect-ratio wp-embed-aspect-16-9\"><div class=\"wp-block-embed__wrapper\">\n<span class=\"embed-youtube\" style=\"text-align:center; display: block;\"><iframe class=\"youtube-player\" width=\"980\" height=\"552\" src=\"https:\/\/www.youtube.com\/embed\/cJ2wolt3h9w?version=3&#038;rel=1&#038;showsearch=0&#038;showinfo=1&#038;iv_load_policy=1&#038;fs=1&#038;hl=lv-LV&#038;autohide=2&#038;wmode=transparent\" allowfullscreen=\"true\" style=\"border:0;\" sandbox=\"allow-scripts allow-same-origin allow-popups allow-presentation allow-popups-to-escape-sandbox\"><\/iframe><\/span>\n<\/div><\/figure>\n","protected":false},"excerpt":{"rendered":"<p>Video<\/p>\n","protected":false},"author":2,"featured_media":0,"parent":218,"menu_order":0,"comment_status":"closed","ping_status":"closed","template":"page-group.php","meta":{"jetpack_post_was_ever_published":false,"footnotes":""},"categories":[559,577],"tags":[],"jetpack_sharing_enabled":true,"_links":{"self":[{"href":"https:\/\/lauska.lv\/veikals\/wp-json\/wp\/v2\/pages\/1089"}],"collection":[{"href":"https:\/\/lauska.lv\/veikals\/wp-json\/wp\/v2\/pages"}],"about":[{"href":"https:\/\/lauska.lv\/veikals\/wp-json\/wp\/v2\/types\/page"}],"author":[{"embeddable":true,"href":"https:\/\/lauska.lv\/veikals\/wp-json\/wp\/v2\/users\/2"}],"replies":[{"embeddable":true,"href":"https:\/\/lauska.lv\/veikals\/wp-json\/wp\/v2\/comments?post=1089"}],"version-history":[{"count":3,"href":"https:\/\/lauska.lv\/veikals\/wp-json\/wp\/v2\/pages\/1089\/revisions"}],"predecessor-version":[{"id":3244,"href":"https:\/\/lauska.lv\/veikals\/wp-json\/wp\/v2\/pages\/1089\/revisions\/3244"}],"up":[{"embeddable":true,"href":"https:\/\/lauska.lv\/veikals\/wp-json\/wp\/v2\/pages\/218"}],"wp:attachment":[{"href":"https:\/\/lauska.lv\/veikals\/wp-json\/wp\/v2\/media?parent=1089"}],"wp:term":[{"taxonomy":"category","embeddable":true,"href":"https:\/\/lauska.lv\/veikals\/wp-json\/wp\/v2\/categories?post=1089"},{"taxonomy":"post_tag","embeddable":true,"href":"https:\/\/lauska.lv\/veikals\/wp-json\/wp\/v2\/tags?post=1089"}],"curies":[{"name":"wp","href":"https:\/\/api.w.org\/{rel}","templated":true}]}}