{"id":1064,"date":"2018-08-28T09:14:06","date_gmt":"2018-08-28T06:14:06","guid":{"rendered":"http:\/\/lauska.lv\/veikals\/makslinieki\/pulsa-efekts"},"modified":"2018-10-05T01:12:07","modified_gmt":"2018-10-04T22:12:07","slug":"pulsa-efekts","status":"publish","type":"page","link":"https:\/\/lauska.lv\/veikals\/makslinieki-2\/pulsa-efekts\/","title":{"rendered":"Pulsa Efekts"},"content":{"rendered":"\n<div class=\"wp-block-organic-profile-block\"><div class=\"organic-profile-content-title\"><nameartist>Pulsa Efekts<\/nameartist><hr\/><\/div><div class=\"organic-profile-content-flex\" style=\"text-align:left\"><div class=\"organic-profile-image\" style=\"background-image:url(http:\/\/lauska.lv\/veikalsbeta\/wp-content\/uploads\/sites\/6\/2018\/08\/Group_PulseEffect.jpg)\"><img decoding=\"async\" src=\"http:\/\/lauska.lv\/veikalsbeta\/wp-content\/uploads\/sites\/6\/2018\/08\/Group_PulseEffect.jpg\"\/><\/div><div class=\"organic-profile-content\" style=\"text-align:left\"><p><strong>Dzintars V\u012bksna<\/strong>\u00a0grupas vad\u012bt\u0101js, perkusijas, body percussion<br\/><strong>Kristaps Krolls<\/strong>\u00a0perkusijas, body percussion<br\/><strong>Guntis Spridz\u0101ns<\/strong>\u00a0horeogr\u0101fija, deja, body percussion<br\/><strong>Ingus Taz\u0101ns<\/strong>\u00a0perkusijas<br\/><strong>Gints Danc\u012btis<\/strong>\u00a0body percussion, deja<br\/><strong>Kristaps Andersons<\/strong>\u00a0perkusijas<br\/><br\/>Ritma apvien\u012bba Pulsa efekts rad\u0101s 2006. gad\u0101 un kop\u0161 pa\u0161a s\u0101kuma ir eksperiment\u0113jusi pasaules m\u016bzikas lauci\u0146\u0101. Apvien\u012bba, izmantojot latvie\u0161u, \u0101frik\u0101\u0146u, Lat\u012b\u0146amerikas, \u0112\u0123iptes, indie\u0161u u.c. tautu etniskos m\u016bzikas instrumentus un da\u017e\u0101dos ritmus, veido da\u017e\u0101das muzik\u0101las sint\u0113zes un performances. Pulsa efekts ir sadarbojies ar da\u017e\u0101diem m\u016bzi\u0137iem, bet jo \u012bpa\u0161i bie\u017ei ar azerbaid\u017e\u0101nu mugam dzied\u0101t\u0101ju Leilu Alijevu. Apvien\u012bba savas past\u0101v\u0113\u0161anas laik\u0101 ir koncert\u0113jusi visos liel\u0101kajos Latvijas festiv\u0101los, k\u0101 ar\u012b jau piekto gadu p\u0113c k\u0101rtas organiz\u0113 Ritma sv\u0113tkus C\u0113s\u012bs, pulc\u0113jot vienkopus m\u0101ksliniekus, kas atspogu\u013co ritma daudzveid\u012bbu.<br\/><\/p><div class=\"organic-profile-social\"><a class=\"social-link\" href=\"http:\/\/www.pulse-effect.lv\/intro.php\" target=\"_blank\"><i class=\"fas fa-play\"><\/i><\/a><a class=\"social-link\" href=\"https:\/\/www.facebook.com\/PulseEffect\/\" target=\"_blank\"><i class=\"fab fa-facebook-f\"><\/i><\/a><a class=\"social-link\" href=\"https:\/\/twitter.com\/Pulseeffect\" target=\"_blank\"><i class=\"fab fa-twitter\"><\/i><\/a><a class=\"social-link\" href=\"http:\/\/www.draugiem.lv\/wwwpulse-effectlv\" target=\"_blank\"><i class=\"fas fa-link\"><\/i><\/a><a class=\"social-link\" href=\"https:\/\/www.youtube.com\/user\/rebekamuzika\/videos\" target=\"_blank\"><i class=\"fab fa-youtube\"><\/i><\/a><\/div><\/div><\/div><\/div>\n\n\n<div class=\"woocommerce columns-4 \"><ul class=\"products columns-4\">\n<li class=\"product type-product post-1206 status-publish first instock product_cat-alijeva-leila product_cat-auli product_cat-dirzininkas-andris product_cat-grunte-andris product_cat-jansone-laima product_cat-katalogs product_cat-lans product_cat-lata-donga product_cat-los-daugavas-nens product_cat-masas-dimantas product_cat-nepieradinata-folka-orkestris product_cat-orubs-artis product_cat-otava-yo product_cat-perkonviri product_cat-post-folks product_cat-pulsa-efekts product_cat-ruzupis-veiri product_cat-skaistkalnes-puteji product_cat-skyforger product_cat-sula product_cat-sviests product_cat-tarkski product_cat-vecpilsetas-dziedataji product_cat-vejam-kabata product_cat-vetras-saites product_cat-zanri product_tag-41 has-post-thumbnail taxable shipping-taxable purchasable product-type-simple\">\n\t<a href=\"https:\/\/lauska.lv\/veikals\/Preces\/sviests-v\/\" class=\"woocommerce-LoopProduct-link woocommerce-loop-product__link\"><img fetchpriority=\"high\" decoding=\"async\" width=\"324\" height=\"324\" src=\"https:\/\/lauska.lv\/veikals\/wp-content\/uploads\/sites\/6\/2018\/08\/Cover_Sviests_V_01-324x324.jpg\" class=\"attachment-woocommerce_thumbnail size-woocommerce_thumbnail\" alt=\"\" srcset=\"https:\/\/lauska.lv\/veikals\/wp-content\/uploads\/sites\/6\/2018\/08\/Cover_Sviests_V_01-324x324.jpg 324w, https:\/\/lauska.lv\/veikals\/wp-content\/uploads\/sites\/6\/2018\/08\/Cover_Sviests_V_01-100x100.jpg 100w, https:\/\/lauska.lv\/veikals\/wp-content\/uploads\/sites\/6\/2018\/08\/Cover_Sviests_V_01-416x416.jpg 416w, https:\/\/lauska.lv\/veikals\/wp-content\/uploads\/sites\/6\/2018\/08\/Cover_Sviests_V_01-150x150.jpg 150w, https:\/\/lauska.lv\/veikals\/wp-content\/uploads\/sites\/6\/2018\/08\/Cover_Sviests_V_01-300x300.jpg 300w, https:\/\/lauska.lv\/veikals\/wp-content\/uploads\/sites\/6\/2018\/08\/Cover_Sviests_V_01-768x767.jpg 768w, https:\/\/lauska.lv\/veikals\/wp-content\/uploads\/sites\/6\/2018\/08\/Cover_Sviests_V_01.jpg 880w\" sizes=\"(max-width: 324px) 100vw, 324px\" \/><h2 class=\"woocommerce-loop-product__title\">SVIESTS V<\/h2>\n\t<span class=\"price\"><span class=\"woocommerce-Price-amount amount\"><bdi>10.00&nbsp;<span class=\"woocommerce-Price-currencySymbol\">&euro;<\/span><\/bdi><\/span> <small class=\"woocommerce-price-suffix\">iesk. PVN<\/small><\/span>\n<\/a><a href=\"?add-to-cart=1206\" data-quantity=\"1\" class=\"button product_type_simple add_to_cart_button ajax_add_to_cart\" data-product_id=\"1206\" data-product_sku=\"2013 CD043\" aria-label=\"Add to cart: &ldquo;SVIESTS V&rdquo;\" aria-describedby=\"\" rel=\"nofollow\">+<\/a><\/li>\n<\/ul>\n<\/div>\n\n\n\n<h2 class=\"wp-block-heading\">Video<\/h2>\n\n\n\n<hr class=\"wp-block-separator\"\/>\n\n\n\n<figure class=\"wp-block-embed-vimeo wp-block-embed is-type-video is-provider-vimeo wp-has-aspect-ratio wp-embed-aspect-16-9\"><div class=\"wp-block-embed__wrapper\">\n<div class=\"embed-vimeo\" style=\"text-align: center;\"><iframe src=\"https:\/\/player.vimeo.com\/video\/196556971\" width=\"980\" height=\"551\" frameborder=\"0\" webkitallowfullscreen mozallowfullscreen allowfullscreen><\/iframe><\/div>\n<\/div><\/figure>\n","protected":false},"excerpt":{"rendered":"<p>Video<\/p>\n","protected":false},"author":2,"featured_media":0,"parent":218,"menu_order":0,"comment_status":"closed","ping_status":"closed","template":"page-group.php","meta":{"jetpack_post_was_ever_published":false,"footnotes":""},"categories":[559,575],"tags":[],"jetpack_sharing_enabled":true,"_links":{"self":[{"href":"https:\/\/lauska.lv\/veikals\/wp-json\/wp\/v2\/pages\/1064"}],"collection":[{"href":"https:\/\/lauska.lv\/veikals\/wp-json\/wp\/v2\/pages"}],"about":[{"href":"https:\/\/lauska.lv\/veikals\/wp-json\/wp\/v2\/types\/page"}],"author":[{"embeddable":true,"href":"https:\/\/lauska.lv\/veikals\/wp-json\/wp\/v2\/users\/2"}],"replies":[{"embeddable":true,"href":"https:\/\/lauska.lv\/veikals\/wp-json\/wp\/v2\/comments?post=1064"}],"version-history":[{"count":3,"href":"https:\/\/lauska.lv\/veikals\/wp-json\/wp\/v2\/pages\/1064\/revisions"}],"predecessor-version":[{"id":3235,"href":"https:\/\/lauska.lv\/veikals\/wp-json\/wp\/v2\/pages\/1064\/revisions\/3235"}],"up":[{"embeddable":true,"href":"https:\/\/lauska.lv\/veikals\/wp-json\/wp\/v2\/pages\/218"}],"wp:attachment":[{"href":"https:\/\/lauska.lv\/veikals\/wp-json\/wp\/v2\/media?parent=1064"}],"wp:term":[{"taxonomy":"category","embeddable":true,"href":"https:\/\/lauska.lv\/veikals\/wp-json\/wp\/v2\/categories?post=1064"},{"taxonomy":"post_tag","embeddable":true,"href":"https:\/\/lauska.lv\/veikals\/wp-json\/wp\/v2\/tags?post=1064"}],"curies":[{"name":"wp","href":"https:\/\/api.w.org\/{rel}","templated":true}]}}