{"id":1053,"date":"2018-08-28T09:04:39","date_gmt":"2018-08-28T06:04:39","guid":{"rendered":"http:\/\/lauska.lv\/veikals\/makslinieki\/post-marka"},"modified":"2018-10-05T01:08:23","modified_gmt":"2018-10-04T22:08:23","slug":"post-marka","status":"publish","type":"page","link":"https:\/\/lauska.lv\/veikals\/makslinieki-2\/post-marka\/","title":{"rendered":"Post Marka"},"content":{"rendered":"\n<div class=\"wp-block-organic-profile-block\"><div class=\"organic-profile-content-title\"><nameartist>Post Marka<\/nameartist><hr\/><\/div><div class=\"organic-profile-content-flex\" style=\"text-align:left\"><div class=\"organic-profile-image\" style=\"background-image:url(http:\/\/lauska.lv\/veikalsbeta\/wp-content\/uploads\/sites\/6\/2018\/08\/Group_PostMarka.jpg)\"><img decoding=\"async\" src=\"http:\/\/lauska.lv\/veikalsbeta\/wp-content\/uploads\/sites\/6\/2018\/08\/Group_PostMarka.jpg\"\/><\/div><div class=\"organic-profile-content\" style=\"text-align:left\"><p><strong>Hanss (J\u0101nis Gudrinieks)<\/strong>\u00a0balss<br\/><strong>M\u0101ris Elksnis<\/strong>\u00a0tausti\u0146instrumenti<br\/><strong>J\u0101nis \u010cubars<\/strong>\u00a0solo \u0123it\u0101ra<br\/><strong>Kaspars Strazdi\u0146\u0161<\/strong>\u00a0ritma \u0123it\u0101ra<br\/><strong>Rolands Stepanovs<\/strong>\u00a0bas\u0123it\u0101ra<br\/><strong>Pauls Pokratnieks<\/strong>\u00a0bungas<br\/><br\/>Poproka grupa Post Marka rad\u0101s 2004. gada nogal\u0113, san\u0101kot kop\u0101 se\u0161iem jauniem, sp\u0113l\u0113t gribo\u0161iem cilv\u0113kiem, kuriem m\u016bzika ir bijusi svar\u012bg\u0101k\u0101 dz\u012bves sast\u0101vda\u013ca kop\u0161 b\u0113rn\u012bbas. Grupas dal\u012bbnieki n\u0101k no da\u017e\u0101d\u0101m Latvijas pils\u0113t\u0101m. Post Marka galvenok\u0101rt sp\u0113l\u0113jusi da\u017e\u0101dos rokfestv\u0101los un koncertos, ta\u010du ierakstot dziesmu \u201eEima, eima\u201d t\u0101s dal\u012bbnieki iedvesmoju\u0161ies tautas m\u016bzik\u0101.<br\/><\/p><div class=\"organic-profile-social\"><a class=\"social-link\" href=\"https:\/\/www.draugiem.lv\/postmarka\/\" target=\"_blank\"><i class=\"fas fa-link\"><\/i><\/a><\/div><\/div><\/div><\/div>\n\n\n<div class=\"woocommerce columns-4 \"><ul class=\"products columns-4\">\n<li class=\"product type-product post-1457 status-publish first instock product_cat-abra product_cat-auli product_cat-balki product_cat-baobabs product_cat-dzelzs-vilks product_cat-ilgi product_cat-kala-jeng product_cat-katalogs product_cat-kokle product_cat-laiksne product_cat-lans product_cat-ore product_cat-post-marka product_cat-post-folks product_cat-risa-zvejnieki product_cat-skyforger product_cat-sviests product_cat-vike-freiberga-vaira product_cat-vilkaci product_cat-zala-zale product_cat-zanri product_tag-35 has-post-thumbnail taxable shipping-taxable purchasable product-type-simple\">\n\t<a href=\"https:\/\/lauska.lv\/veikals\/Preces\/sviests-2\/\" class=\"woocommerce-LoopProduct-link woocommerce-loop-product__link\"><img fetchpriority=\"high\" decoding=\"async\" width=\"324\" height=\"324\" src=\"https:\/\/lauska.lv\/veikals\/wp-content\/uploads\/sites\/6\/2018\/08\/Cover_Sviests_2_01-324x324.jpg\" class=\"attachment-woocommerce_thumbnail size-woocommerce_thumbnail\" alt=\"\" srcset=\"https:\/\/lauska.lv\/veikals\/wp-content\/uploads\/sites\/6\/2018\/08\/Cover_Sviests_2_01-324x324.jpg 324w, https:\/\/lauska.lv\/veikals\/wp-content\/uploads\/sites\/6\/2018\/08\/Cover_Sviests_2_01-100x100.jpg 100w, https:\/\/lauska.lv\/veikals\/wp-content\/uploads\/sites\/6\/2018\/08\/Cover_Sviests_2_01-150x150.jpg 150w\" sizes=\"(max-width: 324px) 100vw, 324px\" \/><h2 class=\"woocommerce-loop-product__title\">SVIESTS 2<\/h2>\n\t<span class=\"price\"><span class=\"woocommerce-Price-amount amount\"><bdi>10.00&nbsp;<span class=\"woocommerce-Price-currencySymbol\">&euro;<\/span><\/bdi><\/span> <small class=\"woocommerce-price-suffix\">iesk. PVN<\/small><\/span>\n<\/a><a href=\"?add-to-cart=1457\" data-quantity=\"1\" class=\"button product_type_simple add_to_cart_button ajax_add_to_cart\" data-product_id=\"1457\" data-product_sku=\"2007 CD014\" aria-label=\"Add to cart: &ldquo;SVIESTS 2&rdquo;\" aria-describedby=\"\" rel=\"nofollow\">+<\/a><\/li>\n<\/ul>\n<\/div>\n\n\n\n<h2 class=\"wp-block-heading\">Video<\/h2>\n\n\n\n<hr class=\"wp-block-separator\"\/>\n\n\n\n<figure class=\"wp-block-embed-youtube wp-block-embed is-type-video is-provider-youtube wp-has-aspect-ratio wp-embed-aspect-4-3\"><div class=\"wp-block-embed__wrapper\">\n<span class=\"embed-youtube\" style=\"text-align:center; display: block;\"><iframe class=\"youtube-player\" width=\"980\" height=\"552\" src=\"https:\/\/www.youtube.com\/embed\/zYZh09QL6es?version=3&#038;rel=1&#038;showsearch=0&#038;showinfo=1&#038;iv_load_policy=1&#038;fs=1&#038;hl=lv-LV&#038;autohide=2&#038;wmode=transparent\" allowfullscreen=\"true\" style=\"border:0;\" sandbox=\"allow-scripts allow-same-origin allow-popups allow-presentation allow-popups-to-escape-sandbox\"><\/iframe><\/span>\n<\/div><\/figure>\n","protected":false},"excerpt":{"rendered":"<p>Video<\/p>\n","protected":false},"author":2,"featured_media":0,"parent":218,"menu_order":0,"comment_status":"closed","ping_status":"closed","template":"page-group.php","meta":{"jetpack_post_was_ever_published":false,"footnotes":""},"categories":[559,575],"tags":[],"jetpack_sharing_enabled":true,"_links":{"self":[{"href":"https:\/\/lauska.lv\/veikals\/wp-json\/wp\/v2\/pages\/1053"}],"collection":[{"href":"https:\/\/lauska.lv\/veikals\/wp-json\/wp\/v2\/pages"}],"about":[{"href":"https:\/\/lauska.lv\/veikals\/wp-json\/wp\/v2\/types\/page"}],"author":[{"embeddable":true,"href":"https:\/\/lauska.lv\/veikals\/wp-json\/wp\/v2\/users\/2"}],"replies":[{"embeddable":true,"href":"https:\/\/lauska.lv\/veikals\/wp-json\/wp\/v2\/comments?post=1053"}],"version-history":[{"count":3,"href":"https:\/\/lauska.lv\/veikals\/wp-json\/wp\/v2\/pages\/1053\/revisions"}],"predecessor-version":[{"id":3233,"href":"https:\/\/lauska.lv\/veikals\/wp-json\/wp\/v2\/pages\/1053\/revisions\/3233"}],"up":[{"embeddable":true,"href":"https:\/\/lauska.lv\/veikals\/wp-json\/wp\/v2\/pages\/218"}],"wp:attachment":[{"href":"https:\/\/lauska.lv\/veikals\/wp-json\/wp\/v2\/media?parent=1053"}],"wp:term":[{"taxonomy":"category","embeddable":true,"href":"https:\/\/lauska.lv\/veikals\/wp-json\/wp\/v2\/categories?post=1053"},{"taxonomy":"post_tag","embeddable":true,"href":"https:\/\/lauska.lv\/veikals\/wp-json\/wp\/v2\/tags?post=1053"}],"curies":[{"name":"wp","href":"https:\/\/api.w.org\/{rel}","templated":true}]}}