{"id":1040,"date":"2018-08-28T08:58:14","date_gmt":"2018-08-28T05:58:14","guid":{"rendered":"http:\/\/lauska.lv\/veikals\/makslinieki\/perkonviri"},"modified":"2018-10-05T01:06:55","modified_gmt":"2018-10-04T22:06:55","slug":"perkonviri","status":"publish","type":"page","link":"https:\/\/lauska.lv\/veikals\/makslinieki-2\/perkonviri\/","title":{"rendered":"P\u0113rkonv\u012bri"},"content":{"rendered":"\n<div class=\"wp-block-organic-profile-block\"><div class=\"organic-profile-content-title\"><nameartist>P\u0113rkonv\u012bri<\/nameartist><hr\/><\/div><div class=\"organic-profile-content-flex\" style=\"text-align:left\"><div class=\"organic-profile-image\" style=\"background-image:url(http:\/\/lauska.lv\/veikalsbeta\/wp-content\/uploads\/sites\/6\/2018\/08\/Group_Perkonviri_2018_Jordi_NN_010.jpg)\"><img decoding=\"async\" src=\"http:\/\/lauska.lv\/veikalsbeta\/wp-content\/uploads\/sites\/6\/2018\/08\/Group_Perkonviri_2018_Jordi_NN_010.jpg\"\/><\/div><div class=\"organic-profile-content\" style=\"text-align:left\"><p><strong>Mikus \u010cavarts<\/strong>\u00a0bungas, perkusijas, balss<br\/><strong>T\u0101lis G\u017eibovskis<\/strong>\u00a0bungas, perkusijas, balss<br\/><strong>Artis Gulbis<\/strong>\u00a0perkusijas, balss<br\/><strong>Kalvis V\u012btols<\/strong>\u00a0bungas, perkusijas, balss<br\/><strong>Krist\u012bne \u0100dmine<\/strong>\u00a0kokles, p\u016b\u0161amie instrumenti, balss<br\/><strong>Ansis Jansons<\/strong>\u00a0kokles, p\u016b\u0161amie instrumenti, balss<br\/><strong>Imants Daksis<\/strong>\u00a0balss<br\/><strong>Inita \u0160alkovska<\/strong>\u00a0st\u0101stniece<br\/><br\/>P\u0113rkonv\u012bri pirmo reizi san\u0101ca kop\u0101 2010. gad\u0101. S\u0101kotn\u0113ji t\u0101 bija tr\u012bs bungu (un citu sitamo instrumentu) meistaru apvien\u012bba:\u00a0Mikus \u010cavarts<br\/>\u00a0(d\u016bdu un bungu grupas Au\u013ci izveidot\u0101js, ar daudzu gadu pieredzi grup\u0101s I\u013c\u0123i, Auri, P\u016bces etnogr\u0101fiskais or\u0137estris, Folkvakars, R\u012bgas dan\u010du klubs un citos m\u016bzikas projektos),\u00a0T\u0101lis G\u017eibovskis<br\/>\u00a0(Latvijas bundzinieku krustt\u0113vs \u2013 Eolika, S\u012bpoli, Modo; pedago\u0123ijas doktors, R\u012bgas Doma kora skolas pasniedz\u0113js, festiv\u0101la Saulkrasti Jazz izveidot\u0101js un m\u0101kslinieciskais direktors) un\u00a0Artis Gulbis<br\/>\u00a0(R\u012bgas pantom\u012bma, R\u012bsa zvejnieki, Artemisia Absinthium, Buto un citi projekti). Visi ar pieredzi da\u017e\u0101du stilu m\u016bzik\u0101, bet vienojoties interes\u0113 par etnisko m\u016bziku un t\u0101s izmanto\u0161anu jaunrad\u0113.<br\/>Bet laika gait\u0101 grupas skaniskais uzst\u0101d\u012bjums pieaudzis, papla\u0161in\u0101jies. Grup\u0101 ien\u0101k kokles, stabules, d\u016bdu stabules un balss. Tom\u0113r kocepts pamat\u0101 paliek nemain\u012bgs \u2013 izmantot tikai pa\u0161us sen\u0101kos, akustiskos ska\u0146rades r\u012bkus. Latvie\u0161u tautas melodijas un dziesmas P\u0113rkonv\u012bru izpild\u012bjum\u0101 savijas ar bag\u0101t\u012bgu sitamo instrumentu puls\u0101ciju, radot br\u012b\u017eiem grandiozu, jaud\u012bgu, br\u012b\u017eiem int\u012bmu un lirisku skan\u0113jumu. Latvijas m\u016bzikas kontekst\u0101 \u0161\u0101ds apvienojums ir unik\u0101ls un gr\u016bti ietilpin\u0101ms k\u0101dos noteiktos \u017eanra r\u0101mjos. Grupas priek\u0161nesumi klaus\u012bt\u0101jam uzbur ska\u0146as ainas, kur\u0101s var sajust m\u016bsu tautas sen\u0101s kult\u016bras emocion\u0101lo v\u0113st\u012bjumu; kodus, kas kok\u013cu un celma bungu ska\u0146\u0101m un dainu tekstiem \u013cauj uzrun\u0101t 21. gadsimta rafin\u0113to klaus\u012bt\u0101ju. Ta\u010du \u0161aj\u0101 audum\u0101 organiski ieau\u017eas ar\u012b pasaules m\u016bzikas (<em>world music<\/em>) elementi \u2013 \u0100frikas, Indijas ritmi, gongu meditat\u012bv\u0101s un ekspres\u012bv\u0101s ska\u0146as, \u012bru bungas un liels daudzums ar citiem neparastiem sitaminstrumentiem (<em>perkusij\u0101m<\/em>), k\u0101 ar\u012b m\u016bsdienu popul\u0101r\u0101s m\u016bzikas ietekme.<br\/>Lai pastiprin\u0101tu \u0161o ce\u013cojuma laik\u0101 saj\u016btu un pie\u0161\u0137irtu v\u0113st\u012bjumam gan v\u0113l dramatisk\u0101kus, gan jautr\u0101kus akcentus, grupas pilnaj\u0101 koncerta versij\u0101 ir iek\u013cautas ar\u012b latvie\u0161u tautas br\u012bnumpasakas epizodes st\u0101stnieces\u00a0Initas \u0160alkovskas<br\/>\u00a0(st\u0101stniece ar ilgad\u0113ju pieredzi, st\u0101stu \u0136\u0113ni\u0146ienes titula ieguv\u0113ja, diplom\u0113ta kult\u016bras mantojuma speci\u0101liste) izpild\u012bjum\u0101. \u0160eit P\u0113rkonv\u012bru uzt\u0101\u0161an\u0101s ieg\u016bst v\u0113l vienu \u0161\u0137autni \u2013 pasaul\u0113 popul\u0101ru priek\u0161nesuma \u017eanru \u2013 st\u0101stniec\u012bbu (<em>storytelling<\/em>), kur\u0101 run\u0101t\u0101js nevis izpilda iem\u0101c\u012btu tekstu k\u0101 aktieris, bet p\u0101rdz\u012bvo st\u0101st\u012bjumu k\u0101 savu pieredzi dz\u012bv\u0101 kontakt\u0101 ar klaus\u012bt\u0101ju.<br\/>Atsaucoties uz vajadz\u012bbu \u012bsi noformul\u0113t savu stilistisko virzienu, grupas dal\u012bbnieki ir rad\u012bju\u0161i jaunu, aspr\u0101t\u012bgu formul\u0113jumu \u2013 latvie\u0161u pasaules m\u016bzika (<em>music of Latvian world<\/em>).<br\/>Pirm\u0101s asoci\u0101cijas rodas ar vareno mitolo\u0123isko t\u0113lu un dabas par\u0101d\u012bbu P\u0113rkonu. T\u0101 balss, d\u0101rdi, grandi v\u0113sta dabas nep\u0101rsp\u0113jamo sp\u0113ku un varenumu un latvie\u0161u mitolo\u0123ij\u0101 saist\u0101s ar\u012b ar bungu sp\u0113li, ko veic P\u0113rkona d\u0113li. Sitamo instrumentu dinamisk\u0101s iesp\u0113jas, ritma puls\u0101ciju elektriz\u0113jo\u0161\u0101 iedarb\u012bba un dabas ska\u0146u efekti piln\u012bb\u0101 ieved klaus\u012bt\u0101ju \u0161o gadu t\u016bksto\u0161u seno t\u0113lu p\u0101rdz\u012bvojum\u0101, aicinot l\u012bdzi ne tikai m\u012btisk\u0101 varenum\u0101 un sp\u0113k\u0101, bet ar\u012b nesot mieru un harmoniju.<br\/>Tom\u0113r nosaukumam P\u0113rkonv\u012bri ir v\u0113l da\u017eas citas atsauces.\u00a0 Tas ir iedvesmots no popul\u0101raj\u0101 v\u0113sturiskaj\u0101 trilo\u0123ij\u0101 \u201cZ\u012bmogs sarkan\u0101 vask\u0101\u201d (rakstnieks J\u0101nis Leji\u0146\u0161) min\u0113tajiem seno sv\u0113tvietu sarg\u0101t\u0101jiem \u2013 p\u0113rkonv\u012briem. Grupas nosaukum\u0101 \u0161is v\u0101rds ieg\u016bst simbolisku noz\u012bmi \u2013 tautas garamantu sarg\u0101t\u0101ji \u2013 l\u012bdz ar to apvienojot zem t\u0101 gan v\u012brie\u0161us, gan sievietes. Nosaukumam ir ar\u012b skaniska l\u012bdz\u012bba ar v\u0101rdu da\u017e\u0101du sitaminstrumentu un trok\u0161\u0146u r\u012bku starptautiskam apz\u012bm\u0113jumam \u2013 perkusijas, kas ce\u013cas no lat\u012b\u0146u\u00a0<em>percussio<\/em>\u00a0ar noz\u012bmi \u2018sist, uzsist radot ska\u0146u\u2019. T\u0101tad l\u012bdz\u012bgi k\u0101 P\u0113rkons \u2013 kas sper, r\u016bc un d\u0101rd.<br\/>\u201eP\u0113rkonv\u012bri tikai ar vienu savu pusi atrodas \u0161eit un tagad, \u0161aj\u0101 zem\u0113. Vi\u0146u otra puse ir t\u0101los ce\u013cojumos laik\u0101 un telp\u0101, t\u0101 redz br\u012bnumainas un nosl\u0113pumainas zemes un tautas, dzird ska\u0146as, m\u016bziku, putnu, zv\u0113ru un nezv\u0113ru balsis. Atrasto un pieredz\u0113to vi\u0146i ieraksta ritmu z\u012bm\u0113s, ska\u0146u kodos, t\u0101 lai ikviens taj\u0101 var ieklaus\u012bties, iev\u012bt ar\u012b savu saj\u016btu un pieredzi. P\u0113rkonv\u012bri sarg\u0101 gudr\u012bbu no senatnes un p\u0101rv\u0113r\u0161ot to ska\u0146\u0101 uz mirkli rada tiltus starp pasaul\u0113m.\u201d<br\/><\/p><div class=\"organic-profile-social\"><a class=\"social-link\" href=\"http:\/\/perkonviri.lv\/\" target=\"_blank\"><i class=\"fas fa-play\"><\/i><\/a><a class=\"social-link\" href=\"https:\/\/www.facebook.com\/perkonviri\/\" target=\"_blank\"><i class=\"fab fa-facebook-f\"><\/i><\/a><a class=\"social-link\" href=\"https:\/\/www.youtube.com\/user\/mcmiks\" target=\"_blank\"><i class=\"fab fa-youtube\"><\/i><\/a><\/div><\/div><\/div><\/div>\n\n\n<div class=\"woocommerce columns-4 \"><ul class=\"products columns-4\">\n<li class=\"product type-product post-1172 status-publish first instock product_cat-katalogs product_cat-perkonviri product_tag-43 has-post-thumbnail taxable shipping-taxable purchasable product-type-simple\">\n\t<a href=\"https:\/\/lauska.lv\/veikals\/Preces\/dindaru\/\" class=\"woocommerce-LoopProduct-link woocommerce-loop-product__link\"><img fetchpriority=\"high\" decoding=\"async\" width=\"324\" height=\"324\" src=\"https:\/\/lauska.lv\/veikals\/wp-content\/uploads\/sites\/6\/2018\/08\/Group_PERKONVIRI-DinDaru_01-324x324.jpg\" class=\"attachment-woocommerce_thumbnail size-woocommerce_thumbnail\" alt=\"\" srcset=\"https:\/\/lauska.lv\/veikals\/wp-content\/uploads\/sites\/6\/2018\/08\/Group_PERKONVIRI-DinDaru_01-324x324.jpg 324w, https:\/\/lauska.lv\/veikals\/wp-content\/uploads\/sites\/6\/2018\/08\/Group_PERKONVIRI-DinDaru_01-100x100.jpg 100w, https:\/\/lauska.lv\/veikals\/wp-content\/uploads\/sites\/6\/2018\/08\/Group_PERKONVIRI-DinDaru_01-150x150.jpg 150w\" sizes=\"(max-width: 324px) 100vw, 324px\" \/><h2 class=\"woocommerce-loop-product__title\">DinDaru<\/h2>\n\t<span class=\"price\"><span class=\"woocommerce-Price-amount amount\"><bdi>10.00&nbsp;<span class=\"woocommerce-Price-currencySymbol\">&euro;<\/span><\/bdi><\/span> <small class=\"woocommerce-price-suffix\">iesk. PVN<\/small><\/span>\n<\/a><a href=\"?add-to-cart=1172\" data-quantity=\"1\" class=\"button product_type_simple add_to_cart_button ajax_add_to_cart\" data-product_id=\"1172\" data-product_sku=\"2015 \u0421D052\" aria-label=\"Add to cart: &ldquo;DinDaru&rdquo;\" aria-describedby=\"\" rel=\"nofollow\">+<\/a><\/li>\n<li class=\"product type-product post-1206 status-publish instock product_cat-alijeva-leila product_cat-auli product_cat-dirzininkas-andris product_cat-grunte-andris product_cat-jansone-laima product_cat-katalogs product_cat-lans product_cat-lata-donga product_cat-los-daugavas-nens product_cat-masas-dimantas product_cat-nepieradinata-folka-orkestris product_cat-orubs-artis product_cat-otava-yo product_cat-perkonviri product_cat-post-folks product_cat-pulsa-efekts product_cat-ruzupis-veiri product_cat-skaistkalnes-puteji product_cat-skyforger product_cat-sula product_cat-sviests product_cat-tarkski product_cat-vecpilsetas-dziedataji product_cat-vejam-kabata product_cat-vetras-saites product_cat-zanri product_tag-41 has-post-thumbnail taxable shipping-taxable purchasable product-type-simple\">\n\t<a href=\"https:\/\/lauska.lv\/veikals\/Preces\/sviests-v\/\" class=\"woocommerce-LoopProduct-link woocommerce-loop-product__link\"><img decoding=\"async\" width=\"324\" height=\"324\" src=\"https:\/\/lauska.lv\/veikals\/wp-content\/uploads\/sites\/6\/2018\/08\/Cover_Sviests_V_01-324x324.jpg\" class=\"attachment-woocommerce_thumbnail size-woocommerce_thumbnail\" alt=\"\" srcset=\"https:\/\/lauska.lv\/veikals\/wp-content\/uploads\/sites\/6\/2018\/08\/Cover_Sviests_V_01-324x324.jpg 324w, https:\/\/lauska.lv\/veikals\/wp-content\/uploads\/sites\/6\/2018\/08\/Cover_Sviests_V_01-100x100.jpg 100w, https:\/\/lauska.lv\/veikals\/wp-content\/uploads\/sites\/6\/2018\/08\/Cover_Sviests_V_01-416x416.jpg 416w, https:\/\/lauska.lv\/veikals\/wp-content\/uploads\/sites\/6\/2018\/08\/Cover_Sviests_V_01-150x150.jpg 150w, https:\/\/lauska.lv\/veikals\/wp-content\/uploads\/sites\/6\/2018\/08\/Cover_Sviests_V_01-300x300.jpg 300w, https:\/\/lauska.lv\/veikals\/wp-content\/uploads\/sites\/6\/2018\/08\/Cover_Sviests_V_01-768x767.jpg 768w, https:\/\/lauska.lv\/veikals\/wp-content\/uploads\/sites\/6\/2018\/08\/Cover_Sviests_V_01.jpg 880w\" sizes=\"(max-width: 324px) 100vw, 324px\" \/><h2 class=\"woocommerce-loop-product__title\">SVIESTS V<\/h2>\n\t<span class=\"price\"><span class=\"woocommerce-Price-amount amount\"><bdi>10.00&nbsp;<span class=\"woocommerce-Price-currencySymbol\">&euro;<\/span><\/bdi><\/span> <small class=\"woocommerce-price-suffix\">iesk. PVN<\/small><\/span>\n<\/a><a href=\"?add-to-cart=1206\" data-quantity=\"1\" class=\"button product_type_simple add_to_cart_button ajax_add_to_cart\" data-product_id=\"1206\" data-product_sku=\"2013 CD043\" aria-label=\"Add to cart: &ldquo;SVIESTS V&rdquo;\" aria-describedby=\"\" rel=\"nofollow\">+<\/a><\/li>\n<li class=\"product type-product post-1303 status-publish instock product_cat-brence-liene product_cat-der product_cat-enu-kaleidoskops product_cat-folkvakars product_cat-grasis-austris product_cat-hagenskalna-muzikanti product_cat-ilgi product_cat-ilza product_cat-jansone-laima product_cat-katalogs product_cat-krampis product_cat-laiksne product_cat-lans product_cat-miglas-asni product_cat-perkonviri product_cat-post-folks product_cat-rigas-dancu-klubs product_cat-rudzi product_cat-sprindza-aiga product_cat-sviests product_cat-tai-tai product_cat-teiksma product_cat-tervetes-trubaduri product_cat-trakula product_cat-vetras-saites product_cat-vilkaci product_cat-viteri product_cat-zanri product_tag-39 has-post-thumbnail taxable shipping-taxable purchasable product-type-simple\">\n\t<a href=\"https:\/\/lauska.lv\/veikals\/Preces\/sviests-iv\/\" class=\"woocommerce-LoopProduct-link woocommerce-loop-product__link\"><img decoding=\"async\" width=\"324\" height=\"324\" src=\"https:\/\/lauska.lv\/veikals\/wp-content\/uploads\/sites\/6\/2018\/08\/Cover_sviests_IV_01-324x324.jpg\" class=\"attachment-woocommerce_thumbnail size-woocommerce_thumbnail\" alt=\"\" srcset=\"https:\/\/lauska.lv\/veikals\/wp-content\/uploads\/sites\/6\/2018\/08\/Cover_sviests_IV_01-324x324.jpg 324w, https:\/\/lauska.lv\/veikals\/wp-content\/uploads\/sites\/6\/2018\/08\/Cover_sviests_IV_01-100x100.jpg 100w, https:\/\/lauska.lv\/veikals\/wp-content\/uploads\/sites\/6\/2018\/08\/Cover_sviests_IV_01-150x150.jpg 150w\" sizes=\"(max-width: 324px) 100vw, 324px\" \/><h2 class=\"woocommerce-loop-product__title\">SVIESTS IV<\/h2>\n\t<span class=\"price\"><span class=\"woocommerce-Price-amount amount\"><bdi>10.00&nbsp;<span class=\"woocommerce-Price-currencySymbol\">&euro;<\/span><\/bdi><\/span> <small class=\"woocommerce-price-suffix\">iesk. PVN<\/small><\/span>\n<\/a><a href=\"?add-to-cart=1303\" data-quantity=\"1\" class=\"button product_type_simple add_to_cart_button ajax_add_to_cart\" data-product_id=\"1303\" data-product_sku=\"2011 CD037\" aria-label=\"Add to cart: &ldquo;SVIESTS IV&rdquo;\" aria-describedby=\"\" rel=\"nofollow\">+<\/a><\/li>\n<\/ul>\n<\/div>\n\n\n\n<h2 class=\"wp-block-heading\">Video<\/h2>\n\n\n\n<hr class=\"wp-block-separator\"\/>\n\n\n\n<figure class=\"wp-block-embed-youtube wp-block-embed is-type-video is-provider-youtube wp-has-aspect-ratio wp-embed-aspect-16-9\"><div class=\"wp-block-embed__wrapper\">\n<span class=\"embed-youtube\" style=\"text-align:center; display: block;\"><iframe class=\"youtube-player\" width=\"980\" height=\"552\" src=\"https:\/\/www.youtube.com\/embed\/N74ZcQ8y9Jk?version=3&#038;rel=1&#038;showsearch=0&#038;showinfo=1&#038;iv_load_policy=1&#038;fs=1&#038;hl=lv-LV&#038;autohide=2&#038;start=219&#038;wmode=transparent\" allowfullscreen=\"true\" style=\"border:0;\" sandbox=\"allow-scripts allow-same-origin allow-popups allow-presentation allow-popups-to-escape-sandbox\"><\/iframe><\/span>\n<\/div><\/figure>\n","protected":false},"excerpt":{"rendered":"<p>Video<\/p>\n","protected":false},"author":2,"featured_media":0,"parent":218,"menu_order":0,"comment_status":"closed","ping_status":"closed","template":"page-group.php","meta":{"jetpack_post_was_ever_published":false,"footnotes":""},"categories":[559,575],"tags":[],"jetpack_sharing_enabled":true,"_links":{"self":[{"href":"https:\/\/lauska.lv\/veikals\/wp-json\/wp\/v2\/pages\/1040"}],"collection":[{"href":"https:\/\/lauska.lv\/veikals\/wp-json\/wp\/v2\/pages"}],"about":[{"href":"https:\/\/lauska.lv\/veikals\/wp-json\/wp\/v2\/types\/page"}],"author":[{"embeddable":true,"href":"https:\/\/lauska.lv\/veikals\/wp-json\/wp\/v2\/users\/2"}],"replies":[{"embeddable":true,"href":"https:\/\/lauska.lv\/veikals\/wp-json\/wp\/v2\/comments?post=1040"}],"version-history":[{"count":3,"href":"https:\/\/lauska.lv\/veikals\/wp-json\/wp\/v2\/pages\/1040\/revisions"}],"predecessor-version":[{"id":3231,"href":"https:\/\/lauska.lv\/veikals\/wp-json\/wp\/v2\/pages\/1040\/revisions\/3231"}],"up":[{"embeddable":true,"href":"https:\/\/lauska.lv\/veikals\/wp-json\/wp\/v2\/pages\/218"}],"wp:attachment":[{"href":"https:\/\/lauska.lv\/veikals\/wp-json\/wp\/v2\/media?parent=1040"}],"wp:term":[{"taxonomy":"category","embeddable":true,"href":"https:\/\/lauska.lv\/veikals\/wp-json\/wp\/v2\/categories?post=1040"},{"taxonomy":"post_tag","embeddable":true,"href":"https:\/\/lauska.lv\/veikals\/wp-json\/wp\/v2\/tags?post=1040"}],"curies":[{"name":"wp","href":"https:\/\/api.w.org\/{rel}","templated":true}]}}