{"id":1012,"date":"2018-08-28T08:48:48","date_gmt":"2018-08-28T05:48:48","guid":{"rendered":"http:\/\/lauska.lv\/veikals\/makslinieki\/patjanko-oskars"},"modified":"2018-10-05T01:04:46","modified_gmt":"2018-10-04T22:04:46","slug":"patjanko-oskars","status":"publish","type":"page","link":"https:\/\/lauska.lv\/veikals\/makslinieki-2\/patjanko-oskars\/","title":{"rendered":"Patjanko Oskars"},"content":{"rendered":"\n<div class=\"wp-block-organic-profile-block\"><div class=\"organic-profile-content-title\"><nameartist>Oskars Patjanko<\/nameartist><hr\/><\/div><div class=\"organic-profile-content-flex\" style=\"text-align:left\"><div class=\"organic-profile-image\" style=\"background-image:url(http:\/\/lauska.lv\/veikalsbeta\/wp-content\/uploads\/sites\/6\/2018\/08\/Group_PatjankoOskars.jpg)\"><img decoding=\"async\" src=\"http:\/\/lauska.lv\/veikalsbeta\/wp-content\/uploads\/sites\/6\/2018\/08\/Group_PatjankoOskars.jpg\"\/><\/div><div class=\"organic-profile-content\" style=\"text-align:left\"><p>Etnomuzikologs Oskars Patjanko velt\u012bjis savu diplomdarbu Ievi\u0146u izp\u0113tei, v\u0101cot zi\u0146as par \u0161iem instrumentiem, sp\u0113lma\u0146iem, repertu\u0101ru un muzic\u0113\u0161anas situ\u0101cij\u0101m. Gr\u0101mat\u0101 \u201eIevi\u0146as\u201d ir apkopota inform\u0101cija par Ievi\u0146u v\u0113sturi un izcelsmi, uzb\u016bvi un skan\u0113jumu, k\u0101 ar\u012b instrumentu b\u016bves un sp\u0113l\u0113\u0161anas meistariem.<br\/>Sp\u0113l\u0113 ermo\u0146ikas, vijoli, basi, tubu, kokles, d\u016bdas. Sp\u0113l\u0113jis kapel\u0101s \u201eMaska\u010dkas sp\u0113lma\u0146i\u201d un \u201eJurginis\u201d, &#8220;Balle pie r\u0101tn\u0101 zirdzi\u0146a&#8221; un Kaktu balles muzikanti&#8221;. M\u0101c\u012bjies no tautas vijolnieka Jur\u0123a Ukrina vijoles sp\u0113li. Darbojas R\u012bgas Dan\u010du klub\u0101 gan k\u0101 muzikants, gan dejot\u0101js.<\/p><div class=\"organic-profile-social\"><a class=\"social-link\" href=\"http:\/\/www.kaktuballe.lv\/\" target=\"_blank\"><i class=\"fas fa-play\"><\/i><\/a><a class=\"social-link\" href=\"https:\/\/www.facebook.com\/kaktuballe\/\" target=\"_blank\"><i class=\"fab fa-facebook-f\"><\/i><\/a><a class=\"social-link\" href=\"https:\/\/www.instagram.com\/robkodis\/\" target=\"_blank\"><i class=\"fab fa-instagram\"><\/i><\/a><a class=\"social-link\" href=\"https:\/\/www.youtube.com\/user\/robkodis\" target=\"_blank\"><i class=\"fab fa-youtube\"><\/i><\/a><\/div><\/div><\/div><\/div>\n\n\n<div class=\"woocommerce columns-4 \"><ul class=\"products columns-4\">\n<li class=\"product type-product post-1202 status-publish first instock product_cat-folklora product_cat-katalogs product_cat-literari-diski-un-gramatas product_cat-patjanko-oskars product_cat-zanri product_tag-42 has-post-thumbnail taxable shipping-taxable purchasable product-type-simple\">\n\t<a href=\"https:\/\/lauska.lv\/veikals\/Preces\/ievinas\/\" class=\"woocommerce-LoopProduct-link woocommerce-loop-product__link\"><img fetchpriority=\"high\" decoding=\"async\" width=\"324\" height=\"324\" src=\"https:\/\/lauska.lv\/veikals\/wp-content\/uploads\/sites\/6\/2018\/08\/Cover_Oskars_Patjanko-Ievinas_01-324x324.jpg\" class=\"attachment-woocommerce_thumbnail size-woocommerce_thumbnail\" alt=\"\" srcset=\"https:\/\/lauska.lv\/veikals\/wp-content\/uploads\/sites\/6\/2018\/08\/Cover_Oskars_Patjanko-Ievinas_01-324x324.jpg 324w, https:\/\/lauska.lv\/veikals\/wp-content\/uploads\/sites\/6\/2018\/08\/Cover_Oskars_Patjanko-Ievinas_01-100x100.jpg 100w, https:\/\/lauska.lv\/veikals\/wp-content\/uploads\/sites\/6\/2018\/08\/Cover_Oskars_Patjanko-Ievinas_01-150x150.jpg 150w\" sizes=\"(max-width: 324px) 100vw, 324px\" \/><h2 class=\"woocommerce-loop-product__title\">Ievi\u0146as<\/h2>\n\t<span class=\"price\"><span class=\"woocommerce-Price-amount amount\"><bdi>12.00&nbsp;<span class=\"woocommerce-Price-currencySymbol\">&euro;<\/span><\/bdi><\/span> <small class=\"woocommerce-price-suffix\">iesk. PVN<\/small><\/span>\n<\/a><a href=\"?add-to-cart=1202\" data-quantity=\"1\" class=\"button product_type_simple add_to_cart_button ajax_add_to_cart\" data-product_id=\"1202\" data-product_sku=\"2014 GR06, CD040\" aria-label=\"Add to cart: &ldquo;Ievi\u0146as&rdquo;\" aria-describedby=\"\" rel=\"nofollow\">+<\/a><\/li>\n<\/ul>\n<\/div>\n\n\n\n<h2 class=\"wp-block-heading\">Video<\/h2>\n\n\n\n<hr class=\"wp-block-separator\"\/>\n\n\n\n<figure class=\"wp-block-embed-youtube wp-block-embed is-type-video is-provider-youtube wp-has-aspect-ratio wp-embed-aspect-16-9\"><div class=\"wp-block-embed__wrapper\">\n<span class=\"embed-youtube\" style=\"text-align:center; display: block;\"><iframe class=\"youtube-player\" width=\"980\" height=\"552\" src=\"https:\/\/www.youtube.com\/embed\/G3W4w03ku8E?version=3&#038;rel=1&#038;showsearch=0&#038;showinfo=1&#038;iv_load_policy=1&#038;fs=1&#038;hl=lv-LV&#038;autohide=2&#038;wmode=transparent\" allowfullscreen=\"true\" style=\"border:0;\" sandbox=\"allow-scripts allow-same-origin allow-popups allow-presentation allow-popups-to-escape-sandbox\"><\/iframe><\/span>\n<\/div><\/figure>\n","protected":false},"excerpt":{"rendered":"<p>Video<\/p>\n","protected":false},"author":2,"featured_media":0,"parent":218,"menu_order":0,"comment_status":"closed","ping_status":"closed","template":"page-group.php","meta":{"jetpack_post_was_ever_published":false,"footnotes":""},"categories":[559,575],"tags":[],"jetpack_sharing_enabled":true,"_links":{"self":[{"href":"https:\/\/lauska.lv\/veikals\/wp-json\/wp\/v2\/pages\/1012"}],"collection":[{"href":"https:\/\/lauska.lv\/veikals\/wp-json\/wp\/v2\/pages"}],"about":[{"href":"https:\/\/lauska.lv\/veikals\/wp-json\/wp\/v2\/types\/page"}],"author":[{"embeddable":true,"href":"https:\/\/lauska.lv\/veikals\/wp-json\/wp\/v2\/users\/2"}],"replies":[{"embeddable":true,"href":"https:\/\/lauska.lv\/veikals\/wp-json\/wp\/v2\/comments?post=1012"}],"version-history":[{"count":3,"href":"https:\/\/lauska.lv\/veikals\/wp-json\/wp\/v2\/pages\/1012\/revisions"}],"predecessor-version":[{"id":3230,"href":"https:\/\/lauska.lv\/veikals\/wp-json\/wp\/v2\/pages\/1012\/revisions\/3230"}],"up":[{"embeddable":true,"href":"https:\/\/lauska.lv\/veikals\/wp-json\/wp\/v2\/pages\/218"}],"wp:attachment":[{"href":"https:\/\/lauska.lv\/veikals\/wp-json\/wp\/v2\/media?parent=1012"}],"wp:term":[{"taxonomy":"category","embeddable":true,"href":"https:\/\/lauska.lv\/veikals\/wp-json\/wp\/v2\/categories?post=1012"},{"taxonomy":"post_tag","embeddable":true,"href":"https:\/\/lauska.lv\/veikals\/wp-json\/wp\/v2\/tags?post=1012"}],"curies":[{"name":"wp","href":"https:\/\/api.w.org\/{rel}","templated":true}]}}