{"id":1006,"date":"2018-08-28T08:42:44","date_gmt":"2018-08-28T05:42:44","guid":{"rendered":"http:\/\/lauska.lv\/veikals\/makslinieki\/patina"},"modified":"2018-10-05T01:03:43","modified_gmt":"2018-10-04T22:03:43","slug":"patina","status":"publish","type":"page","link":"https:\/\/lauska.lv\/veikals\/makslinieki-2\/patina\/","title":{"rendered":"Patina"},"content":{"rendered":"\n<div class=\"wp-block-organic-profile-block\"><div class=\"organic-profile-content-title\"><nameartist>Patina<\/nameartist><hr\/><\/div><div class=\"organic-profile-content-flex\" style=\"text-align:left\"><div class=\"organic-profile-image\" style=\"background-image:url(http:\/\/lauska.lv\/veikalsbeta\/wp-content\/uploads\/sites\/6\/2018\/08\/Group_Patina.jpg)\"><img decoding=\"async\" src=\"http:\/\/lauska.lv\/veikalsbeta\/wp-content\/uploads\/sites\/6\/2018\/08\/Group_Patina.jpg\"\/><\/div><div class=\"organic-profile-content\" style=\"text-align:left\"><p><strong>Biruta Ozoli\u0146a<\/strong>\u00a0balss, kokle, klavieres, sintezators<br\/><strong>Viktors Ritovs<\/strong>\u00a0sintezators, perkusijas<br\/><strong>Indri\u0137is Veitners<\/strong>\u00a0klarinete, tenora saksofons<br\/><strong>Raivo Sta\u0161\u0101ns<\/strong>\u00a0tenora saksofons<br\/><strong>O\u013cegs Gri\u0161ins<\/strong>\u00a0bass<br\/><strong>T\u0101lis G\u017eibovskis<\/strong>\u00a0bungas<br\/><br\/>Etno-d\u017eeza grupa Birutas Ozoli\u0146as vad\u012bb\u0101, apvieno tradicion\u0101las latgalie\u0161u tautasdziesmas ar d\u017eeza m\u016bziku.<br\/>Grupa izveidoj\u0101s 2003.gada vasar\u0101. T\u0101s raksturojo\u0161ais stils ir etnod\u017eezs, iedvesmas avots \u2013 sen\u0101s latga\u013cu tautasdziesmas.<br\/>Grupa piedal\u012bjusies da\u017e\u0101dos d\u017eeza m\u016bzikas festiv\u0101los, tostarp ar\u012b Francij\u0101, Ukrain\u0101 un Kau\u0146\u0101.<br\/><\/p><div class=\"organic-profile-social\"><a class=\"social-link\" href=\"https:\/\/www.youtube.com\/channel\/UCZqVpG8h__rZlcpYx5s9UAQ\" target=\"_blank\"><i class=\"fab fa-youtube\"><\/i><\/a><\/div><\/div><\/div><\/div>\n\n\n<div class=\"woocommerce columns-4 \"><ul class=\"products columns-4\">\n<li class=\"product type-product post-1507 status-publish first outofstock product_cat-patina product_cat-post-folks product_cat-zanri product_tag-35 has-post-thumbnail taxable shipping-taxable purchasable product-type-simple\">\n\t<a href=\"https:\/\/lauska.lv\/veikals\/Preces\/patina\/\" class=\"woocommerce-LoopProduct-link woocommerce-loop-product__link\"><img fetchpriority=\"high\" decoding=\"async\" width=\"324\" height=\"324\" src=\"https:\/\/lauska.lv\/veikals\/wp-content\/uploads\/sites\/6\/2018\/08\/Cover_Patina_01-324x324.jpg\" class=\"attachment-woocommerce_thumbnail size-woocommerce_thumbnail\" alt=\"\" srcset=\"https:\/\/lauska.lv\/veikals\/wp-content\/uploads\/sites\/6\/2018\/08\/Cover_Patina_01-324x324.jpg 324w, https:\/\/lauska.lv\/veikals\/wp-content\/uploads\/sites\/6\/2018\/08\/Cover_Patina_01-100x100.jpg 100w, https:\/\/lauska.lv\/veikals\/wp-content\/uploads\/sites\/6\/2018\/08\/Cover_Patina_01-150x150.jpg 150w\" sizes=\"(max-width: 324px) 100vw, 324px\" \/><h2 class=\"woocommerce-loop-product__title\">Patina<\/h2>\n\t<span class=\"price\"><span class=\"woocommerce-Price-amount amount\"><bdi>10.00&nbsp;<span class=\"woocommerce-Price-currencySymbol\">&euro;<\/span><\/bdi><\/span> <small class=\"woocommerce-price-suffix\">iesk. PVN<\/small><\/span>\n<\/a><a href=\"https:\/\/lauska.lv\/veikals\/Preces\/patina\/\" data-quantity=\"1\" class=\"button product_type_simple\" data-product_id=\"1507\" data-product_sku=\"2007 CD09\" aria-label=\"Read more about &ldquo;Patina&rdquo;\" aria-describedby=\"\" rel=\"nofollow\">Skat\u012bt<\/a><\/li>\n<li class=\"product type-product post-1543 status-publish outofstock product_cat-auli product_cat-auri product_cat-ceiruleits product_cat-delve product_cat-dudinieks product_cat-kala-jeng product_cat-karkle-kristine product_cat-katalogs product_cat-kokle product_cat-laiksne product_cat-lans product_cat-lidojosais-paklajs product_cat-patina product_cat-post-folks product_cat-risa-zvejnieki product_cat-skandinieki product_cat-skyforger product_cat-sviests product_cat-trejasmens product_cat-vilkaci product_cat-visi-veji product_cat-zanri product_tag-33 has-post-thumbnail taxable shipping-taxable purchasable product-type-simple\">\n\t<a href=\"https:\/\/lauska.lv\/veikals\/Preces\/sviests\/\" class=\"woocommerce-LoopProduct-link woocommerce-loop-product__link\"><img decoding=\"async\" width=\"324\" height=\"324\" src=\"https:\/\/lauska.lv\/veikals\/wp-content\/uploads\/sites\/6\/2005\/08\/sviests_1-324x324.png\" class=\"attachment-woocommerce_thumbnail size-woocommerce_thumbnail\" alt=\"\" srcset=\"https:\/\/lauska.lv\/veikals\/wp-content\/uploads\/sites\/6\/2005\/08\/sviests_1-324x324.png 324w, https:\/\/lauska.lv\/veikals\/wp-content\/uploads\/sites\/6\/2005\/08\/sviests_1-150x150.png 150w, https:\/\/lauska.lv\/veikals\/wp-content\/uploads\/sites\/6\/2005\/08\/sviests_1-100x100.png 100w\" sizes=\"(max-width: 324px) 100vw, 324px\" \/><h2 class=\"woocommerce-loop-product__title\">SVIESTS<\/h2>\n\t<span class=\"price\"><span class=\"woocommerce-Price-amount amount\"><bdi>10.00&nbsp;<span class=\"woocommerce-Price-currencySymbol\">&euro;<\/span><\/bdi><\/span> <small class=\"woocommerce-price-suffix\">iesk. PVN<\/small><\/span>\n<\/a><a href=\"https:\/\/lauska.lv\/veikals\/Preces\/sviests\/\" data-quantity=\"1\" class=\"button product_type_simple\" data-product_id=\"1543\" data-product_sku=\"2005 CD005\" aria-label=\"Read more about &ldquo;SVIESTS&rdquo;\" aria-describedby=\"\" rel=\"nofollow\">Skat\u012bt<\/a><\/li>\n<\/ul>\n<\/div>\n\n\n\n<h2 class=\"wp-block-heading\">Video<\/h2>\n\n\n\n<hr class=\"wp-block-separator\"\/>\n\n\n\n<figure class=\"wp-block-embed-youtube wp-block-embed is-type-video is-provider-youtube wp-has-aspect-ratio wp-embed-aspect-4-3\"><div class=\"wp-block-embed__wrapper\">\n<span class=\"embed-youtube\" style=\"text-align:center; display: block;\"><iframe class=\"youtube-player\" width=\"980\" height=\"552\" src=\"https:\/\/www.youtube.com\/embed\/xCJYeG4RbLA?version=3&#038;rel=1&#038;showsearch=0&#038;showinfo=1&#038;iv_load_policy=1&#038;fs=1&#038;hl=lv-LV&#038;autohide=2&#038;wmode=transparent\" allowfullscreen=\"true\" style=\"border:0;\" sandbox=\"allow-scripts allow-same-origin allow-popups allow-presentation allow-popups-to-escape-sandbox\"><\/iframe><\/span>\n<\/div><\/figure>\n","protected":false},"excerpt":{"rendered":"<p>Video<\/p>\n","protected":false},"author":2,"featured_media":0,"parent":218,"menu_order":0,"comment_status":"closed","ping_status":"closed","template":"page-group.php","meta":{"jetpack_post_was_ever_published":false,"footnotes":""},"categories":[559,575],"tags":[],"jetpack_sharing_enabled":true,"_links":{"self":[{"href":"https:\/\/lauska.lv\/veikals\/wp-json\/wp\/v2\/pages\/1006"}],"collection":[{"href":"https:\/\/lauska.lv\/veikals\/wp-json\/wp\/v2\/pages"}],"about":[{"href":"https:\/\/lauska.lv\/veikals\/wp-json\/wp\/v2\/types\/page"}],"author":[{"embeddable":true,"href":"https:\/\/lauska.lv\/veikals\/wp-json\/wp\/v2\/users\/2"}],"replies":[{"embeddable":true,"href":"https:\/\/lauska.lv\/veikals\/wp-json\/wp\/v2\/comments?post=1006"}],"version-history":[{"count":3,"href":"https:\/\/lauska.lv\/veikals\/wp-json\/wp\/v2\/pages\/1006\/revisions"}],"predecessor-version":[{"id":3229,"href":"https:\/\/lauska.lv\/veikals\/wp-json\/wp\/v2\/pages\/1006\/revisions\/3229"}],"up":[{"embeddable":true,"href":"https:\/\/lauska.lv\/veikals\/wp-json\/wp\/v2\/pages\/218"}],"wp:attachment":[{"href":"https:\/\/lauska.lv\/veikals\/wp-json\/wp\/v2\/media?parent=1006"}],"wp:term":[{"taxonomy":"category","embeddable":true,"href":"https:\/\/lauska.lv\/veikals\/wp-json\/wp\/v2\/categories?post=1006"},{"taxonomy":"post_tag","embeddable":true,"href":"https:\/\/lauska.lv\/veikals\/wp-json\/wp\/v2\/tags?post=1006"}],"curies":[{"name":"wp","href":"https:\/\/api.w.org\/{rel}","templated":true}]}}