{"id":2319,"date":"2017-07-26T10:01:06","date_gmt":"2017-07-26T07:01:06","guid":{"rendered":"http:\/\/lauska.lv\/dzive-divas-valodas-3\/"},"modified":"2017-07-26T10:01:06","modified_gmt":"2017-07-26T07:01:06","slug":"dzive-divas-valodas-3","status":"publish","type":"page","link":"https:\/\/lauska.lv\/en\/dzive-divas-valodas-3\/","title":{"rendered":"Dz\u012bve Div\u0101s Valod\u0101s"},"content":{"rendered":"<p>https:\/\/www.facebook.com\/DziveDivasValodas\/<\/p>\n","protected":false},"excerpt":{"rendered":"<p>https:\/\/www.facebook.com\/DziveDivasValodas\/<\/p>\n","protected":false},"author":1,"featured_media":0,"parent":0,"menu_order":0,"comment_status":"closed","ping_status":"closed","template":"","meta":{"jetpack_post_was_ever_published":false,"footnotes":""},"categories":[],"tags":[],"jetpack_sharing_enabled":true,"_links":{"self":[{"href":"https:\/\/lauska.lv\/en\/wp-json\/wp\/v2\/pages\/2319"}],"collection":[{"href":"https:\/\/lauska.lv\/en\/wp-json\/wp\/v2\/pages"}],"about":[{"href":"https:\/\/lauska.lv\/en\/wp-json\/wp\/v2\/types\/page"}],"author":[{"embeddable":true,"href":"https:\/\/lauska.lv\/en\/wp-json\/wp\/v2\/users\/1"}],"replies":[{"embeddable":true,"href":"https:\/\/lauska.lv\/en\/wp-json\/wp\/v2\/comments?post=2319"}],"version-history":[{"count":0,"href":"https:\/\/lauska.lv\/en\/wp-json\/wp\/v2\/pages\/2319\/revisions"}],"wp:attachment":[{"href":"https:\/\/lauska.lv\/en\/wp-json\/wp\/v2\/media?parent=2319"}],"wp:term":[{"taxonomy":"category","embeddable":true,"href":"https:\/\/lauska.lv\/en\/wp-json\/wp\/v2\/categories?post=2319"},{"taxonomy":"post_tag","embeddable":true,"href":"https:\/\/lauska.lv\/en\/wp-json\/wp\/v2\/tags?post=2319"}],"curies":[{"name":"wp","href":"https:\/\/api.w.org\/{rel}","templated":true}]}}