{"id":2298,"date":"2016-04-22T18:21:17","date_gmt":"2016-04-22T15:21:17","guid":{"rendered":"http:\/\/lauska.lv\/our-people\/"},"modified":"2016-04-22T18:21:17","modified_gmt":"2016-04-22T15:21:17","slug":"our-people","status":"publish","type":"page","link":"https:\/\/lauska.lv\/en\/about-us\/our-people\/","title":{"rendered":"Our people"},"content":{"rendered":"<h2>Daina Zal\u0101ne<\/h2>\n<hr \/>\n<div>\n<div style=\"max-width: 200px; float: left; text-align: center; padding-right: 40px;\">\n<p><img fetchpriority=\"high\" decoding=\"async\" class=\"wp-image-156 size-full alignnone\" src=\"https:\/\/i0.wp.com\/lauska.lv\/wp-content\/uploads\/2016\/04\/Daina.png?resize=300%2C300\" alt=\"Daina\" width=\"300\" height=\"300\" srcset=\"https:\/\/i0.wp.com\/lauska.lv\/wp-content\/uploads\/2016\/04\/Daina.png?w=300&amp;ssl=1 300w, https:\/\/i0.wp.com\/lauska.lv\/wp-content\/uploads\/2016\/04\/Daina.png?resize=150%2C150&amp;ssl=1 150w\" sizes=\"(max-width: 300px) 100vw, 300px\" data-recalc-dims=\"1\" \/><\/p>\n<p><strong>Phone<\/strong> +371 2915 6686<\/p>\n<p><strong>E-Mail<\/strong> <a href=\"mailto:lauska@lauska.lv\">lauska@lauska.lv<\/a><\/p>\n<\/div>\n<p><strong>KMC &#8220;Lauska&#8221; Head of the Board, Bookkeeping, Project Management<\/strong><\/p>\n<p>Daina Zal\u0101ne (b. Zvidri\u0146a) born in Germany, lived in Bremen and graduated from the Latvian Gymnasium in M\u00fcnster\/Westf. Moved to Latvia in 1994, studied at the Latvian Academy of Culture Intercultural Relations between Latvia and Great Britain. Received an MA in Arts Management at City University in London, U.K. Translates both oral and written Latvian German English.<\/p>\n<p>From 2001 to 2006 worked at the Latvian National Opera in the International Relations and Development department, in 2005 moved to the Production department. Since 2006 worked at the Commercial department of an international construction company. In 2010 founds her own company SIA \u201cJumala\u201d that provides consultancies in project management and bookkeeping for arts and nongovernmental organizations. Sings at the folklore group \u201c<a href=\"http:\/\/lauska.lv\/veikals\/en\/izpilditaji\/saviesi\/\">Savie\u0161i<\/a>\u201d.<\/p>\n<\/div>\n<div style=\"margin: 0 auto; width: 100%; clear: both; height: 20px;\"><\/div>\n<h2>Juris Zal\u0101ns<\/h2>\n<hr \/>\n<div>\n<div style=\"max-width: 200px; float: left; text-align: center; padding-right: 40px;\">\n<p><img decoding=\"async\" class=\"wp-image-157 size-full aligncenter\" src=\"https:\/\/i0.wp.com\/lauska.lv\/wp-content\/uploads\/2016\/04\/Juris.png?resize=300%2C300\" alt=\"Juris\" width=\"300\" height=\"300\" srcset=\"https:\/\/i0.wp.com\/lauska.lv\/wp-content\/uploads\/2016\/04\/Juris.png?w=300&amp;ssl=1 300w, https:\/\/i0.wp.com\/lauska.lv\/wp-content\/uploads\/2016\/04\/Juris.png?resize=150%2C150&amp;ssl=1 150w\" sizes=\"(max-width: 300px) 100vw, 300px\" data-recalc-dims=\"1\" \/><\/p>\n<p><strong>Phone<\/strong> +371 2956 6995<\/p>\n<p><strong>E-Mail<\/strong> <a href=\"mailto:juris@lauska.lv\">juris@lauska.lv<\/a><\/p>\n<p>&nbsp;<\/p>\n<\/div>\n<p><strong>Project management, publishing<\/strong><\/p>\n<p>Studied at the Faculty of History and Philosophy of the Latvian University, graduated in 1995 with a Bachelor&#8217;s degree.<\/p>\n<p>From 1989 to 1990 worked as elementary school teacher in the Latvian village &#8220;Lejas Bul\u0101na&#8221; in Siberia, Russia. Co-founder of the Latvian Anthropologists Association and participant in several oral history projects. Co-founder of a number of NGOs. Long term experience in project writing and music management as well as publishing of music recordings, books, magazines and other printed material. Many years worked as project manager at the publishing company N.I.M.S.<\/p>\n<p>Since 2009 works at the museum and research centre \u201cLatvians Abroad\u201d <a href=\"http:\/\/www.lapamuzejs.lv\" target=\"_blank\" rel=\"noopener noreferrer\">www. lapamuzejs.lv<\/a><\/p>\n<\/div>\n<div style=\"margin: 0 auto; width: 100%; clear: both; height: 20px;\"><\/div>\n<h2>Kaspars B\u0101rbals<\/h2>\n<hr \/>\n<div>\n<div style=\"max-width: 200px; float: left; text-align: center; padding-right: 40px;\">\n<p><img decoding=\"async\" class=\"wp-image-158 size-full aligncenter\" src=\"https:\/\/i0.wp.com\/lauska.lv\/wp-content\/uploads\/2016\/04\/Kaspars.png?resize=300%2C300\" alt=\"Kaspars\" width=\"300\" height=\"300\" srcset=\"https:\/\/i0.wp.com\/lauska.lv\/wp-content\/uploads\/2016\/04\/Kaspars.png?w=300&amp;ssl=1 300w, https:\/\/i0.wp.com\/lauska.lv\/wp-content\/uploads\/2016\/04\/Kaspars.png?resize=150%2C150&amp;ssl=1 150w\" sizes=\"(max-width: 300px) 100vw, 300px\" data-recalc-dims=\"1\" \/><\/p>\n<p><strong>Phone <\/strong>+37128376398<\/p>\n<p><strong>E-Mail<\/strong> <a href=\"mailto:lauska@lauska.lv\">studija@lauska.lv<\/a><\/p>\n<p>&nbsp;<\/p>\n<\/div>\n<p><strong>Sound engineer and head of recording Studio &#8220;Lauska&#8221;<\/strong>.<\/p>\n<p>Creative leader of bagpipes and drums group &#8220;<a href=\"http:\/\/lauska.lv\/veikals\/en\/izpilditaji\/auli\/\">Au\u013ci<\/a>&#8221; participant at pagan metal group &#8220;Skyforger&#8221;. Plays the kokle, flute, but mainly bagpipes. In 2007 he establishes his own recording studio &#8220;Lauska&#8221;, where most of the recordings released by &#8220;Lauskas&#8221; are recorded and produced. Participant in many musical projects.<\/p>\n<\/div>\n","protected":false},"excerpt":{"rendered":"<p>Daina Zal\u0101ne Phone +371 2915 6686 E-Mail lauska@lauska.lv KMC &#8220;Lauska&#8221; Head of the Board, Bookkeeping, Project Management Daina Zal\u0101ne (b. Zvidri\u0146a) born in Germany, lived in Bremen and graduated from the Latvian Gymnasium in M\u00fcnster\/Westf. Moved to Latvia in 1994, studied at the Latvian Academy of Culture Intercultural Relations between Latvia and Great Britain. Received [&hellip;]<\/p>\n","protected":false},"author":1,"featured_media":1806,"parent":2279,"menu_order":0,"comment_status":"closed","ping_status":"closed","template":"page-lauskakmc.php","meta":{"jetpack_post_was_ever_published":false,"footnotes":""},"categories":[],"tags":[],"jetpack_sharing_enabled":true,"_links":{"self":[{"href":"https:\/\/lauska.lv\/en\/wp-json\/wp\/v2\/pages\/2298"}],"collection":[{"href":"https:\/\/lauska.lv\/en\/wp-json\/wp\/v2\/pages"}],"about":[{"href":"https:\/\/lauska.lv\/en\/wp-json\/wp\/v2\/types\/page"}],"author":[{"embeddable":true,"href":"https:\/\/lauska.lv\/en\/wp-json\/wp\/v2\/users\/1"}],"replies":[{"embeddable":true,"href":"https:\/\/lauska.lv\/en\/wp-json\/wp\/v2\/comments?post=2298"}],"version-history":[{"count":0,"href":"https:\/\/lauska.lv\/en\/wp-json\/wp\/v2\/pages\/2298\/revisions"}],"up":[{"embeddable":true,"href":"https:\/\/lauska.lv\/en\/wp-json\/wp\/v2\/pages\/2279"}],"wp:featuredmedia":[{"embeddable":true,"href":"https:\/\/lauska.lv\/en\/wp-json\/wp\/v2\/media\/1806"}],"wp:attachment":[{"href":"https:\/\/lauska.lv\/en\/wp-json\/wp\/v2\/media?parent=2298"}],"wp:term":[{"taxonomy":"category","embeddable":true,"href":"https:\/\/lauska.lv\/en\/wp-json\/wp\/v2\/categories?post=2298"},{"taxonomy":"post_tag","embeddable":true,"href":"https:\/\/lauska.lv\/en\/wp-json\/wp\/v2\/tags?post=2298"}],"curies":[{"name":"wp","href":"https:\/\/api.w.org\/{rel}","templated":true}]}}