{"id":2295,"date":"2016-04-21T14:48:20","date_gmt":"2016-04-21T11:48:20","guid":{"rendered":"http:\/\/lauska.lv\/kaspars-barbals\/"},"modified":"2020-11-20T23:38:08","modified_gmt":"2020-11-20T20:38:08","slug":"kaspars-barbals","status":"publish","type":"page","link":"https:\/\/lauska.lv\/en\/about-us\/our-people\/kaspars-barbals\/","title":{"rendered":"Kaspars B\u0101rbals"},"content":{"rendered":"<hr \/>\n<div>\n<div style=\"max-width: 200px; float: left; text-align: center; padding-right: 40px;\">\n<p><a href=\"https:\/\/i0.wp.com\/lauska.lv\/wp-content\/uploads\/2016\/03\/Lauska_team_Kaspars.jpg\"><img fetchpriority=\"high\" decoding=\"async\" class=\"aligncenter size-full wp-image-647\" src=\"https:\/\/i0.wp.com\/lauska.lv\/wp-content\/uploads\/2016\/03\/Lauska_team_Kaspars.jpg?resize=680%2C680\" alt=\"Kaspars B\u0101rbals \/\/ \u00a9 Jordi NN\" width=\"680\" height=\"680\" srcset=\"https:\/\/i0.wp.com\/lauska.lv\/wp-content\/uploads\/2016\/03\/Lauska_team_Kaspars.jpg?w=1200&amp;ssl=1 1200w, https:\/\/i0.wp.com\/lauska.lv\/wp-content\/uploads\/2016\/03\/Lauska_team_Kaspars.jpg?resize=300%2C300&amp;ssl=1 300w, https:\/\/i0.wp.com\/lauska.lv\/wp-content\/uploads\/2016\/03\/Lauska_team_Kaspars.jpg?resize=1024%2C1024&amp;ssl=1 1024w\" sizes=\"(max-width: 680px) 100vw, 680px\" data-recalc-dims=\"1\" \/><\/a><\/p>\n<p><strong>Phone <\/strong>+37128376398<\/p>\n<p><strong>E-Mail<\/strong> <a href=\"mailto:lauska@lauska.lv\">studija@lauska.lv<\/a><\/p>\n<\/div>\n<p><strong>Sound engineer and head of recording Studio &#8220;Lauska&#8221;<\/strong>.<\/p>\n<p>Creative leader of bagpipes and drums group <a href=\"http:\/\/lauska.lv\/veikals\/en\/izpilditaji\/auli\/\">Au\u013ci<\/a>. Plays the kokle, flute, but mainly bagpipes. In 2007 he establishes his own recording <a href=\"http:\/\/www.lauska.lv\/studija\">Studio Lauska<\/a>, where most of the recordings released by \u201cLauskas\u201d are recorded and produced. Created the soundtrack for the documentary \u201c<a href=\"https:\/\/vimeo.com\/133451296\" target=\"_blank\" rel=\"noopener noreferrer\">Kur\u0161i<\/a>\u201d (The Curonians). Participant in and creator of many musical projects, such as the dance performance \u201c<a href=\"https:\/\/www.youtube.com\/watch?v=Pcq53yidTBI\" target=\"_blank\" rel=\"noopener noreferrer\">No zobena saule l\u0113ca<\/a>\u201d, \u201c<a href=\"https:\/\/www.youtube.com\/watch?v=0qtKH_ttlFk\" target=\"_blank\" rel=\"noopener noreferrer\">Zvaig\u017e\u0146u rakstu kal\u0113ji\u0146i<\/a>\u201d. Creates music for the <a href=\"http:\/\/www.dziesmusvetki.tv\/en\/\" target=\"_blank\" rel=\"noopener noreferrer\">Latvian Nation-wide Song and Dance Celebration<\/a>.<\/p>\n<\/div>\n<div style=\"margin: 0 auto; width: 100%; clear: both; height: 20px;\"><\/div>\n<div style=\"margin: 0 auto; width: 100%;\">\n<div class=\"wpcf7 no-js\" id=\"wpcf7-f2864-o1\" lang=\"\" dir=\"ltr\">\n<div class=\"screen-reader-response\"><p role=\"status\" aria-live=\"polite\" aria-atomic=\"true\"><\/p> <ul><\/ul><\/div>\n<form action=\"\/en\/wp-json\/wp\/v2\/pages\/2295#wpcf7-f2864-o1\" method=\"post\" class=\"wpcf7-form init\" aria-label=\"Contact form\" novalidate=\"novalidate\" data-status=\"init\">\n<div style=\"display: none;\">\n<input type=\"hidden\" name=\"_wpcf7\" value=\"2864\" \/>\n<input type=\"hidden\" name=\"_wpcf7_version\" value=\"5.9.8\" \/>\n<input type=\"hidden\" name=\"_wpcf7_locale\" value=\"\" \/>\n<input type=\"hidden\" name=\"_wpcf7_unit_tag\" value=\"wpcf7-f2864-o1\" \/>\n<input type=\"hidden\" name=\"_wpcf7_container_post\" value=\"0\" \/>\n<input type=\"hidden\" name=\"_wpcf7_posted_data_hash\" value=\"\" \/>\n<\/div>\n<div id=\"formbox\">\n\t<h1>Write Us\n\t<\/h1>\n\t<div id=\"forminputleft\">\n\t\t<p>Name<span style=\"color:red\">*<\/span>\n\t\t<\/p>\n\t<\/div>\n\t<div id=\"forminputright\">\n\t\t<p><span class=\"wpcf7-form-control-wrap\" data-name=\"your-name\"><input size=\"40\" maxlength=\"400\" class=\"wpcf7-form-control wpcf7-text wpcf7-validates-as-required\" aria-required=\"true\" aria-invalid=\"false\" value=\"\" type=\"text\" name=\"your-name\" \/><\/span>\n\t\t<\/p>\n\t<\/div>\n\t<div id=\"formcleardiv\">\n\t\t<p>.\n\t\t<\/p>\n\t<\/div>\n\t<div id=\"forminputleft\">\n\t\t<p>E-mail<span style=\"color:red\">*<\/span>\n\t\t<\/p>\n\t<\/div>\n\t<div id=\"forminputright\">\n\t\t<p><span class=\"wpcf7-form-control-wrap\" data-name=\"your-email\"><input size=\"40\" maxlength=\"400\" class=\"wpcf7-form-control wpcf7-email wpcf7-validates-as-required wpcf7-text wpcf7-validates-as-email\" aria-required=\"true\" aria-invalid=\"false\" value=\"\" type=\"email\" name=\"your-email\" \/><\/span>\n\t\t<\/p>\n\t<\/div>\n\t<div id=\"formcleardiv\">\n\t\t<p>.\n\t\t<\/p>\n\t<\/div>\n\t<div id=\"forminputleft\">\n\t\t<p>About<span style=\"color:red\">*<\/span>\n\t\t<\/p>\n\t<\/div>\n\t<div id=\"forminputright\">\n\t\t<p><span class=\"wpcf7-form-control-wrap\" data-name=\"subject\"><span class=\"wpcf7-form-control wpcf7-radio\"><span class=\"wpcf7-list-item first\"><input type=\"radio\" name=\"subject\" value=\"Lauska\" checked=\"checked\" \/><span class=\"wpcf7-list-item-label\">Lauska<\/span><\/span><span class=\"wpcf7-list-item\"><input type=\"radio\" name=\"subject\" value=\"Veikals\" \/><span class=\"wpcf7-list-item-label\">Veikals<\/span><\/span><span class=\"wpcf7-list-item\"><input type=\"radio\" name=\"subject\" value=\"Studija\" \/><span class=\"wpcf7-list-item-label\">Studija<\/span><\/span><span class=\"wpcf7-list-item last\"><input type=\"radio\" name=\"subject\" value=\"Website\" \/><span class=\"wpcf7-list-item-label\">Website<\/span><\/span><\/span><\/span>\n\t\t<\/p>\n\t<\/div>\n\t<div id=\"formcleardiv\">\n\t\t<p>.\n\t\t<\/p>\n\t<\/div>\n\t<div id=\"forminputleft\">\n\t\t<p>Subject<span style=\"color:red\">*<\/span>\n\t\t<\/p>\n\t<\/div>\n\t<div id=\"forminputright\">\n\t\t<p><span class=\"wpcf7-form-control-wrap\" data-name=\"your-subject\"><input size=\"40\" maxlength=\"400\" class=\"wpcf7-form-control wpcf7-text wpcf7-validates-as-required\" aria-required=\"true\" aria-invalid=\"false\" value=\"\" type=\"text\" name=\"your-subject\" \/><\/span>\n\t\t<\/p>\n\t<\/div>\n\t<div id=\"formcleardiv\">\n\t\t<p>.\n\t\t<\/p>\n\t<\/div>\n\t<div id=\"forminputleft\">\n\t\t<p>Message<span style=\"color:red\">*<\/span>\n\t\t<\/p>\n\t<\/div>\n\t<div id=\"forminputright\" style=\"height:12em\">\n\t\t<p><span class=\"wpcf7-form-control-wrap\" data-name=\"your-message\"><textarea cols=\"40\" rows=\"10\" maxlength=\"2000\" class=\"wpcf7-form-control wpcf7-textarea wpcf7-validates-as-required\" aria-required=\"true\" aria-invalid=\"false\" name=\"your-message\"><\/textarea><\/span>\n\t\t<\/p>\n\t\t<div style=\"width:100%;text-align:right;\">\n\t\t\t<p><input class=\"wpcf7-form-control wpcf7-submit has-spinner\" type=\"submit\" value=\"Send\" \/>\n\t\t\t<\/p>\n\t\t<\/div>\n\t<\/div>\n\t<div id=\"formcleardiv\">\n\t\t<p>.\n\t\t<\/p>\n\t<\/div>\n<\/div><p style=\"display: none !important;\" class=\"akismet-fields-container\" data-prefix=\"_wpcf7_ak_\"><label>&#916;<textarea name=\"_wpcf7_ak_hp_textarea\" cols=\"45\" rows=\"8\" maxlength=\"100\"><\/textarea><\/label><input type=\"hidden\" id=\"ak_js_1\" name=\"_wpcf7_ak_js\" value=\"68\"\/><script>document.getElementById( \"ak_js_1\" ).setAttribute( \"value\", ( new Date() ).getTime() );<\/script><\/p><div class=\"wpcf7-response-output\" aria-hidden=\"true\"><\/div>\n<\/form>\n<\/div>\n<\/div>\n","protected":false},"excerpt":{"rendered":"<p>Phone +37128376398 E-Mail studija@lauska.lv Sound engineer and head of recording Studio &#8220;Lauska&#8221;. Creative leader of bagpipes and drums group Au\u013ci. Plays the kokle, flute, but mainly bagpipes. In 2007 he establishes his own recording Studio Lauska, where most of the recordings released by \u201cLauskas\u201d are recorded and produced. Created the soundtrack for the documentary \u201cKur\u0161i\u201d [&hellip;]<\/p>\n","protected":false},"author":1,"featured_media":1844,"parent":2298,"menu_order":0,"comment_status":"closed","ping_status":"closed","template":"page.php","meta":{"jetpack_post_was_ever_published":false,"footnotes":""},"categories":[],"tags":[],"jetpack_sharing_enabled":true,"_links":{"self":[{"href":"https:\/\/lauska.lv\/en\/wp-json\/wp\/v2\/pages\/2295"}],"collection":[{"href":"https:\/\/lauska.lv\/en\/wp-json\/wp\/v2\/pages"}],"about":[{"href":"https:\/\/lauska.lv\/en\/wp-json\/wp\/v2\/types\/page"}],"author":[{"embeddable":true,"href":"https:\/\/lauska.lv\/en\/wp-json\/wp\/v2\/users\/1"}],"replies":[{"embeddable":true,"href":"https:\/\/lauska.lv\/en\/wp-json\/wp\/v2\/comments?post=2295"}],"version-history":[{"count":1,"href":"https:\/\/lauska.lv\/en\/wp-json\/wp\/v2\/pages\/2295\/revisions"}],"predecessor-version":[{"id":2871,"href":"https:\/\/lauska.lv\/en\/wp-json\/wp\/v2\/pages\/2295\/revisions\/2871"}],"up":[{"embeddable":true,"href":"https:\/\/lauska.lv\/en\/wp-json\/wp\/v2\/pages\/2298"}],"wp:featuredmedia":[{"embeddable":true,"href":"https:\/\/lauska.lv\/en\/wp-json\/wp\/v2\/media\/1844"}],"wp:attachment":[{"href":"https:\/\/lauska.lv\/en\/wp-json\/wp\/v2\/media?parent=2295"}],"wp:term":[{"taxonomy":"category","embeddable":true,"href":"https:\/\/lauska.lv\/en\/wp-json\/wp\/v2\/categories?post=2295"},{"taxonomy":"post_tag","embeddable":true,"href":"https:\/\/lauska.lv\/en\/wp-json\/wp\/v2\/tags?post=2295"}],"curies":[{"name":"wp","href":"https:\/\/api.w.org\/{rel}","templated":true}]}}