{"id":2289,"date":"2016-04-21T13:52:49","date_gmt":"2016-04-21T10:52:49","guid":{"rendered":"http:\/\/lauska.lv\/daina-zalane\/"},"modified":"2021-01-19T13:31:08","modified_gmt":"2021-01-19T10:31:08","slug":"daina-zalane","status":"publish","type":"page","link":"https:\/\/lauska.lv\/en\/about-us\/our-people\/daina-zalane\/","title":{"rendered":"Daina Zal\u0101ne"},"content":{"rendered":"<hr \/>\n<div>\n<div style=\"max-width: 200px; float: left; text-align: center; padding-right: 40px;\">\n<p><a href=\"https:\/\/i0.wp.com\/lauska.lv\/wp-content\/uploads\/2016\/03\/Lauska_team_Daina.jpg\"><img fetchpriority=\"high\" decoding=\"async\" class=\"aligncenter size-full wp-image-643\" src=\"https:\/\/i0.wp.com\/lauska.lv\/wp-content\/uploads\/2016\/03\/Lauska_team_Daina.jpg?resize=680%2C680\" alt=\"Daina Zal\u0101ne \/\/ \u00a9 Jordi NN\" width=\"680\" height=\"680\" srcset=\"https:\/\/i0.wp.com\/lauska.lv\/wp-content\/uploads\/2016\/03\/Lauska_team_Daina.jpg?w=1200&amp;ssl=1 1200w, https:\/\/i0.wp.com\/lauska.lv\/wp-content\/uploads\/2016\/03\/Lauska_team_Daina.jpg?resize=300%2C300&amp;ssl=1 300w, https:\/\/i0.wp.com\/lauska.lv\/wp-content\/uploads\/2016\/03\/Lauska_team_Daina.jpg?resize=1024%2C1024&amp;ssl=1 1024w\" sizes=\"(max-width: 680px) 100vw, 680px\" data-recalc-dims=\"1\" \/><\/a><\/p>\n<p><strong>Phone<\/strong> +371 2915 6686<\/p>\n<p><strong>E-Mail<\/strong> <a href=\"mailto:daina@lauska.lv\">daina@lauska.lv<\/a><\/p>\n<\/div>\n<p><strong>KMC &#8220;Lauska&#8221; Head of the Board, Bookkeeping, Project Management<\/strong><\/p>\n<p>Daina Zal\u0101ne (b. Zvidri\u0146a) born in Germany, lived in Bremen and graduated from the Latvian Gymnasium in M\u00fcnster\/Westf. Moved to Latvia in 1994, studied at the Latvian Academy of Culture Intercultural Relations between Latvia and Great Britain. Received an MA in Arts Management at City University in London, U.K. Translates both oral and written Latvian German English.<\/p>\n<p>From 2001 to 2006 worked at the Latvian National Opera in the International Relations and Development department, in 2005 moved to the Production department. Since 2006 worked at the Commercial department of an international construction company. Since 2010 she provides consultancies in project management and bookkeeping for arts and non-governmental organizations. Used to sing at the folklore group \u201c<a href=\"http:\/\/lauska.lv\/veikals\/en\/izpilditaji\/saviesi\/\">Savie\u0161i<\/a>\u201d. Learned to become a sauna master and is a certified Bowen practitioner.<\/p>\n<\/div>\n<div style=\"margin: 0 auto; width: 100%; clear: both; height: 20px;\"><\/div>\n<div style=\"margin: 0 auto; width: 100%;\">\n<div class=\"wpcf7 no-js\" id=\"wpcf7-f2864-o1\" lang=\"\" dir=\"ltr\">\n<div class=\"screen-reader-response\"><p role=\"status\" aria-live=\"polite\" aria-atomic=\"true\"><\/p> <ul><\/ul><\/div>\n<form action=\"\/en\/wp-json\/wp\/v2\/pages\/2289#wpcf7-f2864-o1\" method=\"post\" class=\"wpcf7-form init\" aria-label=\"Contact form\" novalidate=\"novalidate\" data-status=\"init\">\n<div style=\"display: none;\">\n<input type=\"hidden\" name=\"_wpcf7\" value=\"2864\" \/>\n<input type=\"hidden\" name=\"_wpcf7_version\" value=\"5.9.8\" \/>\n<input type=\"hidden\" name=\"_wpcf7_locale\" value=\"\" \/>\n<input type=\"hidden\" name=\"_wpcf7_unit_tag\" value=\"wpcf7-f2864-o1\" \/>\n<input type=\"hidden\" name=\"_wpcf7_container_post\" value=\"0\" \/>\n<input type=\"hidden\" name=\"_wpcf7_posted_data_hash\" value=\"\" \/>\n<\/div>\n<div id=\"formbox\">\n\t<h1>Write Us\n\t<\/h1>\n\t<div id=\"forminputleft\">\n\t\t<p>Name<span style=\"color:red\">*<\/span>\n\t\t<\/p>\n\t<\/div>\n\t<div id=\"forminputright\">\n\t\t<p><span class=\"wpcf7-form-control-wrap\" data-name=\"your-name\"><input size=\"40\" maxlength=\"400\" class=\"wpcf7-form-control wpcf7-text wpcf7-validates-as-required\" aria-required=\"true\" aria-invalid=\"false\" value=\"\" type=\"text\" name=\"your-name\" \/><\/span>\n\t\t<\/p>\n\t<\/div>\n\t<div id=\"formcleardiv\">\n\t\t<p>.\n\t\t<\/p>\n\t<\/div>\n\t<div id=\"forminputleft\">\n\t\t<p>E-mail<span style=\"color:red\">*<\/span>\n\t\t<\/p>\n\t<\/div>\n\t<div id=\"forminputright\">\n\t\t<p><span class=\"wpcf7-form-control-wrap\" data-name=\"your-email\"><input size=\"40\" maxlength=\"400\" class=\"wpcf7-form-control wpcf7-email wpcf7-validates-as-required wpcf7-text wpcf7-validates-as-email\" aria-required=\"true\" aria-invalid=\"false\" value=\"\" type=\"email\" name=\"your-email\" \/><\/span>\n\t\t<\/p>\n\t<\/div>\n\t<div id=\"formcleardiv\">\n\t\t<p>.\n\t\t<\/p>\n\t<\/div>\n\t<div id=\"forminputleft\">\n\t\t<p>About<span style=\"color:red\">*<\/span>\n\t\t<\/p>\n\t<\/div>\n\t<div id=\"forminputright\">\n\t\t<p><span class=\"wpcf7-form-control-wrap\" data-name=\"subject\"><span class=\"wpcf7-form-control wpcf7-radio\"><span class=\"wpcf7-list-item first\"><input type=\"radio\" name=\"subject\" value=\"Lauska\" checked=\"checked\" \/><span class=\"wpcf7-list-item-label\">Lauska<\/span><\/span><span class=\"wpcf7-list-item\"><input type=\"radio\" name=\"subject\" value=\"Veikals\" \/><span class=\"wpcf7-list-item-label\">Veikals<\/span><\/span><span class=\"wpcf7-list-item\"><input type=\"radio\" name=\"subject\" value=\"Studija\" \/><span class=\"wpcf7-list-item-label\">Studija<\/span><\/span><span class=\"wpcf7-list-item last\"><input type=\"radio\" name=\"subject\" value=\"Website\" \/><span class=\"wpcf7-list-item-label\">Website<\/span><\/span><\/span><\/span>\n\t\t<\/p>\n\t<\/div>\n\t<div id=\"formcleardiv\">\n\t\t<p>.\n\t\t<\/p>\n\t<\/div>\n\t<div id=\"forminputleft\">\n\t\t<p>Subject<span style=\"color:red\">*<\/span>\n\t\t<\/p>\n\t<\/div>\n\t<div id=\"forminputright\">\n\t\t<p><span class=\"wpcf7-form-control-wrap\" data-name=\"your-subject\"><input size=\"40\" maxlength=\"400\" class=\"wpcf7-form-control wpcf7-text wpcf7-validates-as-required\" aria-required=\"true\" aria-invalid=\"false\" value=\"\" type=\"text\" name=\"your-subject\" \/><\/span>\n\t\t<\/p>\n\t<\/div>\n\t<div id=\"formcleardiv\">\n\t\t<p>.\n\t\t<\/p>\n\t<\/div>\n\t<div id=\"forminputleft\">\n\t\t<p>Message<span style=\"color:red\">*<\/span>\n\t\t<\/p>\n\t<\/div>\n\t<div id=\"forminputright\" style=\"height:12em\">\n\t\t<p><span class=\"wpcf7-form-control-wrap\" data-name=\"your-message\"><textarea cols=\"40\" rows=\"10\" maxlength=\"2000\" class=\"wpcf7-form-control wpcf7-textarea wpcf7-validates-as-required\" aria-required=\"true\" aria-invalid=\"false\" name=\"your-message\"><\/textarea><\/span>\n\t\t<\/p>\n\t\t<div style=\"width:100%;text-align:right;\">\n\t\t\t<p><input class=\"wpcf7-form-control wpcf7-submit has-spinner\" type=\"submit\" value=\"Send\" \/>\n\t\t\t<\/p>\n\t\t<\/div>\n\t<\/div>\n\t<div id=\"formcleardiv\">\n\t\t<p>.\n\t\t<\/p>\n\t<\/div>\n<\/div><p style=\"display: none !important;\" class=\"akismet-fields-container\" data-prefix=\"_wpcf7_ak_\"><label>&#916;<textarea name=\"_wpcf7_ak_hp_textarea\" cols=\"45\" rows=\"8\" maxlength=\"100\"><\/textarea><\/label><input type=\"hidden\" id=\"ak_js_1\" name=\"_wpcf7_ak_js\" value=\"133\"\/><script>document.getElementById( \"ak_js_1\" ).setAttribute( \"value\", ( new Date() ).getTime() );<\/script><\/p><div class=\"wpcf7-response-output\" aria-hidden=\"true\"><\/div>\n<\/form>\n<\/div>\n<\/div>\n","protected":false},"excerpt":{"rendered":"<p>Phone +371 2915 6686 E-Mail daina@lauska.lv KMC &#8220;Lauska&#8221; Head of the Board, Bookkeeping, Project Management Daina Zal\u0101ne (b. Zvidri\u0146a) born in Germany, lived in Bremen and graduated from the Latvian Gymnasium in M\u00fcnster\/Westf. Moved to Latvia in 1994, studied at the Latvian Academy of Culture Intercultural Relations between Latvia and Great Britain. Received an MA [&hellip;]<\/p>\n","protected":false},"author":1,"featured_media":1840,"parent":2298,"menu_order":0,"comment_status":"closed","ping_status":"closed","template":"page.php","meta":{"jetpack_post_was_ever_published":false,"footnotes":""},"categories":[],"tags":[],"jetpack_sharing_enabled":true,"_links":{"self":[{"href":"https:\/\/lauska.lv\/en\/wp-json\/wp\/v2\/pages\/2289"}],"collection":[{"href":"https:\/\/lauska.lv\/en\/wp-json\/wp\/v2\/pages"}],"about":[{"href":"https:\/\/lauska.lv\/en\/wp-json\/wp\/v2\/types\/page"}],"author":[{"embeddable":true,"href":"https:\/\/lauska.lv\/en\/wp-json\/wp\/v2\/users\/1"}],"replies":[{"embeddable":true,"href":"https:\/\/lauska.lv\/en\/wp-json\/wp\/v2\/comments?post=2289"}],"version-history":[{"count":2,"href":"https:\/\/lauska.lv\/en\/wp-json\/wp\/v2\/pages\/2289\/revisions"}],"predecessor-version":[{"id":2890,"href":"https:\/\/lauska.lv\/en\/wp-json\/wp\/v2\/pages\/2289\/revisions\/2890"}],"up":[{"embeddable":true,"href":"https:\/\/lauska.lv\/en\/wp-json\/wp\/v2\/pages\/2298"}],"wp:featuredmedia":[{"embeddable":true,"href":"https:\/\/lauska.lv\/en\/wp-json\/wp\/v2\/media\/1840"}],"wp:attachment":[{"href":"https:\/\/lauska.lv\/en\/wp-json\/wp\/v2\/media?parent=2289"}],"wp:term":[{"taxonomy":"category","embeddable":true,"href":"https:\/\/lauska.lv\/en\/wp-json\/wp\/v2\/categories?post=2289"},{"taxonomy":"post_tag","embeddable":true,"href":"https:\/\/lauska.lv\/en\/wp-json\/wp\/v2\/tags?post=2289"}],"curies":[{"name":"wp","href":"https:\/\/api.w.org\/{rel}","templated":true}]}}